{"id":2713,"date":"2026-03-27T08:04:57","date_gmt":"2026-03-27T08:04:57","guid":{"rendered":"https:\/\/ldstudio.si\/?post_type=product&#038;p=2713"},"modified":"2026-03-27T11:37:43","modified_gmt":"2026-03-27T11:37:43","slug":"personalizirana-oznanitvena-tablica-moja-prva-velika-noc-s-korencki","status":"publish","type":"product","link":"https:\/\/ldstudio.si\/index.php\/product\/personalizirana-oznanitvena-tablica-moja-prva-velika-noc-s-korencki\/","title":{"rendered":"Personalizirana oznanitvena tablica &#8220;Moja prva Velika no\u010d&#8221; s koren\u010dki"},"content":{"rendered":"<p data-path-to-node=\"9\"><strong>Ujemite najlep\u0161e spomine s prikupno oznanitveno tablico &#8220;Koren\u010dki&#8221;!<\/strong><\/p>\n<p data-path-to-node=\"10\">Prva Velika no\u010d je mejnik, ki si zaslu\u017ei posebno pozornost. Na\u0161a ro\u010dno dodelana oznanitvena tablica s premerom 15 cm je zasnovana tako, da na fotografijah va\u0161ega dojen\u010dka pri\u010dara pravo pomladno pravljico.<\/p>\n<p data-path-to-node=\"11\"><strong>Kaj dela to tablico posebno?<br \/>\n<\/strong>&#8211; Vesel motiv koren\u010dkov: Osrednji del tablice krasijo barviti, ro\u010dno narisani in natisnjeni koren\u010dki, ki v kombinaciji z lesom ustvarijo igriv, a eleganten videz.<br \/>\n&#8211; Personalizacija letnice: Napis &#8220;MOJA PRVA Velika no\u010d&#8221; dopolnimo z letnico (npr. 2026), da bo spomin na ta prvi praznik ostal ve\u010den.<br \/>\n&#8211; Detajli, ki \u0161tejejo: Tablica ima unikaten valovit rob in je okra\u0161ena z mehko belo pentljo iz naravnega materiala, ki doda piko na i celotnemu dizajnu.<br \/>\n&#8211; Vrhunski materiali: Izdelana iz svetle topolove vezane plo\u0161\u010de in pleksi stekla, ki zagotavlja naraven videz in dolgo obstojnost.<\/p>\n<p data-path-to-node=\"13\"><strong>Ideja za uporabo:<\/strong> Tablico postavite ob dojen\u010dka v njegovi velikono\u010dni ko\u0161arici ali ob prazni\u010dnem pogrinjku. Je idealen rekvizit za ustvarjanje nepozabnih fotografij za dru\u017einski album, babice in dedke ali objavo na dru\u017ebenih omre\u017ejih.<\/p>\n<p data-path-to-node=\"14\"><b data-path-to-node=\"7\" data-index-in-node=\"0\">Podrobnosti izdelka:<\/b><br \/>\n\u2013 Materiali: Lesena vezana plo\u0161\u010da topol in barvno pleksi steklo.<br \/>\n\u2013 Velikost: 15 cm.<br \/>\n&#8211; UV tisk (besedilo in koren\u010dki)<br \/>\n&#8211; Pentlja je prav prikupen dodatek, ki da tisto piko na i.<\/p>\n<hr data-path-to-node=\"12\" \/>\n<blockquote data-path-to-node=\"13\">\n<p data-path-to-node=\"13,0\"><strong>Navodilo za naro\u010dilo:<\/strong> V okence \u201cLetnica\u201d vpi\u0161ite \u017eeleno besedilo, v spustnem meniju pa izberite svojo najljub\u0161o barvo ozadja in barvo lesa (okvirja).<\/p>\n<hr \/>\n<p data-path-to-node=\"13,0\">Preverite \u0161e ostalo ponudbo unikatnih lesenih dekoracij v kategoriji\u00a0<em><a href=\"https:\/\/ldstudio.si\/index.php\/product-category\/prazniki\/velika-noc\/\">Velika no\u010d.<\/a><\/em><\/p>\n<\/blockquote>\n","protected":false},"excerpt":{"rendered":"<p>Ujemite najlep\u0161e spomine s prikupno oznanitveno tablico &#8220;Koren\u010dki&#8221;! Prva Velika no\u010d je mejnik, ki si zaslu\u017ei posebno pozornost. Na\u0161a ro\u010dno dodelana oznanitvena tablica s premerom 15 cm je zasnovana tako, da na fotografijah va\u0161ega dojen\u010dka pri\u010dara pravo pomladno pravljico. Kaj dela to tablico posebno? &#8211; Vesel motiv koren\u010dkov: Osrednji del tablice krasijo barviti, ro\u010dno narisani [&hellip;]<\/p>\n","protected":false},"featured_media":2711,"comment_status":"open","ping_status":"closed","template":"","meta":[],"product_brand":[],"product_cat":[54,58,49,51],"product_tag":[],"class_list":{"0":"post-2713","1":"product","2":"type-product","3":"status-publish","4":"has-post-thumbnail","6":"product_cat-otroski-koticek","7":"product_cat-oznanitvene-tablice","8":"product_cat-prazniki","9":"product_cat-velika-noc","10":"wcpa_has_options","12":"first","13":"instock","14":"shipping-taxable","15":"purchasable","16":"product-type-simple"},"yoast_head":"<!-- This site is optimized with the Yoast SEO plugin v25.0 - https:\/\/yoast.com\/wordpress\/plugins\/seo\/ -->\n<title>Personalizirana oznanitvena tablica &quot;Moja prva Velika no\u010d&quot; s koren\u010dki - LD studio<\/title>\n<meta name=\"description\" content=\"Personalizirana lesena oznanitvena tablica &quot;Moja prva Velika no\u010d&quot; z motivom koren\u010dkov. Premer 15 cm, unikatno darilo in popoln pripomo\u010dek za fotografiranje dojen\u010dkov.\" \/>\n<meta name=\"robots\" content=\"index, follow, max-snippet:-1, max-image-preview:large, max-video-preview:-1\" \/>\n<link rel=\"canonical\" href=\"https:\/\/ldstudio.si\/index.php\/product\/personalizirana-oznanitvena-tablica-moja-prva-velika-noc-s-korencki\/\" \/>\n<meta property=\"og:locale\" content=\"sl_SI\" \/>\n<meta property=\"og:type\" content=\"article\" \/>\n<meta property=\"og:title\" content=\"Personalizirana oznanitvena tablica &quot;Moja prva Velika no\u010d&quot; s koren\u010dki - LD studio\" \/>\n<meta property=\"og:description\" content=\"Personalizirana lesena oznanitvena tablica &quot;Moja prva Velika no\u010d&quot; z motivom koren\u010dkov. Premer 15 cm, unikatno darilo in popoln pripomo\u010dek za fotografiranje dojen\u010dkov.\" \/>\n<meta property=\"og:url\" content=\"https:\/\/ldstudio.si\/index.php\/product\/personalizirana-oznanitvena-tablica-moja-prva-velika-noc-s-korencki\/\" \/>\n<meta property=\"og:site_name\" content=\"LD studio\" \/>\n<meta property=\"article:modified_time\" content=\"2026-03-27T11:37:43+00:00\" \/>\n<meta property=\"og:image\" content=\"https:\/\/ldstudio.si\/wp-content\/uploads\/2026\/03\/1774555768107.jpg\" \/>\n\t<meta property=\"og:image:width\" content=\"848\" \/>\n\t<meta property=\"og:image:height\" content=\"1124\" \/>\n\t<meta property=\"og:image:type\" content=\"image\/jpeg\" \/>\n<meta name=\"twitter:card\" content=\"summary_large_image\" \/>\n<meta name=\"twitter:label1\" content=\"Est. reading time\" \/>\n\t<meta name=\"twitter:data1\" content=\"2 minuti\" \/>\n<script type=\"application\/ld+json\" class=\"yoast-schema-graph\">{\"@context\":\"https:\/\/schema.org\",\"@graph\":[{\"@type\":\"WebPage\",\"@id\":\"https:\/\/ldstudio.si\/index.php\/product\/personalizirana-oznanitvena-tablica-moja-prva-velika-noc-s-korencki\/\",\"url\":\"https:\/\/ldstudio.si\/index.php\/product\/personalizirana-oznanitvena-tablica-moja-prva-velika-noc-s-korencki\/\",\"name\":\"Personalizirana oznanitvena tablica \\\"Moja prva Velika no\u010d\\\" s koren\u010dki - LD studio\",\"isPartOf\":{\"@id\":\"https:\/\/ldstudio.si\/#website\"},\"primaryImageOfPage\":{\"@id\":\"https:\/\/ldstudio.si\/index.php\/product\/personalizirana-oznanitvena-tablica-moja-prva-velika-noc-s-korencki\/#primaryimage\"},\"image\":{\"@id\":\"https:\/\/ldstudio.si\/index.php\/product\/personalizirana-oznanitvena-tablica-moja-prva-velika-noc-s-korencki\/#primaryimage\"},\"thumbnailUrl\":\"https:\/\/ldstudio.si\/wp-content\/uploads\/2026\/03\/1774555768107.jpg\",\"datePublished\":\"2026-03-27T08:04:57+00:00\",\"dateModified\":\"2026-03-27T11:37:43+00:00\",\"description\":\"Personalizirana lesena oznanitvena tablica \\\"Moja prva Velika no\u010d\\\" z motivom koren\u010dkov. Premer 15 cm, unikatno darilo in popoln pripomo\u010dek za fotografiranje dojen\u010dkov.\",\"breadcrumb\":{\"@id\":\"https:\/\/ldstudio.si\/index.php\/product\/personalizirana-oznanitvena-tablica-moja-prva-velika-noc-s-korencki\/#breadcrumb\"},\"inLanguage\":\"sl-SI\",\"potentialAction\":[{\"@type\":\"ReadAction\",\"target\":[\"https:\/\/ldstudio.si\/index.php\/product\/personalizirana-oznanitvena-tablica-moja-prva-velika-noc-s-korencki\/\"]}]},{\"@type\":\"ImageObject\",\"inLanguage\":\"sl-SI\",\"@id\":\"https:\/\/ldstudio.si\/index.php\/product\/personalizirana-oznanitvena-tablica-moja-prva-velika-noc-s-korencki\/#primaryimage\",\"url\":\"https:\/\/ldstudio.si\/wp-content\/uploads\/2026\/03\/1774555768107.jpg\",\"contentUrl\":\"https:\/\/ldstudio.si\/wp-content\/uploads\/2026\/03\/1774555768107.jpg\",\"width\":848,\"height\":1124,\"caption\":\"Prikupna tablica s koren\u010dki za prvo Veliko no\u010d.\"},{\"@type\":\"BreadcrumbList\",\"@id\":\"https:\/\/ldstudio.si\/index.php\/product\/personalizirana-oznanitvena-tablica-moja-prva-velika-noc-s-korencki\/#breadcrumb\",\"itemListElement\":[{\"@type\":\"ListItem\",\"position\":1,\"name\":\"Home\",\"item\":\"https:\/\/ldstudio.si\/\"},{\"@type\":\"ListItem\",\"position\":2,\"name\":\"Trgovina\",\"item\":\"https:\/\/ldstudio.si\/index.php\/trgovina\/\"},{\"@type\":\"ListItem\",\"position\":3,\"name\":\"Personalizirana oznanitvena tablica &#8220;Moja prva Velika no\u010d&#8221; s koren\u010dki\"}]},{\"@type\":\"WebSite\",\"@id\":\"https:\/\/ldstudio.si\/#website\",\"url\":\"https:\/\/ldstudio.si\/\",\"name\":\"LD studio\",\"description\":\"\",\"publisher\":{\"@id\":\"https:\/\/ldstudio.si\/#organization\"},\"potentialAction\":[{\"@type\":\"SearchAction\",\"target\":{\"@type\":\"EntryPoint\",\"urlTemplate\":\"https:\/\/ldstudio.si\/?s={search_term_string}\"},\"query-input\":{\"@type\":\"PropertyValueSpecification\",\"valueRequired\":true,\"valueName\":\"search_term_string\"}}],\"inLanguage\":\"sl-SI\"},{\"@type\":\"Organization\",\"@id\":\"https:\/\/ldstudio.si\/#organization\",\"name\":\"LD studio\",\"url\":\"https:\/\/ldstudio.si\/\",\"logo\":{\"@type\":\"ImageObject\",\"inLanguage\":\"sl-SI\",\"@id\":\"https:\/\/ldstudio.si\/#\/schema\/logo\/image\/\",\"url\":\"https:\/\/ldstudio.si\/wp-content\/uploads\/2024\/11\/Artboard-1@2x.png\",\"contentUrl\":\"https:\/\/ldstudio.si\/wp-content\/uploads\/2024\/11\/Artboard-1@2x.png\",\"width\":543,\"height\":602,\"caption\":\"LD studio\"},\"image\":{\"@id\":\"https:\/\/ldstudio.si\/#\/schema\/logo\/image\/\"}}]}<\/script>\n<!-- \/ Yoast SEO plugin. -->","yoast_head_json":{"title":"Personalizirana oznanitvena tablica \"Moja prva Velika no\u010d\" s koren\u010dki - LD studio","description":"Personalizirana lesena oznanitvena tablica \"Moja prva Velika no\u010d\" z motivom koren\u010dkov. Premer 15 cm, unikatno darilo in popoln pripomo\u010dek za fotografiranje dojen\u010dkov.","robots":{"index":"index","follow":"follow","max-snippet":"max-snippet:-1","max-image-preview":"max-image-preview:large","max-video-preview":"max-video-preview:-1"},"canonical":"https:\/\/ldstudio.si\/index.php\/product\/personalizirana-oznanitvena-tablica-moja-prva-velika-noc-s-korencki\/","og_locale":"sl_SI","og_type":"article","og_title":"Personalizirana oznanitvena tablica \"Moja prva Velika no\u010d\" s koren\u010dki - LD studio","og_description":"Personalizirana lesena oznanitvena tablica \"Moja prva Velika no\u010d\" z motivom koren\u010dkov. Premer 15 cm, unikatno darilo in popoln pripomo\u010dek za fotografiranje dojen\u010dkov.","og_url":"https:\/\/ldstudio.si\/index.php\/product\/personalizirana-oznanitvena-tablica-moja-prva-velika-noc-s-korencki\/","og_site_name":"LD studio","article_modified_time":"2026-03-27T11:37:43+00:00","og_image":[{"width":848,"height":1124,"url":"https:\/\/ldstudio.si\/wp-content\/uploads\/2026\/03\/1774555768107.jpg","type":"image\/jpeg"}],"twitter_card":"summary_large_image","twitter_misc":{"Est. reading time":"2 minuti"},"schema":{"@context":"https:\/\/schema.org","@graph":[{"@type":"WebPage","@id":"https:\/\/ldstudio.si\/index.php\/product\/personalizirana-oznanitvena-tablica-moja-prva-velika-noc-s-korencki\/","url":"https:\/\/ldstudio.si\/index.php\/product\/personalizirana-oznanitvena-tablica-moja-prva-velika-noc-s-korencki\/","name":"Personalizirana oznanitvena tablica \"Moja prva Velika no\u010d\" s koren\u010dki - LD studio","isPartOf":{"@id":"https:\/\/ldstudio.si\/#website"},"primaryImageOfPage":{"@id":"https:\/\/ldstudio.si\/index.php\/product\/personalizirana-oznanitvena-tablica-moja-prva-velika-noc-s-korencki\/#primaryimage"},"image":{"@id":"https:\/\/ldstudio.si\/index.php\/product\/personalizirana-oznanitvena-tablica-moja-prva-velika-noc-s-korencki\/#primaryimage"},"thumbnailUrl":"https:\/\/ldstudio.si\/wp-content\/uploads\/2026\/03\/1774555768107.jpg","datePublished":"2026-03-27T08:04:57+00:00","dateModified":"2026-03-27T11:37:43+00:00","description":"Personalizirana lesena oznanitvena tablica \"Moja prva Velika no\u010d\" z motivom koren\u010dkov. Premer 15 cm, unikatno darilo in popoln pripomo\u010dek za fotografiranje dojen\u010dkov.","breadcrumb":{"@id":"https:\/\/ldstudio.si\/index.php\/product\/personalizirana-oznanitvena-tablica-moja-prva-velika-noc-s-korencki\/#breadcrumb"},"inLanguage":"sl-SI","potentialAction":[{"@type":"ReadAction","target":["https:\/\/ldstudio.si\/index.php\/product\/personalizirana-oznanitvena-tablica-moja-prva-velika-noc-s-korencki\/"]}]},{"@type":"ImageObject","inLanguage":"sl-SI","@id":"https:\/\/ldstudio.si\/index.php\/product\/personalizirana-oznanitvena-tablica-moja-prva-velika-noc-s-korencki\/#primaryimage","url":"https:\/\/ldstudio.si\/wp-content\/uploads\/2026\/03\/1774555768107.jpg","contentUrl":"https:\/\/ldstudio.si\/wp-content\/uploads\/2026\/03\/1774555768107.jpg","width":848,"height":1124,"caption":"Prikupna tablica s koren\u010dki za prvo Veliko no\u010d."},{"@type":"BreadcrumbList","@id":"https:\/\/ldstudio.si\/index.php\/product\/personalizirana-oznanitvena-tablica-moja-prva-velika-noc-s-korencki\/#breadcrumb","itemListElement":[{"@type":"ListItem","position":1,"name":"Home","item":"https:\/\/ldstudio.si\/"},{"@type":"ListItem","position":2,"name":"Trgovina","item":"https:\/\/ldstudio.si\/index.php\/trgovina\/"},{"@type":"ListItem","position":3,"name":"Personalizirana oznanitvena tablica &#8220;Moja prva Velika no\u010d&#8221; s koren\u010dki"}]},{"@type":"WebSite","@id":"https:\/\/ldstudio.si\/#website","url":"https:\/\/ldstudio.si\/","name":"LD studio","description":"","publisher":{"@id":"https:\/\/ldstudio.si\/#organization"},"potentialAction":[{"@type":"SearchAction","target":{"@type":"EntryPoint","urlTemplate":"https:\/\/ldstudio.si\/?s={search_term_string}"},"query-input":{"@type":"PropertyValueSpecification","valueRequired":true,"valueName":"search_term_string"}}],"inLanguage":"sl-SI"},{"@type":"Organization","@id":"https:\/\/ldstudio.si\/#organization","name":"LD studio","url":"https:\/\/ldstudio.si\/","logo":{"@type":"ImageObject","inLanguage":"sl-SI","@id":"https:\/\/ldstudio.si\/#\/schema\/logo\/image\/","url":"https:\/\/ldstudio.si\/wp-content\/uploads\/2024\/11\/Artboard-1@2x.png","contentUrl":"https:\/\/ldstudio.si\/wp-content\/uploads\/2024\/11\/Artboard-1@2x.png","width":543,"height":602,"caption":"LD studio"},"image":{"@id":"https:\/\/ldstudio.si\/#\/schema\/logo\/image\/"}}]}},"wcpa_form_fields":{"wcpaData":{"product":{"product_price":18,"price_html":"<span class=\"woocommerce-Price-amount amount\"><bdi>18,00&nbsp;<span class=\"woocommerce-Price-currencySymbol\">&euro;<\/span><\/bdi><\/span>","original_product_price":18,"price_including_tax":18,"price_excluding_tax":18,"product_id":{"parent":2713,"variation":false},"is_variable":false,"stock_status":"instock","stock_quantity":null,"parent_sku":"","product_attributes":[],"custom_fields":[],"is_taxable":false,"product_name":"Personalizirana oznanitvena tablica \"Moja prva Velika no\u010d\" s koren\u010dki","hasImage":false},"fields":{"sec_369c63a3c97e6c":{"extra":{"key":"sec_369c63a3c97e6c","section_id":"sec_369c63a3c97e6c","name":"Default","status":1,"cl_rule":"show","enableCl":false,"relations":[],"toggle":true,"title_tag":"h3","show_title":false,"showPrice":"default","form_id":2714,"form_rules":{"exclude_from_discount":false,"fee_label":"Pristojbina","disp_hide_options_price":false,"disp_show_section_price":false,"disp_show_field_price":true,"layout_option":"standard","pric_use_as_fee":false,"process_fee_as":"woo_fee"},"layout_option":"standard"},"fields":[[{"active":true,"col":6,"relations":false,"cl_rule":"show","enableCl":false,"price":"","enablePrice":false,"className":"","label_position":"default","desc_position":"default","type":"text","subtype":"text","required":true,"elementId":"text_5987296791","label":"LETO (vpi\u0161i letnico)","name":"text_5987296791","value":"","error":false,"gt_translate_keys":["label","value"],"price_dependency":false,"cl_dependency":false}]]},"sec_869c5014255070":{"extra":{"key":"sec_869c5014255070","section_id":"sec_869c5014255070","name":"Default","status":1,"cl_rule":"show","enableCl":false,"relations":[],"toggle":true,"title_tag":"h3","show_title":false,"showPrice":"default","form_id":2697,"form_rules":{"exclude_from_discount":false,"fee_label":"Pristojbina","disp_hide_options_price":false,"disp_show_section_price":false,"disp_show_field_price":true,"layout_option":"standard","pric_use_as_fee":false,"process_fee_as":"woo_fee"},"layout_option":"standard"},"fields":[[{"active":true,"col":6,"relations":false,"cl_rule":"show","enableCl":false,"price":"","enablePrice":false,"className":"","label_position":"default","desc_position":"default","type":"select","required":true,"elementId":"select_5186089771","label":"BARVA OZADJA","name":"select_5186089771","values":[{"label":"BELA","value":"BELA","selected":false,"tempId":"aco_2785","gt_translate_keys":["label"]},{"label":"PASTELNO MODRA","value":"PASTELNO MODRA","selected":false,"tempId":"aco_2786","gt_translate_keys":["label"]},{"label":"MODRA","value":"MODRA","selected":false,"tempId":"aco_2787","gt_translate_keys":["label"]},{"label":"PETROL ZELENA","value":"PETROL ZELENA","selected":false,"tempId":"aco_2788","gt_translate_keys":["label"]},{"label":"MINT ZELENA","value":"MINT ZELENA","selected":false,"tempId":"aco_2789","gt_translate_keys":["label"]},{"label":"TEMNO ZELENA","value":"TEMNO ZELENA","selected":false,"tempId":"aco_2790","gt_translate_keys":["label"]},{"label":"ZELENA","value":"ZELENA","selected":false,"tempId":"aco_2791","gt_translate_keys":["label"]},{"label":"LIME ZELENA","value":"LIME ZELENA","selected":false,"tempId":"aco_2792","gt_translate_keys":["label"]},{"label":"RUMENA","value":"RUMENA","selected":false,"tempId":"aco_2793","gt_translate_keys":["label"]},{"label":"ZLATO RJAVA","value":"ZLATO RJAVA","selected":false,"tempId":"aco_2794","gt_translate_keys":["label"]},{"label":"SVETLO BE\u017d","value":"SVETLO BE\u017d","selected":false,"tempId":"aco_2795","gt_translate_keys":["label"]},{"label":"BE\u017d","value":"BE\u017d","selected":false,"tempId":"aco_2796","gt_translate_keys":["label"]},{"label":"RJAVA","value":"RJAVA","selected":false,"tempId":"aco_2797","gt_translate_keys":["label"]},{"label":"SVETLO SIVA","value":"SVETLO SIVA","selected":false,"tempId":"aco_2798","gt_translate_keys":["label"]},{"label":"SIVA","value":"SIVA","selected":false,"tempId":"aco_2799","gt_translate_keys":["label"]},{"label":"TEMNO SIVA","value":"TEMNO SIVA","selected":false,"tempId":"aco_2800","gt_translate_keys":["label"]},{"label":"ANTRACIT","value":"ANTRACIT","selected":false,"tempId":"aco_2801","gt_translate_keys":["label"]},{"label":"\u010cRNA","value":"\u010cRNA","selected":false,"tempId":"aco_2802","gt_translate_keys":["label"]},{"label":"SVETLO ROZA","value":"SVETLO ROZA","selected":false,"tempId":"aco_2803","gt_translate_keys":["label"]},{"label":"ROZA","value":"ROZA","selected":false,"tempId":"aco_2804","gt_translate_keys":["label"]},{"label":"PASTELNO ROZA","value":"PASTELNO ROZA","selected":false,"tempId":"aco_2805","gt_translate_keys":["label"]},{"label":"VIJOLI\u010cNA","value":"VIJOLI\u010cNA","selected":false,"tempId":"aco_2824","gt_translate_keys":["label"]},{"label":"BORDO RDE\u010cA","value":"BORDO RDE\u010cA","selected":false,"tempId":"aco_2996","gt_translate_keys":["label"]},{"label":"RDE\u010cA","value":"RDE\u010cA","selected":false,"tempId":"aco_3114","gt_translate_keys":["label"]}],"dropdown_type":"basic","error":false,"gt_translate_keys":["label"],"price_dependency":false,"cl_dependency":false,"value":""}]]},"sec_969c504db008c3":{"extra":{"key":"sec_969c504db008c3","section_id":"sec_969c504db008c3","name":"Default","status":1,"cl_rule":"show","enableCl":false,"relations":[],"toggle":true,"title_tag":"h3","show_title":false,"showPrice":"default","form_id":2700,"form_rules":{"exclude_from_discount":false,"fee_label":"Pristojbina","disp_hide_options_price":false,"disp_show_section_price":false,"disp_show_field_price":true,"layout_option":"standard","pric_use_as_fee":false,"process_fee_as":"woo_fee"},"layout_option":"standard"},"fields":[[{"active":true,"col":6,"relations":false,"cl_rule":"show","enableCl":false,"price":"","enablePrice":false,"className":"","label_position":"default","desc_position":"default","type":"select","required":true,"elementId":"select_5195287151","label":"BARVA LESA","name":"select_5195287151","values":[{"label":"HRAST","value":"HRAST","selected":false,"tempId":"aco_358","gt_translate_keys":["label"]},{"label":"OREH","value":"OREH","selected":false,"tempId":"aco_359","gt_translate_keys":["label"]},{"label":"STARAN LES","value":"STARAN LES","selected":false,"tempId":"aco_360","gt_translate_keys":["label"]},{"label":"TOPOL","value":"TOPOL","selected":false,"tempId":"aco_730","gt_translate_keys":["label"]}],"dropdown_type":"basic","error":false,"gt_translate_keys":["label"],"price_dependency":false,"cl_dependency":false,"value":""}]]}},"config":{"price_override":"","enable_recaptcha":false,"bind_quantity":false,"quantity_bind_formula":false,"disp_summ_show_option_price":true,"disp_summ_show_product_price":true,"disp_summ_show_total_price":true,"disp_summ_show_fee":false,"disp_summ_show_discount":false,"summary_title":"","options_total_label":"Cena mo\u017enosti","total_label":"Skupaj","options_product_label":"Cena izdelka","fee_label":"Pristojbina","discount_label":"Popust","has_price":true,"has_quantity_formula":false},"mc_unit":1,"tax_rate":1,"tax_rate_real":1,"discount":{"percentage":0,"fixed":0},"design":{"conf":{"LabelPosition":"above","DescPosition":"above","UploadField":"custom_1","QuantityFieldStyle":"default"},"css":{"LeftLabelWidth":"120px"}},"formulas":[],"clones":false,"cartKey":false}},"_links":{"self":[{"href":"https:\/\/ldstudio.si\/index.php\/wp-json\/wp\/v2\/product\/2713","targetHints":{"allow":["GET"]}}],"collection":[{"href":"https:\/\/ldstudio.si\/index.php\/wp-json\/wp\/v2\/product"}],"about":[{"href":"https:\/\/ldstudio.si\/index.php\/wp-json\/wp\/v2\/types\/product"}],"replies":[{"embeddable":true,"href":"https:\/\/ldstudio.si\/index.php\/wp-json\/wp\/v2\/comments?post=2713"}],"wp:featuredmedia":[{"embeddable":true,"href":"https:\/\/ldstudio.si\/index.php\/wp-json\/wp\/v2\/media\/2711"}],"wp:attachment":[{"href":"https:\/\/ldstudio.si\/index.php\/wp-json\/wp\/v2\/media?parent=2713"}],"wp:term":[{"taxonomy":"product_brand","embeddable":true,"href":"https:\/\/ldstudio.si\/index.php\/wp-json\/wp\/v2\/product_brand?post=2713"},{"taxonomy":"product_cat","embeddable":true,"href":"https:\/\/ldstudio.si\/index.php\/wp-json\/wp\/v2\/product_cat?post=2713"},{"taxonomy":"product_tag","embeddable":true,"href":"https:\/\/ldstudio.si\/index.php\/wp-json\/wp\/v2\/product_tag?post=2713"}],"curies":[{"name":"wp","href":"https:\/\/api.w.org\/{rel}","templated":true}]}}