{"id":2487,"date":"2025-12-10T18:52:16","date_gmt":"2025-12-10T18:52:16","guid":{"rendered":"https:\/\/ldstudio.si\/?post_type=product&#038;p=2487"},"modified":"2025-12-10T18:55:47","modified_gmt":"2025-12-10T18:55:47","slug":"personaliziran-darilni-paket-mehek-objem","status":"publish","type":"product","link":"https:\/\/ldstudio.si\/index.php\/product\/personaliziran-darilni-paket-mehek-objem\/","title":{"rendered":"Personaliziran darilni paket &#8220;Mehek objem&#8221;"},"content":{"rendered":"<p data-start=\"366\" data-end=\"601\">Podarite ne\u017enost, toplino in popolnost prvih trenutkov.<br data-start=\"421\" data-end=\"424\" \/><strong data-start=\"424\" data-end=\"470\">Personaliziran darilni paket \u201cMehek objem\u201d<\/strong> je \u010dudovito darilo za novorojen\u010dka, baby shower, obisk v porodni\u0161nici ali posebno presene\u010denje ob krstu.<\/p>\n<p data-start=\"603\" data-end=\"653\">V paketu so vklju\u010deni trije izdelki:<\/p>\n<ul>\n<li>Ninico velikosti cca 45 cm: Ljubek in mehak pli\u0161asti prijatelj, ki bo hitro postal otrokova najljub\u0161a igra\u010dka za tola\u017ebo in ob\u010dutek varnosti.<\/li>\n<li>Silikonsko priponko za dudo z leseno zvezdico: Prakti\u010dna in varna priponka, ki prepre\u010duje izgubo dude. Lesena zvezdica je personalizirana z otrokovim imenom, kar paket naredi edinstven. Izberete lahko barvo priponke za dudo.<\/li>\n<li>Dekica (poliester) meri 76 \u00d7 102 cm, ima ne\u017eno strukturirano povr\u0161ino z mehur\u010dki, ki pomirjajo in zabavajo mal\u010dka. Primerna za uporabo v posteljici, vozi\u010dku ali med crkljanjem na kav\u010du.<\/li>\n<\/ul>\n<p><em>Personalizacija je vklju\u010dena v ceno.<\/em><\/p>\n<p data-start=\"792\" data-end=\"958\">* Lahko dodate vo\u0161\u010dilo ob darilu (dopla\u010dilo 1,00 \u20ac).<br \/>\nPresenetite prejemnika z\u00a0<strong data-start=\"373\" data-end=\"393\">osebnim vo\u0161\u010dilom<\/strong>, ki ga prilo\u017eimo v paket kot\u00a0<strong data-start=\"423\" data-end=\"466\">A6 kartico iz tr\u0161ega svetle\u010dega papirja<\/strong>\u00a0z elegantnim\u00a0<strong data-start=\"480\" data-end=\"493\">UV tiskom<\/strong>.<br \/>\nNa vo\u0161\u010dilnico natisnemo va\u0161e sporo\u010dilo, ime prejemnika in podpis, kot ga vnesete ob naro\u010dilu.<\/p>\n","protected":false},"excerpt":{"rendered":"<p>Podarite ne\u017enost, toplino in popolnost prvih trenutkov.Personaliziran darilni paket \u201cMehek objem\u201d je \u010dudovito darilo za novorojen\u010dka, baby shower, obisk v porodni\u0161nici ali posebno presene\u010denje ob krstu. V paketu so vklju\u010deni trije izdelki: Ninico velikosti cca 45 cm: Ljubek in mehak pli\u0161asti prijatelj, ki bo hitro postal otrokova najljub\u0161a igra\u010dka za tola\u017ebo in ob\u010dutek varnosti. Silikonsko [&hellip;]<\/p>\n","protected":false},"featured_media":2488,"comment_status":"open","ping_status":"closed","template":"","meta":[],"product_brand":[],"product_cat":[56,54],"product_tag":[],"class_list":{"0":"post-2487","1":"product","2":"type-product","3":"status-publish","4":"has-post-thumbnail","6":"product_cat-darilni-paketi","7":"product_cat-otroski-koticek","8":"wcpa_has_options","10":"first","11":"instock","12":"shipping-taxable","13":"purchasable","14":"product-type-variable"},"yoast_head":"<!-- This site is optimized with the Yoast SEO plugin v25.0 - https:\/\/yoast.com\/wordpress\/plugins\/seo\/ -->\n<title>Personaliziran darilni paket &quot;Mehek objem&quot; - LD studio<\/title>\n<meta name=\"description\" content=\"Personaliziran darilni paket Mehek objem vsebuje mehko minky dekico, ninico zaj\u010dka in priponko za dudo. Popolno darilo za novorojen\u010dka.\" \/>\n<meta name=\"robots\" content=\"index, follow, max-snippet:-1, max-image-preview:large, max-video-preview:-1\" \/>\n<link rel=\"canonical\" href=\"https:\/\/ldstudio.si\/index.php\/product\/personaliziran-darilni-paket-mehek-objem\/\" \/>\n<meta property=\"og:locale\" content=\"sl_SI\" \/>\n<meta property=\"og:type\" content=\"article\" \/>\n<meta property=\"og:title\" content=\"Personaliziran darilni paket &quot;Mehek objem&quot; - LD studio\" \/>\n<meta property=\"og:description\" content=\"Personaliziran darilni paket Mehek objem vsebuje mehko minky dekico, ninico zaj\u010dka in priponko za dudo. Popolno darilo za novorojen\u010dka.\" \/>\n<meta property=\"og:url\" content=\"https:\/\/ldstudio.si\/index.php\/product\/personaliziran-darilni-paket-mehek-objem\/\" \/>\n<meta property=\"og:site_name\" content=\"LD studio\" \/>\n<meta property=\"article:modified_time\" content=\"2025-12-10T18:55:47+00:00\" \/>\n<meta property=\"og:image\" content=\"https:\/\/ldstudio.si\/wp-content\/uploads\/2025\/12\/20251209_180710.jpg\" \/>\n\t<meta property=\"og:image:width\" content=\"1440\" \/>\n\t<meta property=\"og:image:height\" content=\"1920\" \/>\n\t<meta property=\"og:image:type\" content=\"image\/jpeg\" \/>\n<meta name=\"twitter:card\" content=\"summary_large_image\" \/>\n<meta name=\"twitter:label1\" content=\"Est. reading time\" \/>\n\t<meta name=\"twitter:data1\" content=\"2 minuti\" \/>\n<script type=\"application\/ld+json\" class=\"yoast-schema-graph\">{\"@context\":\"https:\/\/schema.org\",\"@graph\":[{\"@type\":\"WebPage\",\"@id\":\"https:\/\/ldstudio.si\/index.php\/product\/personaliziran-darilni-paket-mehek-objem\/\",\"url\":\"https:\/\/ldstudio.si\/index.php\/product\/personaliziran-darilni-paket-mehek-objem\/\",\"name\":\"Personaliziran darilni paket \\\"Mehek objem\\\" - LD studio\",\"isPartOf\":{\"@id\":\"https:\/\/ldstudio.si\/#website\"},\"primaryImageOfPage\":{\"@id\":\"https:\/\/ldstudio.si\/index.php\/product\/personaliziran-darilni-paket-mehek-objem\/#primaryimage\"},\"image\":{\"@id\":\"https:\/\/ldstudio.si\/index.php\/product\/personaliziran-darilni-paket-mehek-objem\/#primaryimage\"},\"thumbnailUrl\":\"https:\/\/ldstudio.si\/wp-content\/uploads\/2025\/12\/20251209_180710.jpg\",\"datePublished\":\"2025-12-10T18:52:16+00:00\",\"dateModified\":\"2025-12-10T18:55:47+00:00\",\"description\":\"Personaliziran darilni paket Mehek objem vsebuje mehko minky dekico, ninico zaj\u010dka in priponko za dudo. Popolno darilo za novorojen\u010dka.\",\"breadcrumb\":{\"@id\":\"https:\/\/ldstudio.si\/index.php\/product\/personaliziran-darilni-paket-mehek-objem\/#breadcrumb\"},\"inLanguage\":\"sl-SI\",\"potentialAction\":[{\"@type\":\"ReadAction\",\"target\":[\"https:\/\/ldstudio.si\/index.php\/product\/personaliziran-darilni-paket-mehek-objem\/\"]}]},{\"@type\":\"ImageObject\",\"inLanguage\":\"sl-SI\",\"@id\":\"https:\/\/ldstudio.si\/index.php\/product\/personaliziran-darilni-paket-mehek-objem\/#primaryimage\",\"url\":\"https:\/\/ldstudio.si\/wp-content\/uploads\/2025\/12\/20251209_180710.jpg\",\"contentUrl\":\"https:\/\/ldstudio.si\/wp-content\/uploads\/2025\/12\/20251209_180710.jpg\",\"width\":1440,\"height\":1920,\"caption\":\"Darilni paket Mehek objem z dekico, ninico in priponko za dudo.\"},{\"@type\":\"BreadcrumbList\",\"@id\":\"https:\/\/ldstudio.si\/index.php\/product\/personaliziran-darilni-paket-mehek-objem\/#breadcrumb\",\"itemListElement\":[{\"@type\":\"ListItem\",\"position\":1,\"name\":\"Home\",\"item\":\"https:\/\/ldstudio.si\/\"},{\"@type\":\"ListItem\",\"position\":2,\"name\":\"Trgovina\",\"item\":\"https:\/\/ldstudio.si\/index.php\/trgovina\/\"},{\"@type\":\"ListItem\",\"position\":3,\"name\":\"Personaliziran darilni paket &#8220;Mehek objem&#8221;\"}]},{\"@type\":\"WebSite\",\"@id\":\"https:\/\/ldstudio.si\/#website\",\"url\":\"https:\/\/ldstudio.si\/\",\"name\":\"LD studio\",\"description\":\"\",\"publisher\":{\"@id\":\"https:\/\/ldstudio.si\/#organization\"},\"potentialAction\":[{\"@type\":\"SearchAction\",\"target\":{\"@type\":\"EntryPoint\",\"urlTemplate\":\"https:\/\/ldstudio.si\/?s={search_term_string}\"},\"query-input\":{\"@type\":\"PropertyValueSpecification\",\"valueRequired\":true,\"valueName\":\"search_term_string\"}}],\"inLanguage\":\"sl-SI\"},{\"@type\":\"Organization\",\"@id\":\"https:\/\/ldstudio.si\/#organization\",\"name\":\"LD studio\",\"url\":\"https:\/\/ldstudio.si\/\",\"logo\":{\"@type\":\"ImageObject\",\"inLanguage\":\"sl-SI\",\"@id\":\"https:\/\/ldstudio.si\/#\/schema\/logo\/image\/\",\"url\":\"https:\/\/ldstudio.si\/wp-content\/uploads\/2024\/11\/Artboard-1@2x.png\",\"contentUrl\":\"https:\/\/ldstudio.si\/wp-content\/uploads\/2024\/11\/Artboard-1@2x.png\",\"width\":543,\"height\":602,\"caption\":\"LD studio\"},\"image\":{\"@id\":\"https:\/\/ldstudio.si\/#\/schema\/logo\/image\/\"}}]}<\/script>\n<!-- \/ Yoast SEO plugin. -->","yoast_head_json":{"title":"Personaliziran darilni paket \"Mehek objem\" - LD studio","description":"Personaliziran darilni paket Mehek objem vsebuje mehko minky dekico, ninico zaj\u010dka in priponko za dudo. Popolno darilo za novorojen\u010dka.","robots":{"index":"index","follow":"follow","max-snippet":"max-snippet:-1","max-image-preview":"max-image-preview:large","max-video-preview":"max-video-preview:-1"},"canonical":"https:\/\/ldstudio.si\/index.php\/product\/personaliziran-darilni-paket-mehek-objem\/","og_locale":"sl_SI","og_type":"article","og_title":"Personaliziran darilni paket \"Mehek objem\" - LD studio","og_description":"Personaliziran darilni paket Mehek objem vsebuje mehko minky dekico, ninico zaj\u010dka in priponko za dudo. Popolno darilo za novorojen\u010dka.","og_url":"https:\/\/ldstudio.si\/index.php\/product\/personaliziran-darilni-paket-mehek-objem\/","og_site_name":"LD studio","article_modified_time":"2025-12-10T18:55:47+00:00","og_image":[{"width":1440,"height":1920,"url":"https:\/\/ldstudio.si\/wp-content\/uploads\/2025\/12\/20251209_180710.jpg","type":"image\/jpeg"}],"twitter_card":"summary_large_image","twitter_misc":{"Est. reading time":"2 minuti"},"schema":{"@context":"https:\/\/schema.org","@graph":[{"@type":"WebPage","@id":"https:\/\/ldstudio.si\/index.php\/product\/personaliziran-darilni-paket-mehek-objem\/","url":"https:\/\/ldstudio.si\/index.php\/product\/personaliziran-darilni-paket-mehek-objem\/","name":"Personaliziran darilni paket \"Mehek objem\" - LD studio","isPartOf":{"@id":"https:\/\/ldstudio.si\/#website"},"primaryImageOfPage":{"@id":"https:\/\/ldstudio.si\/index.php\/product\/personaliziran-darilni-paket-mehek-objem\/#primaryimage"},"image":{"@id":"https:\/\/ldstudio.si\/index.php\/product\/personaliziran-darilni-paket-mehek-objem\/#primaryimage"},"thumbnailUrl":"https:\/\/ldstudio.si\/wp-content\/uploads\/2025\/12\/20251209_180710.jpg","datePublished":"2025-12-10T18:52:16+00:00","dateModified":"2025-12-10T18:55:47+00:00","description":"Personaliziran darilni paket Mehek objem vsebuje mehko minky dekico, ninico zaj\u010dka in priponko za dudo. Popolno darilo za novorojen\u010dka.","breadcrumb":{"@id":"https:\/\/ldstudio.si\/index.php\/product\/personaliziran-darilni-paket-mehek-objem\/#breadcrumb"},"inLanguage":"sl-SI","potentialAction":[{"@type":"ReadAction","target":["https:\/\/ldstudio.si\/index.php\/product\/personaliziran-darilni-paket-mehek-objem\/"]}]},{"@type":"ImageObject","inLanguage":"sl-SI","@id":"https:\/\/ldstudio.si\/index.php\/product\/personaliziran-darilni-paket-mehek-objem\/#primaryimage","url":"https:\/\/ldstudio.si\/wp-content\/uploads\/2025\/12\/20251209_180710.jpg","contentUrl":"https:\/\/ldstudio.si\/wp-content\/uploads\/2025\/12\/20251209_180710.jpg","width":1440,"height":1920,"caption":"Darilni paket Mehek objem z dekico, ninico in priponko za dudo."},{"@type":"BreadcrumbList","@id":"https:\/\/ldstudio.si\/index.php\/product\/personaliziran-darilni-paket-mehek-objem\/#breadcrumb","itemListElement":[{"@type":"ListItem","position":1,"name":"Home","item":"https:\/\/ldstudio.si\/"},{"@type":"ListItem","position":2,"name":"Trgovina","item":"https:\/\/ldstudio.si\/index.php\/trgovina\/"},{"@type":"ListItem","position":3,"name":"Personaliziran darilni paket &#8220;Mehek objem&#8221;"}]},{"@type":"WebSite","@id":"https:\/\/ldstudio.si\/#website","url":"https:\/\/ldstudio.si\/","name":"LD studio","description":"","publisher":{"@id":"https:\/\/ldstudio.si\/#organization"},"potentialAction":[{"@type":"SearchAction","target":{"@type":"EntryPoint","urlTemplate":"https:\/\/ldstudio.si\/?s={search_term_string}"},"query-input":{"@type":"PropertyValueSpecification","valueRequired":true,"valueName":"search_term_string"}}],"inLanguage":"sl-SI"},{"@type":"Organization","@id":"https:\/\/ldstudio.si\/#organization","name":"LD studio","url":"https:\/\/ldstudio.si\/","logo":{"@type":"ImageObject","inLanguage":"sl-SI","@id":"https:\/\/ldstudio.si\/#\/schema\/logo\/image\/","url":"https:\/\/ldstudio.si\/wp-content\/uploads\/2024\/11\/Artboard-1@2x.png","contentUrl":"https:\/\/ldstudio.si\/wp-content\/uploads\/2024\/11\/Artboard-1@2x.png","width":543,"height":602,"caption":"LD studio"},"image":{"@id":"https:\/\/ldstudio.si\/#\/schema\/logo\/image\/"}}]}},"wcpa_form_fields":{"wcpaData":{"product":{"product_price":48.89999999999999857891452847979962825775146484375,"price_html":"<span class=\"woocommerce-Price-amount amount\"><bdi>48,90&nbsp;<span class=\"woocommerce-Price-currencySymbol\">&euro;<\/span><\/bdi><\/span>","original_product_price":48.89999999999999857891452847979962825775146484375,"price_including_tax":48.89999999999999857891452847979962825775146484375,"price_excluding_tax":48.89999999999999857891452847979962825775146484375,"product_id":{"parent":2487,"variation":false},"is_variable":true,"stock_status":"instock","stock_quantity":null,"parent_sku":"","product_attributes":{"barva-dekice":{"is_variation":true,"values":[]}},"custom_fields":[],"is_taxable":false,"product_name":"Personaliziran darilni paket \"Mehek objem\"","hasImage":false},"fields":{"sec_7672b181c08e6c":{"extra":{"key":"sec_7672b181c08e6c","section_id":"sec_7672b181c08e6c","name":"Default","status":1,"toggle":true,"form_id":1372,"form_rules":{"exclude_from_discount":false,"fee_label":"Pristojbina","disp_hide_options_price":false,"disp_show_section_price":false,"disp_show_field_price":true,"layout_option":"standard","pric_use_as_fee":false,"process_fee_as":"woo_fee"},"layout_option":"standard"},"fields":[[{"active":true,"col":6,"relations":false,"cl_rule":"show","enableCl":false,"price":"","enablePrice":false,"className":"","type":"text","subtype":"text","required":true,"elementId":"text_8774704101","label":"IME OTROKA","name":"text_8774704101","value":"","error":false,"gt_translate_keys":["label","value"],"price_dependency":false,"cl_dependency":false}]]},"sec_0672b60b3ad30e":{"extra":{"key":"sec_0672b60b3ad30e","section_id":"sec_0672b60b3ad30e","name":"Default","status":1,"toggle":true,"form_id":1378,"form_rules":{"exclude_from_discount":false,"fee_label":"Pristojbina","disp_hide_options_price":false,"disp_show_section_price":false,"disp_show_field_price":true,"layout_option":"standard","pric_use_as_fee":false,"process_fee_as":"woo_fee"},"layout_option":"standard"},"fields":[[{"active":true,"col":6,"relations":false,"cl_rule":"show","enableCl":false,"price":"","enablePrice":false,"className":"","type":"radio-group","required":true,"elementId":"radio_6128798262","label":"BARVA PRIPONKE","name":"radio_6128798262","values":[{"label":"NE\u017dNO ROZA","value":"NE\u017dNO ROZA","selected":false,"tempId":"aco_388","gt_translate_keys":["label"]},{"label":"NE\u017dNO MODRA","value":"NE\u017dNO MODRA","selected":false,"tempId":"aco_389","gt_translate_keys":["label"]}],"error":false,"layOut":"","checkUi":"","gt_translate_keys":["label"],"price_dependency":false,"cl_dependency":false,"value":""}]]},"sec_106869352a26bc9":{"extra":{"key":"sec_106869352a26bc9","section_id":"sec_106869352a26bc9","name":"Default","status":1,"cl_rule":"show","enableCl":false,"relations":[],"toggle":true,"title_tag":"h3","show_title":false,"showPrice":"default","form_id":2258,"form_rules":{"exclude_from_discount":false,"fee_label":"Pristojbina","disp_hide_options_price":false,"disp_show_section_price":false,"disp_show_field_price":true,"layout_option":"standard","pric_use_as_fee":false,"process_fee_as":"woo_fee"},"layout_option":"standard"},"fields":[[{"active":true,"col":6,"relations":false,"cl_rule":"show","enableCl":false,"price":"","enablePrice":false,"className":"","label_position":"default","desc_position":"default","type":"separator","required":false,"elementId":"separator_1608421331","label":"Separator Field","height":"20","separatorType":"blank","error":false,"gt_translate_keys":["label"],"price_dependency":false,"cl_dependency":false,"value":""}],[{"active":true,"col":6,"relations":false,"cl_rule":"show","enableCl":false,"price":"1,00","enablePrice":true,"className":"","label_position":"default","desc_position":"default","type":"checkbox","required":false,"elementId":"checkbox_2538989235","label":"\u017delim dodati vo\u0161\u010dilo","name":"checkbox_2538989235","value":"","check_value":"1,00 \u20ac","checkUi":"","error":false,"pricingType":"fixed","use_as_fee":true,"gt_translate_keys":["label","value","check_value"],"price_dependency":false,"cl_dependency":["text_5558826312","textarea_5606193421","text-5621365622"]}],[{"active":true,"col":6,"relations":[{"operator":false,"rules":[{"operator":"AND","rules":{"cl_field":"checkbox_2538989235","cl_relation":"is","cl_val":true}}]}],"cl_rule":"show","enableCl":true,"price":"","enablePrice":false,"className":"","label_position":"default","desc_position":"default","type":"text","subtype":"text","required":false,"elementId":"text_5558826312","label":"IME","name":"text_5558826312","value":"","error":false,"gt_translate_keys":["label","value"],"price_dependency":false,"cl_dependency":false}],[{"active":true,"col":6,"relations":[{"operator":false,"rules":[{"operator":"AND","rules":{"cl_field":"checkbox_2538989235","cl_relation":"is","cl_val":true}}]}],"cl_rule":"show","enableCl":true,"price":"","enablePrice":false,"className":"","label_position":"default","desc_position":"default","type":"textarea","required":false,"elementId":"textarea_5606193421","label":"BESEDILO (VERZ)","name":"textarea_5606193421","value":"","rows":2,"error":false,"gt_translate_keys":["label","value"],"price_dependency":false,"cl_dependency":false}],[{"label":"Podpi\u0161ite se \u2013 KDO PO\u0160ILJA VO\u0160\u010cILO","active":true,"required":false,"elementId":"text-5621365622","value":"","name":"text-5621365622","label_position":"default","desc_position":"default","enablePrice":false,"className":"","enableCl":true,"relations":[{"operator":false,"rules":[{"operator":"AND","rules":{"cl_field":"checkbox_2538989235","cl_relation":"is","cl_val":true}}]}],"subtype":"text","price":"","cl_rule":"show","col":6,"type":"text","error":false,"gt_translate_keys":["label","value"],"price_dependency":false,"cl_dependency":false}]]}},"config":{"price_override":"","enable_recaptcha":false,"bind_quantity":false,"quantity_bind_formula":false,"disp_summ_show_option_price":true,"disp_summ_show_product_price":true,"disp_summ_show_total_price":true,"disp_summ_show_fee":false,"disp_summ_show_discount":false,"summary_title":"","options_total_label":"Cena mo\u017enosti","total_label":"Skupaj","options_product_label":"Cena izdelka","fee_label":"Pristojbina","discount_label":"Popust","has_price":true,"has_quantity_formula":false},"mc_unit":1,"tax_rate":1,"tax_rate_real":1,"discount":{"percentage":0,"fixed":0},"design":{"conf":{"LabelPosition":"above","DescPosition":"above","UploadField":"custom_1","QuantityFieldStyle":"default"},"css":{"LeftLabelWidth":"120px"}},"formulas":[],"clones":false,"cartKey":false}},"_links":{"self":[{"href":"https:\/\/ldstudio.si\/index.php\/wp-json\/wp\/v2\/product\/2487","targetHints":{"allow":["GET"]}}],"collection":[{"href":"https:\/\/ldstudio.si\/index.php\/wp-json\/wp\/v2\/product"}],"about":[{"href":"https:\/\/ldstudio.si\/index.php\/wp-json\/wp\/v2\/types\/product"}],"replies":[{"embeddable":true,"href":"https:\/\/ldstudio.si\/index.php\/wp-json\/wp\/v2\/comments?post=2487"}],"wp:featuredmedia":[{"embeddable":true,"href":"https:\/\/ldstudio.si\/index.php\/wp-json\/wp\/v2\/media\/2488"}],"wp:attachment":[{"href":"https:\/\/ldstudio.si\/index.php\/wp-json\/wp\/v2\/media?parent=2487"}],"wp:term":[{"taxonomy":"product_brand","embeddable":true,"href":"https:\/\/ldstudio.si\/index.php\/wp-json\/wp\/v2\/product_brand?post=2487"},{"taxonomy":"product_cat","embeddable":true,"href":"https:\/\/ldstudio.si\/index.php\/wp-json\/wp\/v2\/product_cat?post=2487"},{"taxonomy":"product_tag","embeddable":true,"href":"https:\/\/ldstudio.si\/index.php\/wp-json\/wp\/v2\/product_tag?post=2487"}],"curies":[{"name":"wp","href":"https:\/\/api.w.org\/{rel}","templated":true}]}}