{"id":2411,"date":"2025-11-13T21:03:00","date_gmt":"2025-11-13T21:03:00","guid":{"rendered":"https:\/\/ldstudio.si\/?post_type=product&#038;p=2411"},"modified":"2026-03-01T19:03:52","modified_gmt":"2026-03-01T19:03:52","slug":"personalizirana-bozicna-bunka-z-motivom","status":"publish","type":"product","link":"https:\/\/ldstudio.si\/index.php\/product\/personalizirana-bozicna-bunka-z-motivom\/","title":{"rendered":"Personalizirana bo\u017ei\u010dna bunka z motivom"},"content":{"rendered":"<p data-start=\"547\" data-end=\"779\">Dodajte svoji bo\u017ei\u010dni dekoraciji osebno noto z na\u0161imi \u010dudovitimi, personaliziranimi bo\u017ei\u010dnimi okraski. Vsak okrasek je okra\u0161en z elegantno belo pentljo in natisnjen v visoki kakovosti.<\/p>\n<p data-start=\"781\" data-end=\"949\">Na voljo so tri prikupne ilustracije \u2013 <strong data-start=\"820\" data-end=\"830\">Rudolf<\/strong>, <strong data-start=\"832\" data-end=\"850\">bo\u017ei\u010dna smreka<\/strong> ali <strong data-start=\"855\" data-end=\"867\">medvedek<\/strong> \u2013 vpi\u0161ite ime in si izberite barvo.<\/p>\n<p data-start=\"951\" data-end=\"1140\">Okraski so popolni za bo\u017ei\u010dno drevo, darila, presene\u010denja za otroke ali kot unikatna pozornost za va\u0161e najdra\u017eje.<br data-start=\"1087\" data-end=\"1090\" \/>Naj se leto\u0161nji prazniki zasvetijo \u0161e bolj osebno!<\/p>\n<p data-start=\"951\" data-end=\"1140\"><u>Lastnosti:<\/u><br \/>\nMaterial: plastika, pentlja (satenski trak)<br \/>\nMotiv in ime: UV tisk<br \/>\nVelikost: 8 cm<\/p>\n","protected":false},"excerpt":{"rendered":"<p>Dodajte svoji bo\u017ei\u010dni dekoraciji osebno noto z na\u0161imi \u010dudovitimi, personaliziranimi bo\u017ei\u010dnimi okraski. Vsak okrasek je okra\u0161en z elegantno belo pentljo in natisnjen v visoki kakovosti. Na voljo so tri prikupne ilustracije \u2013 Rudolf, bo\u017ei\u010dna smreka ali medvedek \u2013 vpi\u0161ite ime in si izberite barvo. Okraski so popolni za bo\u017ei\u010dno drevo, darila, presene\u010denja za otroke ali [&hellip;]<\/p>\n","protected":false},"featured_media":2419,"comment_status":"open","ping_status":"closed","template":"","meta":[],"product_brand":[],"product_cat":[50,49],"product_tag":[],"class_list":{"0":"post-2411","1":"product","2":"type-product","3":"status-publish","4":"has-post-thumbnail","6":"product_cat-bozic-novo-leto","7":"product_cat-prazniki","8":"wcpa_has_options","10":"first","11":"instock","12":"shipping-taxable","13":"purchasable","14":"product-type-variable"},"yoast_head":"<!-- This site is optimized with the Yoast SEO plugin v25.0 - https:\/\/yoast.com\/wordpress\/plugins\/seo\/ -->\n<title>Personalizirana bo\u017ei\u010dna bunka z motivom - LD studio<\/title>\n<meta name=\"description\" content=\"Personalizirana bo\u017ei\u010dna bunka z motivom Rudolf, Smreka ali Medvedek. Premer 8 cm, bela pentlja in UV tisk visoke kakovosti. Popolno bo\u017ei\u010dno darilo!\" \/>\n<meta name=\"robots\" content=\"index, follow, max-snippet:-1, max-image-preview:large, max-video-preview:-1\" \/>\n<link rel=\"canonical\" href=\"https:\/\/ldstudio.si\/index.php\/product\/personalizirana-bozicna-bunka-z-motivom\/\" \/>\n<meta property=\"og:locale\" content=\"sl_SI\" \/>\n<meta property=\"og:type\" content=\"article\" \/>\n<meta property=\"og:title\" content=\"Personalizirana bo\u017ei\u010dna bunka z motivom - LD studio\" \/>\n<meta property=\"og:description\" content=\"Personalizirana bo\u017ei\u010dna bunka z motivom Rudolf, Smreka ali Medvedek. Premer 8 cm, bela pentlja in UV tisk visoke kakovosti. Popolno bo\u017ei\u010dno darilo!\" \/>\n<meta property=\"og:url\" content=\"https:\/\/ldstudio.si\/index.php\/product\/personalizirana-bozicna-bunka-z-motivom\/\" \/>\n<meta property=\"og:site_name\" content=\"LD studio\" \/>\n<meta property=\"article:modified_time\" content=\"2026-03-01T19:03:52+00:00\" \/>\n<meta property=\"og:image\" content=\"https:\/\/ldstudio.si\/wp-content\/uploads\/2025\/11\/20251113_170501.jpg\" \/>\n\t<meta property=\"og:image:width\" content=\"1440\" \/>\n\t<meta property=\"og:image:height\" content=\"1920\" \/>\n\t<meta property=\"og:image:type\" content=\"image\/jpeg\" \/>\n<meta name=\"twitter:card\" content=\"summary_large_image\" \/>\n<meta name=\"twitter:label1\" content=\"Est. reading time\" \/>\n\t<meta name=\"twitter:data1\" content=\"1 minuta\" \/>\n<script type=\"application\/ld+json\" class=\"yoast-schema-graph\">{\"@context\":\"https:\/\/schema.org\",\"@graph\":[{\"@type\":\"WebPage\",\"@id\":\"https:\/\/ldstudio.si\/index.php\/product\/personalizirana-bozicna-bunka-z-motivom\/\",\"url\":\"https:\/\/ldstudio.si\/index.php\/product\/personalizirana-bozicna-bunka-z-motivom\/\",\"name\":\"Personalizirana bo\u017ei\u010dna bunka z motivom - LD studio\",\"isPartOf\":{\"@id\":\"https:\/\/ldstudio.si\/#website\"},\"primaryImageOfPage\":{\"@id\":\"https:\/\/ldstudio.si\/index.php\/product\/personalizirana-bozicna-bunka-z-motivom\/#primaryimage\"},\"image\":{\"@id\":\"https:\/\/ldstudio.si\/index.php\/product\/personalizirana-bozicna-bunka-z-motivom\/#primaryimage\"},\"thumbnailUrl\":\"https:\/\/ldstudio.si\/wp-content\/uploads\/2025\/11\/20251113_170501.jpg\",\"datePublished\":\"2025-11-13T21:03:00+00:00\",\"dateModified\":\"2026-03-01T19:03:52+00:00\",\"description\":\"Personalizirana bo\u017ei\u010dna bunka z motivom Rudolf, Smreka ali Medvedek. Premer 8 cm, bela pentlja in UV tisk visoke kakovosti. Popolno bo\u017ei\u010dno darilo!\",\"breadcrumb\":{\"@id\":\"https:\/\/ldstudio.si\/index.php\/product\/personalizirana-bozicna-bunka-z-motivom\/#breadcrumb\"},\"inLanguage\":\"sl-SI\",\"potentialAction\":[{\"@type\":\"ReadAction\",\"target\":[\"https:\/\/ldstudio.si\/index.php\/product\/personalizirana-bozicna-bunka-z-motivom\/\"]}]},{\"@type\":\"ImageObject\",\"inLanguage\":\"sl-SI\",\"@id\":\"https:\/\/ldstudio.si\/index.php\/product\/personalizirana-bozicna-bunka-z-motivom\/#primaryimage\",\"url\":\"https:\/\/ldstudio.si\/wp-content\/uploads\/2025\/11\/20251113_170501.jpg\",\"contentUrl\":\"https:\/\/ldstudio.si\/wp-content\/uploads\/2025\/11\/20251113_170501.jpg\",\"width\":1440,\"height\":1920,\"caption\":\"Personalizirana bo\u017ei\u010dna bunka z razli\u010dnimi motivi in imenom po meri.\"},{\"@type\":\"BreadcrumbList\",\"@id\":\"https:\/\/ldstudio.si\/index.php\/product\/personalizirana-bozicna-bunka-z-motivom\/#breadcrumb\",\"itemListElement\":[{\"@type\":\"ListItem\",\"position\":1,\"name\":\"Home\",\"item\":\"https:\/\/ldstudio.si\/\"},{\"@type\":\"ListItem\",\"position\":2,\"name\":\"Trgovina\",\"item\":\"https:\/\/ldstudio.si\/index.php\/trgovina\/\"},{\"@type\":\"ListItem\",\"position\":3,\"name\":\"Personalizirana bo\u017ei\u010dna bunka z motivom\"}]},{\"@type\":\"WebSite\",\"@id\":\"https:\/\/ldstudio.si\/#website\",\"url\":\"https:\/\/ldstudio.si\/\",\"name\":\"LD studio\",\"description\":\"\",\"publisher\":{\"@id\":\"https:\/\/ldstudio.si\/#organization\"},\"potentialAction\":[{\"@type\":\"SearchAction\",\"target\":{\"@type\":\"EntryPoint\",\"urlTemplate\":\"https:\/\/ldstudio.si\/?s={search_term_string}\"},\"query-input\":{\"@type\":\"PropertyValueSpecification\",\"valueRequired\":true,\"valueName\":\"search_term_string\"}}],\"inLanguage\":\"sl-SI\"},{\"@type\":\"Organization\",\"@id\":\"https:\/\/ldstudio.si\/#organization\",\"name\":\"LD studio\",\"url\":\"https:\/\/ldstudio.si\/\",\"logo\":{\"@type\":\"ImageObject\",\"inLanguage\":\"sl-SI\",\"@id\":\"https:\/\/ldstudio.si\/#\/schema\/logo\/image\/\",\"url\":\"https:\/\/ldstudio.si\/wp-content\/uploads\/2024\/11\/Artboard-1@2x.png\",\"contentUrl\":\"https:\/\/ldstudio.si\/wp-content\/uploads\/2024\/11\/Artboard-1@2x.png\",\"width\":543,\"height\":602,\"caption\":\"LD studio\"},\"image\":{\"@id\":\"https:\/\/ldstudio.si\/#\/schema\/logo\/image\/\"}}]}<\/script>\n<!-- \/ Yoast SEO plugin. -->","yoast_head_json":{"title":"Personalizirana bo\u017ei\u010dna bunka z motivom - LD studio","description":"Personalizirana bo\u017ei\u010dna bunka z motivom Rudolf, Smreka ali Medvedek. Premer 8 cm, bela pentlja in UV tisk visoke kakovosti. Popolno bo\u017ei\u010dno darilo!","robots":{"index":"index","follow":"follow","max-snippet":"max-snippet:-1","max-image-preview":"max-image-preview:large","max-video-preview":"max-video-preview:-1"},"canonical":"https:\/\/ldstudio.si\/index.php\/product\/personalizirana-bozicna-bunka-z-motivom\/","og_locale":"sl_SI","og_type":"article","og_title":"Personalizirana bo\u017ei\u010dna bunka z motivom - LD studio","og_description":"Personalizirana bo\u017ei\u010dna bunka z motivom Rudolf, Smreka ali Medvedek. Premer 8 cm, bela pentlja in UV tisk visoke kakovosti. Popolno bo\u017ei\u010dno darilo!","og_url":"https:\/\/ldstudio.si\/index.php\/product\/personalizirana-bozicna-bunka-z-motivom\/","og_site_name":"LD studio","article_modified_time":"2026-03-01T19:03:52+00:00","og_image":[{"width":1440,"height":1920,"url":"https:\/\/ldstudio.si\/wp-content\/uploads\/2025\/11\/20251113_170501.jpg","type":"image\/jpeg"}],"twitter_card":"summary_large_image","twitter_misc":{"Est. reading time":"1 minuta"},"schema":{"@context":"https:\/\/schema.org","@graph":[{"@type":"WebPage","@id":"https:\/\/ldstudio.si\/index.php\/product\/personalizirana-bozicna-bunka-z-motivom\/","url":"https:\/\/ldstudio.si\/index.php\/product\/personalizirana-bozicna-bunka-z-motivom\/","name":"Personalizirana bo\u017ei\u010dna bunka z motivom - LD studio","isPartOf":{"@id":"https:\/\/ldstudio.si\/#website"},"primaryImageOfPage":{"@id":"https:\/\/ldstudio.si\/index.php\/product\/personalizirana-bozicna-bunka-z-motivom\/#primaryimage"},"image":{"@id":"https:\/\/ldstudio.si\/index.php\/product\/personalizirana-bozicna-bunka-z-motivom\/#primaryimage"},"thumbnailUrl":"https:\/\/ldstudio.si\/wp-content\/uploads\/2025\/11\/20251113_170501.jpg","datePublished":"2025-11-13T21:03:00+00:00","dateModified":"2026-03-01T19:03:52+00:00","description":"Personalizirana bo\u017ei\u010dna bunka z motivom Rudolf, Smreka ali Medvedek. Premer 8 cm, bela pentlja in UV tisk visoke kakovosti. Popolno bo\u017ei\u010dno darilo!","breadcrumb":{"@id":"https:\/\/ldstudio.si\/index.php\/product\/personalizirana-bozicna-bunka-z-motivom\/#breadcrumb"},"inLanguage":"sl-SI","potentialAction":[{"@type":"ReadAction","target":["https:\/\/ldstudio.si\/index.php\/product\/personalizirana-bozicna-bunka-z-motivom\/"]}]},{"@type":"ImageObject","inLanguage":"sl-SI","@id":"https:\/\/ldstudio.si\/index.php\/product\/personalizirana-bozicna-bunka-z-motivom\/#primaryimage","url":"https:\/\/ldstudio.si\/wp-content\/uploads\/2025\/11\/20251113_170501.jpg","contentUrl":"https:\/\/ldstudio.si\/wp-content\/uploads\/2025\/11\/20251113_170501.jpg","width":1440,"height":1920,"caption":"Personalizirana bo\u017ei\u010dna bunka z razli\u010dnimi motivi in imenom po meri."},{"@type":"BreadcrumbList","@id":"https:\/\/ldstudio.si\/index.php\/product\/personalizirana-bozicna-bunka-z-motivom\/#breadcrumb","itemListElement":[{"@type":"ListItem","position":1,"name":"Home","item":"https:\/\/ldstudio.si\/"},{"@type":"ListItem","position":2,"name":"Trgovina","item":"https:\/\/ldstudio.si\/index.php\/trgovina\/"},{"@type":"ListItem","position":3,"name":"Personalizirana bo\u017ei\u010dna bunka z motivom"}]},{"@type":"WebSite","@id":"https:\/\/ldstudio.si\/#website","url":"https:\/\/ldstudio.si\/","name":"LD studio","description":"","publisher":{"@id":"https:\/\/ldstudio.si\/#organization"},"potentialAction":[{"@type":"SearchAction","target":{"@type":"EntryPoint","urlTemplate":"https:\/\/ldstudio.si\/?s={search_term_string}"},"query-input":{"@type":"PropertyValueSpecification","valueRequired":true,"valueName":"search_term_string"}}],"inLanguage":"sl-SI"},{"@type":"Organization","@id":"https:\/\/ldstudio.si\/#organization","name":"LD studio","url":"https:\/\/ldstudio.si\/","logo":{"@type":"ImageObject","inLanguage":"sl-SI","@id":"https:\/\/ldstudio.si\/#\/schema\/logo\/image\/","url":"https:\/\/ldstudio.si\/wp-content\/uploads\/2024\/11\/Artboard-1@2x.png","contentUrl":"https:\/\/ldstudio.si\/wp-content\/uploads\/2024\/11\/Artboard-1@2x.png","width":543,"height":602,"caption":"LD studio"},"image":{"@id":"https:\/\/ldstudio.si\/#\/schema\/logo\/image\/"}}]}},"wcpa_form_fields":{"wcpaData":{"product":{"product_price":8.5,"price_html":"<span class=\"woocommerce-Price-amount amount\"><bdi>8,50&nbsp;<span class=\"woocommerce-Price-currencySymbol\">&euro;<\/span><\/bdi><\/span>","original_product_price":8.5,"price_including_tax":8.5,"price_excluding_tax":8.5,"product_id":{"parent":2411,"variation":false},"is_variable":true,"stock_status":"instock","stock_quantity":null,"parent_sku":"","product_attributes":{"motiv":{"is_variation":true,"values":[]},"barva-imena":{"is_variation":true,"values":[]}},"custom_fields":[],"is_taxable":false,"product_name":"Personalizirana bo\u017ei\u010dna bunka z motivom","hasImage":false},"fields":{"sec_2673ae713d6c05":{"extra":{"key":"sec_2673ae713d6c05","section_id":"sec_2673ae713d6c05","name":"Default","status":1,"toggle":true,"form_id":1468,"form_rules":{"exclude_from_discount":false,"fee_label":"Pristojbina","disp_hide_options_price":false,"disp_show_section_price":false,"disp_show_field_price":true,"layout_option":"standard","pric_use_as_fee":false,"process_fee_as":"woo_fee"},"layout_option":"standard"},"fields":[[{"active":true,"col":6,"relations":false,"cl_rule":"show","enableCl":false,"price":"","enablePrice":false,"className":"","type":"text","subtype":"text","required":true,"elementId":"text_9135050721","label":"IME","name":"text_9135050721","value":"","error":false,"gt_translate_keys":["label","value"],"price_dependency":false,"cl_dependency":false}]]}},"config":{"price_override":"","enable_recaptcha":false,"bind_quantity":false,"quantity_bind_formula":false,"disp_summ_show_option_price":true,"disp_summ_show_product_price":true,"disp_summ_show_total_price":true,"disp_summ_show_fee":false,"disp_summ_show_discount":false,"summary_title":"","options_total_label":"Cena mo\u017enosti","total_label":"Skupaj","options_product_label":"Cena izdelka","fee_label":"Pristojbina","discount_label":"Popust","has_price":true,"has_quantity_formula":false},"mc_unit":1,"tax_rate":1,"tax_rate_real":1,"discount":{"percentage":0,"fixed":0},"design":{"conf":{"LabelPosition":"above","DescPosition":"above","UploadField":"custom_1","QuantityFieldStyle":"default"},"css":{"LeftLabelWidth":"120px"}},"formulas":[],"clones":false,"cartKey":false}},"_links":{"self":[{"href":"https:\/\/ldstudio.si\/index.php\/wp-json\/wp\/v2\/product\/2411","targetHints":{"allow":["GET"]}}],"collection":[{"href":"https:\/\/ldstudio.si\/index.php\/wp-json\/wp\/v2\/product"}],"about":[{"href":"https:\/\/ldstudio.si\/index.php\/wp-json\/wp\/v2\/types\/product"}],"replies":[{"embeddable":true,"href":"https:\/\/ldstudio.si\/index.php\/wp-json\/wp\/v2\/comments?post=2411"}],"wp:featuredmedia":[{"embeddable":true,"href":"https:\/\/ldstudio.si\/index.php\/wp-json\/wp\/v2\/media\/2419"}],"wp:attachment":[{"href":"https:\/\/ldstudio.si\/index.php\/wp-json\/wp\/v2\/media?parent=2411"}],"wp:term":[{"taxonomy":"product_brand","embeddable":true,"href":"https:\/\/ldstudio.si\/index.php\/wp-json\/wp\/v2\/product_brand?post=2411"},{"taxonomy":"product_cat","embeddable":true,"href":"https:\/\/ldstudio.si\/index.php\/wp-json\/wp\/v2\/product_cat?post=2411"},{"taxonomy":"product_tag","embeddable":true,"href":"https:\/\/ldstudio.si\/index.php\/wp-json\/wp\/v2\/product_tag?post=2411"}],"curies":[{"name":"wp","href":"https:\/\/api.w.org\/{rel}","templated":true}]}}