{"id":2294,"date":"2025-07-09T12:33:43","date_gmt":"2025-07-09T12:33:43","guid":{"rendered":"https:\/\/ldstudio.si\/?post_type=product&#038;p=2294"},"modified":"2026-04-03T10:32:00","modified_gmt":"2026-04-03T10:32:00","slug":"topper-iz-pleksi-stekla-kriz-z-golobom-v-zlati-barvi","status":"publish","type":"product","link":"https:\/\/ldstudio.si\/index.php\/product\/topper-iz-pleksi-stekla-kriz-z-golobom-v-zlati-barvi\/","title":{"rendered":"Topper iz pleksi stekla \u2013 kri\u017e z golobom v zlati barvi"},"content":{"rendered":"<p data-path-to-node=\"4\">Simboli\u010dna in elegantna dekoracija za torte, ki bo va\u0161emu praznovanju svetih zakramentov dodala pridih svetosti in prefinjenosti. Topper s simbolom kri\u017ea in goloba je izdelan iz pleksi stekla in pobarvan v \u010dudovito zlato barvo, ki se sveti na vsaki svetlobi.<\/p>\n<p data-path-to-node=\"5\">Napis je zasnovan posebej za:<br \/>\n&#8211; Sveti krst<br \/>\n&#8211; Prvo sveto obhajilo<br \/>\n&#8211; Sveto birmo<\/p>\n<p data-path-to-node=\"7\">Zaradi nevtralnega, a mo\u010dnega simbola, se odli\u010dno poda k vsem stilom tort \u2013 od minimalisti\u010dnih do bogato okra\u0161enih.<\/p>\n<p><u>Lastnosti:<\/u><br \/>\nMaterial: pleksi steklo (debeline 3mm)<br \/>\nVelikost:<\/p>\n","protected":false},"excerpt":{"rendered":"<p>Simboli\u010dna in elegantna dekoracija za torte, ki bo va\u0161emu praznovanju svetih zakramentov dodala pridih svetosti in prefinjenosti. Topper s simbolom kri\u017ea in goloba je izdelan iz pleksi stekla in pobarvan v \u010dudovito zlato barvo, ki se sveti na vsaki svetlobi. Napis je zasnovan posebej za: &#8211; Sveti krst &#8211; Prvo sveto obhajilo &#8211; Sveto birmo [&hellip;]<\/p>\n","protected":false},"featured_media":2806,"comment_status":"open","ping_status":"closed","template":"","meta":[],"product_brand":[],"product_cat":[62],"product_tag":[],"class_list":{"0":"post-2294","1":"product","2":"type-product","3":"status-publish","4":"has-post-thumbnail","6":"product_cat-napisi-za-torte","8":"first","9":"instock","10":"shipping-taxable","11":"purchasable","12":"product-type-simple"},"yoast_head":"<!-- This site is optimized with the Yoast SEO plugin v25.0 - https:\/\/yoast.com\/wordpress\/plugins\/seo\/ -->\n<title>Topper iz pleksi stekla \u2013 kri\u017e z golobom v zlati barvi - LD studio<\/title>\n<meta name=\"description\" content=\"Topper iz pleksi stekla v obliki kri\u017ea z golobom v zlati barvi. Popolna dekoracija za krst, obhajilo, birmo ali poroko.\" \/>\n<meta name=\"robots\" content=\"index, follow, max-snippet:-1, max-image-preview:large, max-video-preview:-1\" \/>\n<link rel=\"canonical\" href=\"https:\/\/ldstudio.si\/index.php\/product\/topper-iz-pleksi-stekla-kriz-z-golobom-v-zlati-barvi\/\" \/>\n<meta property=\"og:locale\" content=\"sl_SI\" \/>\n<meta property=\"og:type\" content=\"article\" \/>\n<meta property=\"og:title\" content=\"Topper iz pleksi stekla \u2013 kri\u017e z golobom v zlati barvi - LD studio\" \/>\n<meta property=\"og:description\" content=\"Topper iz pleksi stekla v obliki kri\u017ea z golobom v zlati barvi. Popolna dekoracija za krst, obhajilo, birmo ali poroko.\" \/>\n<meta property=\"og:url\" content=\"https:\/\/ldstudio.si\/index.php\/product\/topper-iz-pleksi-stekla-kriz-z-golobom-v-zlati-barvi\/\" \/>\n<meta property=\"og:site_name\" content=\"LD studio\" \/>\n<meta property=\"article:modified_time\" content=\"2026-04-03T10:32:00+00:00\" \/>\n<meta property=\"og:image\" content=\"https:\/\/ldstudio.si\/wp-content\/uploads\/2025\/07\/1775135670322.jpg\" \/>\n\t<meta property=\"og:image:width\" content=\"864\" \/>\n\t<meta property=\"og:image:height\" content=\"1128\" \/>\n\t<meta property=\"og:image:type\" content=\"image\/jpeg\" \/>\n<meta name=\"twitter:card\" content=\"summary_large_image\" \/>\n<meta name=\"twitter:label1\" content=\"Est. reading time\" \/>\n\t<meta name=\"twitter:data1\" content=\"1 minuta\" \/>\n<script type=\"application\/ld+json\" class=\"yoast-schema-graph\">{\"@context\":\"https:\/\/schema.org\",\"@graph\":[{\"@type\":\"WebPage\",\"@id\":\"https:\/\/ldstudio.si\/index.php\/product\/topper-iz-pleksi-stekla-kriz-z-golobom-v-zlati-barvi\/\",\"url\":\"https:\/\/ldstudio.si\/index.php\/product\/topper-iz-pleksi-stekla-kriz-z-golobom-v-zlati-barvi\/\",\"name\":\"Topper iz pleksi stekla \u2013 kri\u017e z golobom v zlati barvi - LD studio\",\"isPartOf\":{\"@id\":\"https:\/\/ldstudio.si\/#website\"},\"primaryImageOfPage\":{\"@id\":\"https:\/\/ldstudio.si\/index.php\/product\/topper-iz-pleksi-stekla-kriz-z-golobom-v-zlati-barvi\/#primaryimage\"},\"image\":{\"@id\":\"https:\/\/ldstudio.si\/index.php\/product\/topper-iz-pleksi-stekla-kriz-z-golobom-v-zlati-barvi\/#primaryimage\"},\"thumbnailUrl\":\"https:\/\/ldstudio.si\/wp-content\/uploads\/2025\/07\/1775135670322.jpg\",\"datePublished\":\"2025-07-09T12:33:43+00:00\",\"dateModified\":\"2026-04-03T10:32:00+00:00\",\"description\":\"Topper iz pleksi stekla v obliki kri\u017ea z golobom v zlati barvi. Popolna dekoracija za krst, obhajilo, birmo ali poroko.\",\"breadcrumb\":{\"@id\":\"https:\/\/ldstudio.si\/index.php\/product\/topper-iz-pleksi-stekla-kriz-z-golobom-v-zlati-barvi\/#breadcrumb\"},\"inLanguage\":\"sl-SI\",\"potentialAction\":[{\"@type\":\"ReadAction\",\"target\":[\"https:\/\/ldstudio.si\/index.php\/product\/topper-iz-pleksi-stekla-kriz-z-golobom-v-zlati-barvi\/\"]}]},{\"@type\":\"ImageObject\",\"inLanguage\":\"sl-SI\",\"@id\":\"https:\/\/ldstudio.si\/index.php\/product\/topper-iz-pleksi-stekla-kriz-z-golobom-v-zlati-barvi\/#primaryimage\",\"url\":\"https:\/\/ldstudio.si\/wp-content\/uploads\/2025\/07\/1775135670322.jpg\",\"contentUrl\":\"https:\/\/ldstudio.si\/wp-content\/uploads\/2025\/07\/1775135670322.jpg\",\"width\":864,\"height\":1128,\"caption\":\"Eleganten zlat topper s simbolom kri\u017ea in goloba za svete zakramente.\"},{\"@type\":\"BreadcrumbList\",\"@id\":\"https:\/\/ldstudio.si\/index.php\/product\/topper-iz-pleksi-stekla-kriz-z-golobom-v-zlati-barvi\/#breadcrumb\",\"itemListElement\":[{\"@type\":\"ListItem\",\"position\":1,\"name\":\"Home\",\"item\":\"https:\/\/ldstudio.si\/\"},{\"@type\":\"ListItem\",\"position\":2,\"name\":\"Trgovina\",\"item\":\"https:\/\/ldstudio.si\/index.php\/trgovina\/\"},{\"@type\":\"ListItem\",\"position\":3,\"name\":\"Topper iz pleksi stekla \u2013 kri\u017e z golobom v zlati barvi\"}]},{\"@type\":\"WebSite\",\"@id\":\"https:\/\/ldstudio.si\/#website\",\"url\":\"https:\/\/ldstudio.si\/\",\"name\":\"LD studio\",\"description\":\"\",\"publisher\":{\"@id\":\"https:\/\/ldstudio.si\/#organization\"},\"potentialAction\":[{\"@type\":\"SearchAction\",\"target\":{\"@type\":\"EntryPoint\",\"urlTemplate\":\"https:\/\/ldstudio.si\/?s={search_term_string}\"},\"query-input\":{\"@type\":\"PropertyValueSpecification\",\"valueRequired\":true,\"valueName\":\"search_term_string\"}}],\"inLanguage\":\"sl-SI\"},{\"@type\":\"Organization\",\"@id\":\"https:\/\/ldstudio.si\/#organization\",\"name\":\"LD studio\",\"url\":\"https:\/\/ldstudio.si\/\",\"logo\":{\"@type\":\"ImageObject\",\"inLanguage\":\"sl-SI\",\"@id\":\"https:\/\/ldstudio.si\/#\/schema\/logo\/image\/\",\"url\":\"https:\/\/ldstudio.si\/wp-content\/uploads\/2024\/11\/Artboard-1@2x.png\",\"contentUrl\":\"https:\/\/ldstudio.si\/wp-content\/uploads\/2024\/11\/Artboard-1@2x.png\",\"width\":543,\"height\":602,\"caption\":\"LD studio\"},\"image\":{\"@id\":\"https:\/\/ldstudio.si\/#\/schema\/logo\/image\/\"}}]}<\/script>\n<!-- \/ Yoast SEO plugin. -->","yoast_head_json":{"title":"Topper iz pleksi stekla \u2013 kri\u017e z golobom v zlati barvi - LD studio","description":"Topper iz pleksi stekla v obliki kri\u017ea z golobom v zlati barvi. Popolna dekoracija za krst, obhajilo, birmo ali poroko.","robots":{"index":"index","follow":"follow","max-snippet":"max-snippet:-1","max-image-preview":"max-image-preview:large","max-video-preview":"max-video-preview:-1"},"canonical":"https:\/\/ldstudio.si\/index.php\/product\/topper-iz-pleksi-stekla-kriz-z-golobom-v-zlati-barvi\/","og_locale":"sl_SI","og_type":"article","og_title":"Topper iz pleksi stekla \u2013 kri\u017e z golobom v zlati barvi - LD studio","og_description":"Topper iz pleksi stekla v obliki kri\u017ea z golobom v zlati barvi. Popolna dekoracija za krst, obhajilo, birmo ali poroko.","og_url":"https:\/\/ldstudio.si\/index.php\/product\/topper-iz-pleksi-stekla-kriz-z-golobom-v-zlati-barvi\/","og_site_name":"LD studio","article_modified_time":"2026-04-03T10:32:00+00:00","og_image":[{"width":864,"height":1128,"url":"https:\/\/ldstudio.si\/wp-content\/uploads\/2025\/07\/1775135670322.jpg","type":"image\/jpeg"}],"twitter_card":"summary_large_image","twitter_misc":{"Est. reading time":"1 minuta"},"schema":{"@context":"https:\/\/schema.org","@graph":[{"@type":"WebPage","@id":"https:\/\/ldstudio.si\/index.php\/product\/topper-iz-pleksi-stekla-kriz-z-golobom-v-zlati-barvi\/","url":"https:\/\/ldstudio.si\/index.php\/product\/topper-iz-pleksi-stekla-kriz-z-golobom-v-zlati-barvi\/","name":"Topper iz pleksi stekla \u2013 kri\u017e z golobom v zlati barvi - LD studio","isPartOf":{"@id":"https:\/\/ldstudio.si\/#website"},"primaryImageOfPage":{"@id":"https:\/\/ldstudio.si\/index.php\/product\/topper-iz-pleksi-stekla-kriz-z-golobom-v-zlati-barvi\/#primaryimage"},"image":{"@id":"https:\/\/ldstudio.si\/index.php\/product\/topper-iz-pleksi-stekla-kriz-z-golobom-v-zlati-barvi\/#primaryimage"},"thumbnailUrl":"https:\/\/ldstudio.si\/wp-content\/uploads\/2025\/07\/1775135670322.jpg","datePublished":"2025-07-09T12:33:43+00:00","dateModified":"2026-04-03T10:32:00+00:00","description":"Topper iz pleksi stekla v obliki kri\u017ea z golobom v zlati barvi. Popolna dekoracija za krst, obhajilo, birmo ali poroko.","breadcrumb":{"@id":"https:\/\/ldstudio.si\/index.php\/product\/topper-iz-pleksi-stekla-kriz-z-golobom-v-zlati-barvi\/#breadcrumb"},"inLanguage":"sl-SI","potentialAction":[{"@type":"ReadAction","target":["https:\/\/ldstudio.si\/index.php\/product\/topper-iz-pleksi-stekla-kriz-z-golobom-v-zlati-barvi\/"]}]},{"@type":"ImageObject","inLanguage":"sl-SI","@id":"https:\/\/ldstudio.si\/index.php\/product\/topper-iz-pleksi-stekla-kriz-z-golobom-v-zlati-barvi\/#primaryimage","url":"https:\/\/ldstudio.si\/wp-content\/uploads\/2025\/07\/1775135670322.jpg","contentUrl":"https:\/\/ldstudio.si\/wp-content\/uploads\/2025\/07\/1775135670322.jpg","width":864,"height":1128,"caption":"Eleganten zlat topper s simbolom kri\u017ea in goloba za svete zakramente."},{"@type":"BreadcrumbList","@id":"https:\/\/ldstudio.si\/index.php\/product\/topper-iz-pleksi-stekla-kriz-z-golobom-v-zlati-barvi\/#breadcrumb","itemListElement":[{"@type":"ListItem","position":1,"name":"Home","item":"https:\/\/ldstudio.si\/"},{"@type":"ListItem","position":2,"name":"Trgovina","item":"https:\/\/ldstudio.si\/index.php\/trgovina\/"},{"@type":"ListItem","position":3,"name":"Topper iz pleksi stekla \u2013 kri\u017e z golobom v zlati barvi"}]},{"@type":"WebSite","@id":"https:\/\/ldstudio.si\/#website","url":"https:\/\/ldstudio.si\/","name":"LD studio","description":"","publisher":{"@id":"https:\/\/ldstudio.si\/#organization"},"potentialAction":[{"@type":"SearchAction","target":{"@type":"EntryPoint","urlTemplate":"https:\/\/ldstudio.si\/?s={search_term_string}"},"query-input":{"@type":"PropertyValueSpecification","valueRequired":true,"valueName":"search_term_string"}}],"inLanguage":"sl-SI"},{"@type":"Organization","@id":"https:\/\/ldstudio.si\/#organization","name":"LD studio","url":"https:\/\/ldstudio.si\/","logo":{"@type":"ImageObject","inLanguage":"sl-SI","@id":"https:\/\/ldstudio.si\/#\/schema\/logo\/image\/","url":"https:\/\/ldstudio.si\/wp-content\/uploads\/2024\/11\/Artboard-1@2x.png","contentUrl":"https:\/\/ldstudio.si\/wp-content\/uploads\/2024\/11\/Artboard-1@2x.png","width":543,"height":602,"caption":"LD studio"},"image":{"@id":"https:\/\/ldstudio.si\/#\/schema\/logo\/image\/"}}]}},"wcpa_form_fields":null,"_links":{"self":[{"href":"https:\/\/ldstudio.si\/index.php\/wp-json\/wp\/v2\/product\/2294","targetHints":{"allow":["GET"]}}],"collection":[{"href":"https:\/\/ldstudio.si\/index.php\/wp-json\/wp\/v2\/product"}],"about":[{"href":"https:\/\/ldstudio.si\/index.php\/wp-json\/wp\/v2\/types\/product"}],"replies":[{"embeddable":true,"href":"https:\/\/ldstudio.si\/index.php\/wp-json\/wp\/v2\/comments?post=2294"}],"wp:featuredmedia":[{"embeddable":true,"href":"https:\/\/ldstudio.si\/index.php\/wp-json\/wp\/v2\/media\/2806"}],"wp:attachment":[{"href":"https:\/\/ldstudio.si\/index.php\/wp-json\/wp\/v2\/media?parent=2294"}],"wp:term":[{"taxonomy":"product_brand","embeddable":true,"href":"https:\/\/ldstudio.si\/index.php\/wp-json\/wp\/v2\/product_brand?post=2294"},{"taxonomy":"product_cat","embeddable":true,"href":"https:\/\/ldstudio.si\/index.php\/wp-json\/wp\/v2\/product_cat?post=2294"},{"taxonomy":"product_tag","embeddable":true,"href":"https:\/\/ldstudio.si\/index.php\/wp-json\/wp\/v2\/product_tag?post=2294"}],"curies":[{"name":"wp","href":"https:\/\/api.w.org\/{rel}","templated":true}]}}