{"id":2205,"date":"2025-05-16T13:38:26","date_gmt":"2025-05-16T13:38:26","guid":{"rendered":"https:\/\/ldstudio.si\/?post_type=product&#038;p=2205"},"modified":"2026-04-03T12:13:46","modified_gmt":"2026-04-03T12:13:46","slug":"personaliziran-topper-za-sveti-zakrament-brez-simbolov","status":"publish","type":"product","link":"https:\/\/ldstudio.si\/index.php\/product\/personaliziran-topper-za-sveti-zakrament-brez-simbolov\/","title":{"rendered":"Personaliziran topper za sveti zakrament \u2013 brez simbolov"},"content":{"rendered":"<p>V\u010dasih je manj ve\u010d. Na\u0161 personaliziran lesen topper brez dodatnih simbolov je popolna izbira za tiste, ki si \u017eelite \u010diste elegance in osredoto\u010denosti na slavljenca. Napis z imenom v moderni pisavi doda torti osebno noto, ne da bi pri tem preglasil njen dizajn.<\/p>\n<p>Dodajte poseben pridih torti ob svetem zakramentu z na\u0161im elegantnim, personaliziranim topperjem. Izdelek je narejen iz lahkega in kakovostnega lesa, brez verskih simbolov \u2013 primeren za vse, ki i\u0161\u010dejo minimalisti\u010dno, a sve\u010dano dekoracijo. Topper vklju\u010duje ime in napis. Zaradi ne\u017enega in naravnega videza se odli\u010dno poda k vsakemu stilu slavja.<\/p>\n<p><u>Lastnosti:<\/u><br \/>\nMaterial: les (topol vezana plo\u0161\u010da, debeline 4mm)<br \/>\nVelikost: cca 18 cm<\/p>\n","protected":false},"excerpt":{"rendered":"<p>V\u010dasih je manj ve\u010d. Na\u0161 personaliziran lesen topper brez dodatnih simbolov je popolna izbira za tiste, ki si \u017eelite \u010diste elegance in osredoto\u010denosti na slavljenca. Napis z imenom v moderni pisavi doda torti osebno noto, ne da bi pri tem preglasil njen dizajn. Dodajte poseben pridih torti ob svetem zakramentu z na\u0161im elegantnim, personaliziranim topperjem. [&hellip;]<\/p>\n","protected":false},"featured_media":2822,"comment_status":"open","ping_status":"closed","template":"","meta":[],"product_brand":[],"product_cat":[62],"product_tag":[],"class_list":{"0":"post-2205","1":"product","2":"type-product","3":"status-publish","4":"has-post-thumbnail","6":"product_cat-napisi-za-torte","7":"wcpa_has_options","9":"first","10":"instock","11":"shipping-taxable","12":"purchasable","13":"product-type-simple"},"yoast_head":"<!-- This site is optimized with the Yoast SEO plugin v25.0 - https:\/\/yoast.com\/wordpress\/plugins\/seo\/ -->\n<title>Personaliziran topper za sveti zakrament \u2013 brez simbolov - LD studio<\/title>\n<meta name=\"description\" content=\"Personaliziran topper za sveti zakrament brez verskih simbolov. Elegantna lesena dekoracija s poljubnim imenom \u2013 popoln dodatek k torti!\" \/>\n<meta name=\"robots\" content=\"index, follow, max-snippet:-1, max-image-preview:large, max-video-preview:-1\" \/>\n<link rel=\"canonical\" href=\"https:\/\/ldstudio.si\/index.php\/product\/personaliziran-topper-za-sveti-zakrament-brez-simbolov\/\" \/>\n<meta property=\"og:locale\" content=\"sl_SI\" \/>\n<meta property=\"og:type\" content=\"article\" \/>\n<meta property=\"og:title\" content=\"Personaliziran topper za sveti zakrament \u2013 brez simbolov - LD studio\" \/>\n<meta property=\"og:description\" content=\"Personaliziran topper za sveti zakrament brez verskih simbolov. Elegantna lesena dekoracija s poljubnim imenom \u2013 popoln dodatek k torti!\" \/>\n<meta property=\"og:url\" content=\"https:\/\/ldstudio.si\/index.php\/product\/personaliziran-topper-za-sveti-zakrament-brez-simbolov\/\" \/>\n<meta property=\"og:site_name\" content=\"LD studio\" \/>\n<meta property=\"article:modified_time\" content=\"2026-04-03T12:13:46+00:00\" \/>\n<meta property=\"og:image\" content=\"https:\/\/ldstudio.si\/wp-content\/uploads\/2026\/03\/1775218370881.jpg\" \/>\n\t<meta property=\"og:image:width\" content=\"893\" \/>\n\t<meta property=\"og:image:height\" content=\"1116\" \/>\n\t<meta property=\"og:image:type\" content=\"image\/jpeg\" \/>\n<meta name=\"twitter:card\" content=\"summary_large_image\" \/>\n<meta name=\"twitter:label1\" content=\"Est. reading time\" \/>\n\t<meta name=\"twitter:data1\" content=\"1 minuta\" \/>\n<script type=\"application\/ld+json\" class=\"yoast-schema-graph\">{\"@context\":\"https:\/\/schema.org\",\"@graph\":[{\"@type\":\"WebPage\",\"@id\":\"https:\/\/ldstudio.si\/index.php\/product\/personaliziran-topper-za-sveti-zakrament-brez-simbolov\/\",\"url\":\"https:\/\/ldstudio.si\/index.php\/product\/personaliziran-topper-za-sveti-zakrament-brez-simbolov\/\",\"name\":\"Personaliziran topper za sveti zakrament \u2013 brez simbolov - LD studio\",\"isPartOf\":{\"@id\":\"https:\/\/ldstudio.si\/#website\"},\"primaryImageOfPage\":{\"@id\":\"https:\/\/ldstudio.si\/index.php\/product\/personaliziran-topper-za-sveti-zakrament-brez-simbolov\/#primaryimage\"},\"image\":{\"@id\":\"https:\/\/ldstudio.si\/index.php\/product\/personaliziran-topper-za-sveti-zakrament-brez-simbolov\/#primaryimage\"},\"thumbnailUrl\":\"https:\/\/ldstudio.si\/wp-content\/uploads\/2026\/03\/1775218370881.jpg\",\"datePublished\":\"2025-05-16T13:38:26+00:00\",\"dateModified\":\"2026-04-03T12:13:46+00:00\",\"description\":\"Personaliziran topper za sveti zakrament brez verskih simbolov. Elegantna lesena dekoracija s poljubnim imenom \u2013 popoln dodatek k torti!\",\"breadcrumb\":{\"@id\":\"https:\/\/ldstudio.si\/index.php\/product\/personaliziran-topper-za-sveti-zakrament-brez-simbolov\/#breadcrumb\"},\"inLanguage\":\"sl-SI\",\"potentialAction\":[{\"@type\":\"ReadAction\",\"target\":[\"https:\/\/ldstudio.si\/index.php\/product\/personaliziran-topper-za-sveti-zakrament-brez-simbolov\/\"]}]},{\"@type\":\"ImageObject\",\"inLanguage\":\"sl-SI\",\"@id\":\"https:\/\/ldstudio.si\/index.php\/product\/personaliziran-topper-za-sveti-zakrament-brez-simbolov\/#primaryimage\",\"url\":\"https:\/\/ldstudio.si\/wp-content\/uploads\/2026\/03\/1775218370881.jpg\",\"contentUrl\":\"https:\/\/ldstudio.si\/wp-content\/uploads\/2026\/03\/1775218370881.jpg\",\"width\":893,\"height\":1116,\"caption\":\"Preprost in eleganten lesen napis z imenom po meri.\"},{\"@type\":\"BreadcrumbList\",\"@id\":\"https:\/\/ldstudio.si\/index.php\/product\/personaliziran-topper-za-sveti-zakrament-brez-simbolov\/#breadcrumb\",\"itemListElement\":[{\"@type\":\"ListItem\",\"position\":1,\"name\":\"Home\",\"item\":\"https:\/\/ldstudio.si\/\"},{\"@type\":\"ListItem\",\"position\":2,\"name\":\"Trgovina\",\"item\":\"https:\/\/ldstudio.si\/index.php\/trgovina\/\"},{\"@type\":\"ListItem\",\"position\":3,\"name\":\"Personaliziran topper za sveti zakrament \u2013 brez simbolov\"}]},{\"@type\":\"WebSite\",\"@id\":\"https:\/\/ldstudio.si\/#website\",\"url\":\"https:\/\/ldstudio.si\/\",\"name\":\"LD studio\",\"description\":\"\",\"publisher\":{\"@id\":\"https:\/\/ldstudio.si\/#organization\"},\"potentialAction\":[{\"@type\":\"SearchAction\",\"target\":{\"@type\":\"EntryPoint\",\"urlTemplate\":\"https:\/\/ldstudio.si\/?s={search_term_string}\"},\"query-input\":{\"@type\":\"PropertyValueSpecification\",\"valueRequired\":true,\"valueName\":\"search_term_string\"}}],\"inLanguage\":\"sl-SI\"},{\"@type\":\"Organization\",\"@id\":\"https:\/\/ldstudio.si\/#organization\",\"name\":\"LD studio\",\"url\":\"https:\/\/ldstudio.si\/\",\"logo\":{\"@type\":\"ImageObject\",\"inLanguage\":\"sl-SI\",\"@id\":\"https:\/\/ldstudio.si\/#\/schema\/logo\/image\/\",\"url\":\"https:\/\/ldstudio.si\/wp-content\/uploads\/2024\/11\/Artboard-1@2x.png\",\"contentUrl\":\"https:\/\/ldstudio.si\/wp-content\/uploads\/2024\/11\/Artboard-1@2x.png\",\"width\":543,\"height\":602,\"caption\":\"LD studio\"},\"image\":{\"@id\":\"https:\/\/ldstudio.si\/#\/schema\/logo\/image\/\"}}]}<\/script>\n<!-- \/ Yoast SEO plugin. -->","yoast_head_json":{"title":"Personaliziran topper za sveti zakrament \u2013 brez simbolov - LD studio","description":"Personaliziran topper za sveti zakrament brez verskih simbolov. Elegantna lesena dekoracija s poljubnim imenom \u2013 popoln dodatek k torti!","robots":{"index":"index","follow":"follow","max-snippet":"max-snippet:-1","max-image-preview":"max-image-preview:large","max-video-preview":"max-video-preview:-1"},"canonical":"https:\/\/ldstudio.si\/index.php\/product\/personaliziran-topper-za-sveti-zakrament-brez-simbolov\/","og_locale":"sl_SI","og_type":"article","og_title":"Personaliziran topper za sveti zakrament \u2013 brez simbolov - LD studio","og_description":"Personaliziran topper za sveti zakrament brez verskih simbolov. Elegantna lesena dekoracija s poljubnim imenom \u2013 popoln dodatek k torti!","og_url":"https:\/\/ldstudio.si\/index.php\/product\/personaliziran-topper-za-sveti-zakrament-brez-simbolov\/","og_site_name":"LD studio","article_modified_time":"2026-04-03T12:13:46+00:00","og_image":[{"width":893,"height":1116,"url":"https:\/\/ldstudio.si\/wp-content\/uploads\/2026\/03\/1775218370881.jpg","type":"image\/jpeg"}],"twitter_card":"summary_large_image","twitter_misc":{"Est. reading time":"1 minuta"},"schema":{"@context":"https:\/\/schema.org","@graph":[{"@type":"WebPage","@id":"https:\/\/ldstudio.si\/index.php\/product\/personaliziran-topper-za-sveti-zakrament-brez-simbolov\/","url":"https:\/\/ldstudio.si\/index.php\/product\/personaliziran-topper-za-sveti-zakrament-brez-simbolov\/","name":"Personaliziran topper za sveti zakrament \u2013 brez simbolov - LD studio","isPartOf":{"@id":"https:\/\/ldstudio.si\/#website"},"primaryImageOfPage":{"@id":"https:\/\/ldstudio.si\/index.php\/product\/personaliziran-topper-za-sveti-zakrament-brez-simbolov\/#primaryimage"},"image":{"@id":"https:\/\/ldstudio.si\/index.php\/product\/personaliziran-topper-za-sveti-zakrament-brez-simbolov\/#primaryimage"},"thumbnailUrl":"https:\/\/ldstudio.si\/wp-content\/uploads\/2026\/03\/1775218370881.jpg","datePublished":"2025-05-16T13:38:26+00:00","dateModified":"2026-04-03T12:13:46+00:00","description":"Personaliziran topper za sveti zakrament brez verskih simbolov. Elegantna lesena dekoracija s poljubnim imenom \u2013 popoln dodatek k torti!","breadcrumb":{"@id":"https:\/\/ldstudio.si\/index.php\/product\/personaliziran-topper-za-sveti-zakrament-brez-simbolov\/#breadcrumb"},"inLanguage":"sl-SI","potentialAction":[{"@type":"ReadAction","target":["https:\/\/ldstudio.si\/index.php\/product\/personaliziran-topper-za-sveti-zakrament-brez-simbolov\/"]}]},{"@type":"ImageObject","inLanguage":"sl-SI","@id":"https:\/\/ldstudio.si\/index.php\/product\/personaliziran-topper-za-sveti-zakrament-brez-simbolov\/#primaryimage","url":"https:\/\/ldstudio.si\/wp-content\/uploads\/2026\/03\/1775218370881.jpg","contentUrl":"https:\/\/ldstudio.si\/wp-content\/uploads\/2026\/03\/1775218370881.jpg","width":893,"height":1116,"caption":"Preprost in eleganten lesen napis z imenom po meri."},{"@type":"BreadcrumbList","@id":"https:\/\/ldstudio.si\/index.php\/product\/personaliziran-topper-za-sveti-zakrament-brez-simbolov\/#breadcrumb","itemListElement":[{"@type":"ListItem","position":1,"name":"Home","item":"https:\/\/ldstudio.si\/"},{"@type":"ListItem","position":2,"name":"Trgovina","item":"https:\/\/ldstudio.si\/index.php\/trgovina\/"},{"@type":"ListItem","position":3,"name":"Personaliziran topper za sveti zakrament \u2013 brez simbolov"}]},{"@type":"WebSite","@id":"https:\/\/ldstudio.si\/#website","url":"https:\/\/ldstudio.si\/","name":"LD studio","description":"","publisher":{"@id":"https:\/\/ldstudio.si\/#organization"},"potentialAction":[{"@type":"SearchAction","target":{"@type":"EntryPoint","urlTemplate":"https:\/\/ldstudio.si\/?s={search_term_string}"},"query-input":{"@type":"PropertyValueSpecification","valueRequired":true,"valueName":"search_term_string"}}],"inLanguage":"sl-SI"},{"@type":"Organization","@id":"https:\/\/ldstudio.si\/#organization","name":"LD studio","url":"https:\/\/ldstudio.si\/","logo":{"@type":"ImageObject","inLanguage":"sl-SI","@id":"https:\/\/ldstudio.si\/#\/schema\/logo\/image\/","url":"https:\/\/ldstudio.si\/wp-content\/uploads\/2024\/11\/Artboard-1@2x.png","contentUrl":"https:\/\/ldstudio.si\/wp-content\/uploads\/2024\/11\/Artboard-1@2x.png","width":543,"height":602,"caption":"LD studio"},"image":{"@id":"https:\/\/ldstudio.si\/#\/schema\/logo\/image\/"}}]}},"wcpa_form_fields":{"wcpaData":{"product":{"product_price":11.9000000000000003552713678800500929355621337890625,"price_html":"<span class=\"woocommerce-Price-amount amount\"><bdi>11,90&nbsp;<span class=\"woocommerce-Price-currencySymbol\">&euro;<\/span><\/bdi><\/span>","original_product_price":11.9000000000000003552713678800500929355621337890625,"price_including_tax":11.9000000000000003552713678800500929355621337890625,"price_excluding_tax":11.9000000000000003552713678800500929355621337890625,"product_id":{"parent":2205,"variation":false},"is_variable":false,"stock_status":"instock","stock_quantity":null,"parent_sku":"","product_attributes":[],"custom_fields":[],"is_taxable":false,"product_name":"Personaliziran topper za sveti zakrament \u2013 brez simbolov","hasImage":false},"fields":{"sec_8682715df50894":{"extra":{"key":"sec_8682715df50894","section_id":"sec_8682715df50894","name":"Default","status":1,"cl_rule":"show","enableCl":false,"relations":[],"toggle":true,"title_tag":"h3","show_title":false,"showPrice":"default","form_id":2202,"form_rules":{"exclude_from_discount":false,"fee_label":"Pristojbina","disp_hide_options_price":false,"disp_show_section_price":false,"disp_show_field_price":true,"layout_option":"standard","pric_use_as_fee":false,"process_fee_as":"woo_fee"},"layout_option":"standard"},"fields":[[{"active":true,"col":6,"relations":false,"cl_rule":"show","enableCl":false,"price":"","enablePrice":false,"className":"","label_position":"default","desc_position":"default","type":"select","required":true,"elementId":"select_3919742771","label":"ZAKRAMENT","name":"select_3919742771","values":[{"label":"SVETI KRST","value":"SVETI KRST","selected":false,"tempId":"aco_178","gt_translate_keys":["label"]},{"label":"SVETO OBHAJILO","value":"SVETO OBHAJILO","selected":false,"tempId":"aco_179","gt_translate_keys":["label"]},{"label":"SVETA BIRMA","value":"SVETA BIRMA","selected":false,"tempId":"aco_180","gt_translate_keys":["label"]}],"dropdown_type":"basic","error":false,"gt_translate_keys":["label"],"price_dependency":false,"cl_dependency":false,"value":""}]]},"sec_2673ae713d6c05":{"extra":{"key":"sec_2673ae713d6c05","section_id":"sec_2673ae713d6c05","name":"Default","status":1,"toggle":true,"form_id":1468,"form_rules":{"exclude_from_discount":false,"fee_label":"Pristojbina","disp_hide_options_price":false,"disp_show_section_price":false,"disp_show_field_price":true,"layout_option":"standard","pric_use_as_fee":false,"process_fee_as":"woo_fee"},"layout_option":"standard"},"fields":[[{"active":true,"col":6,"relations":false,"cl_rule":"show","enableCl":false,"price":"","enablePrice":false,"className":"","type":"text","subtype":"text","required":true,"elementId":"text_9135050721","label":"IME","name":"text_9135050721","value":"","error":false,"gt_translate_keys":["label","value"],"price_dependency":false,"cl_dependency":false}]]}},"config":{"price_override":"","enable_recaptcha":false,"bind_quantity":false,"quantity_bind_formula":false,"disp_summ_show_option_price":true,"disp_summ_show_product_price":true,"disp_summ_show_total_price":true,"disp_summ_show_fee":false,"disp_summ_show_discount":false,"summary_title":"","options_total_label":"Cena mo\u017enosti","total_label":"Skupaj","options_product_label":"Cena izdelka","fee_label":"Pristojbina","discount_label":"Popust","has_price":true,"has_quantity_formula":false},"mc_unit":1,"tax_rate":1,"tax_rate_real":1,"discount":{"percentage":0,"fixed":0},"design":{"conf":{"LabelPosition":"above","DescPosition":"above","UploadField":"custom_1","QuantityFieldStyle":"default"},"css":{"LeftLabelWidth":"120px"}},"formulas":[],"clones":false,"cartKey":false}},"_links":{"self":[{"href":"https:\/\/ldstudio.si\/index.php\/wp-json\/wp\/v2\/product\/2205","targetHints":{"allow":["GET"]}}],"collection":[{"href":"https:\/\/ldstudio.si\/index.php\/wp-json\/wp\/v2\/product"}],"about":[{"href":"https:\/\/ldstudio.si\/index.php\/wp-json\/wp\/v2\/types\/product"}],"replies":[{"embeddable":true,"href":"https:\/\/ldstudio.si\/index.php\/wp-json\/wp\/v2\/comments?post=2205"}],"wp:featuredmedia":[{"embeddable":true,"href":"https:\/\/ldstudio.si\/index.php\/wp-json\/wp\/v2\/media\/2822"}],"wp:attachment":[{"href":"https:\/\/ldstudio.si\/index.php\/wp-json\/wp\/v2\/media?parent=2205"}],"wp:term":[{"taxonomy":"product_brand","embeddable":true,"href":"https:\/\/ldstudio.si\/index.php\/wp-json\/wp\/v2\/product_brand?post=2205"},{"taxonomy":"product_cat","embeddable":true,"href":"https:\/\/ldstudio.si\/index.php\/wp-json\/wp\/v2\/product_cat?post=2205"},{"taxonomy":"product_tag","embeddable":true,"href":"https:\/\/ldstudio.si\/index.php\/wp-json\/wp\/v2\/product_tag?post=2205"}],"curies":[{"name":"wp","href":"https:\/\/api.w.org\/{rel}","templated":true}]}}