{"id":2192,"date":"2025-05-16T08:27:15","date_gmt":"2025-05-16T08:27:15","guid":{"rendered":"https:\/\/ldstudio.si\/?post_type=product&#038;p=2192"},"modified":"2026-04-10T07:59:42","modified_gmt":"2026-04-10T07:59:42","slug":"spominek-na-sveti-zakrament-golobcek-in-roze","status":"publish","type":"product","link":"https:\/\/ldstudio.si\/index.php\/product\/spominek-na-sveti-zakrament-golobcek-in-roze\/","title":{"rendered":"Spominek na sveti zakrament \u2013 Golob\u010dek in ro\u017ee"},"content":{"rendered":"<p class=\"\" data-start=\"330\" data-end=\"579\">Podarite edinstven in eleganten spomin na sveti zakrament s to \u010dudovito personalizirano tablico iz pleksi stekla. S svojo ne\u017eno ro\u017enato barvo, motivom in osebnim imenom bo ta tablica dragocen spomin, ki bo za vedno krasil prostor.<\/p>\n<p class=\"\" data-start=\"581\" data-end=\"779\">Narejena je iz visoko kakovostnega pleksi stekla in potiskana z UV tiskom, ki omogo\u010da trajnostne in natan\u010dne barve. Tablica vklju\u010duje tudi prozorno stojalo za stabilno postavitev na polico.<\/p>\n<p data-start=\"581\" data-end=\"779\"><u>Lastnosti izdelka:<\/u><br \/>\nMaterial: pleksi steklo<br \/>\nVelikost: 15 x 21 cm\u00a0<br data-start=\"848\" data-end=\"851\" \/>Tehnika: UV tisk<br data-start=\"886\" data-end=\"889\" \/><br data-start=\"951\" data-end=\"954\" \/>Stojalo (prozorno pleksi steklo) je vklju\u010deno v ceno.<\/p>\n","protected":false},"excerpt":{"rendered":"<p>Podarite edinstven in eleganten spomin na sveti zakrament s to \u010dudovito personalizirano tablico iz pleksi stekla. S svojo ne\u017eno ro\u017enato barvo, motivom in osebnim imenom bo ta tablica dragocen spomin, ki bo za vedno krasil prostor. Narejena je iz visoko kakovostnega pleksi stekla in potiskana z UV tiskom, ki omogo\u010da trajnostne in natan\u010dne barve. Tablica [&hellip;]<\/p>\n","protected":false},"featured_media":2193,"comment_status":"open","ping_status":"closed","template":"","meta":[],"product_brand":[],"product_cat":[59],"product_tag":[],"class_list":{"0":"post-2192","1":"product","2":"type-product","3":"status-publish","4":"has-post-thumbnail","6":"product_cat-sveti-zakramenti","7":"wcpa_has_options","9":"first","10":"instock","11":"shipping-taxable","12":"purchasable","13":"product-type-simple"},"yoast_head":"<!-- This site is optimized with the Yoast SEO plugin v25.0 - https:\/\/yoast.com\/wordpress\/plugins\/seo\/ -->\n<title>Spominek na sveti zakrament \u2013 Golob\u010dek in ro\u017ee - LD studio<\/title>\n<meta name=\"description\" content=\"Podarite edinstven spomin s personalizirano tablico iz pleksi stekla za sveti zakrament. UV tisk, eleganten dizajn in mo\u017enost prilagoditve imena in datuma.\" \/>\n<meta name=\"robots\" content=\"index, follow, max-snippet:-1, max-image-preview:large, max-video-preview:-1\" \/>\n<link rel=\"canonical\" href=\"https:\/\/ldstudio.si\/index.php\/product\/spominek-na-sveti-zakrament-golobcek-in-roze\/\" \/>\n<meta property=\"og:locale\" content=\"sl_SI\" \/>\n<meta property=\"og:type\" content=\"article\" \/>\n<meta property=\"og:title\" content=\"Spominek na sveti zakrament \u2013 Golob\u010dek in ro\u017ee - LD studio\" \/>\n<meta property=\"og:description\" content=\"Podarite edinstven spomin s personalizirano tablico iz pleksi stekla za sveti zakrament. UV tisk, eleganten dizajn in mo\u017enost prilagoditve imena in datuma.\" \/>\n<meta property=\"og:url\" content=\"https:\/\/ldstudio.si\/index.php\/product\/spominek-na-sveti-zakrament-golobcek-in-roze\/\" \/>\n<meta property=\"og:site_name\" content=\"LD studio\" \/>\n<meta property=\"article:modified_time\" content=\"2026-04-10T07:59:42+00:00\" \/>\n<meta property=\"og:image\" content=\"https:\/\/ldstudio.si\/wp-content\/uploads\/2025\/05\/20250515_173908.jpg\" \/>\n\t<meta property=\"og:image:width\" content=\"1255\" \/>\n\t<meta property=\"og:image:height\" content=\"1920\" \/>\n\t<meta property=\"og:image:type\" content=\"image\/jpeg\" \/>\n<meta name=\"twitter:card\" content=\"summary_large_image\" \/>\n<meta name=\"twitter:label1\" content=\"Est. reading time\" \/>\n\t<meta name=\"twitter:data1\" content=\"1 minuta\" \/>\n<script type=\"application\/ld+json\" class=\"yoast-schema-graph\">{\"@context\":\"https:\/\/schema.org\",\"@graph\":[{\"@type\":\"WebPage\",\"@id\":\"https:\/\/ldstudio.si\/index.php\/product\/spominek-na-sveti-zakrament-golobcek-in-roze\/\",\"url\":\"https:\/\/ldstudio.si\/index.php\/product\/spominek-na-sveti-zakrament-golobcek-in-roze\/\",\"name\":\"Spominek na sveti zakrament \u2013 Golob\u010dek in ro\u017ee - LD studio\",\"isPartOf\":{\"@id\":\"https:\/\/ldstudio.si\/#website\"},\"primaryImageOfPage\":{\"@id\":\"https:\/\/ldstudio.si\/index.php\/product\/spominek-na-sveti-zakrament-golobcek-in-roze\/#primaryimage\"},\"image\":{\"@id\":\"https:\/\/ldstudio.si\/index.php\/product\/spominek-na-sveti-zakrament-golobcek-in-roze\/#primaryimage\"},\"thumbnailUrl\":\"https:\/\/ldstudio.si\/wp-content\/uploads\/2025\/05\/20250515_173908.jpg\",\"datePublished\":\"2025-05-16T08:27:15+00:00\",\"dateModified\":\"2026-04-10T07:59:42+00:00\",\"description\":\"Podarite edinstven spomin s personalizirano tablico iz pleksi stekla za sveti zakrament. UV tisk, eleganten dizajn in mo\u017enost prilagoditve imena in datuma.\",\"breadcrumb\":{\"@id\":\"https:\/\/ldstudio.si\/index.php\/product\/spominek-na-sveti-zakrament-golobcek-in-roze\/#breadcrumb\"},\"inLanguage\":\"sl-SI\",\"potentialAction\":[{\"@type\":\"ReadAction\",\"target\":[\"https:\/\/ldstudio.si\/index.php\/product\/spominek-na-sveti-zakrament-golobcek-in-roze\/\"]}]},{\"@type\":\"ImageObject\",\"inLanguage\":\"sl-SI\",\"@id\":\"https:\/\/ldstudio.si\/index.php\/product\/spominek-na-sveti-zakrament-golobcek-in-roze\/#primaryimage\",\"url\":\"https:\/\/ldstudio.si\/wp-content\/uploads\/2025\/05\/20250515_173908.jpg\",\"contentUrl\":\"https:\/\/ldstudio.si\/wp-content\/uploads\/2025\/05\/20250515_173908.jpg\",\"width\":1255,\"height\":1920,\"caption\":\"Elegantna personalizirana tablica za sveti zakrament z angelskim motivom\"},{\"@type\":\"BreadcrumbList\",\"@id\":\"https:\/\/ldstudio.si\/index.php\/product\/spominek-na-sveti-zakrament-golobcek-in-roze\/#breadcrumb\",\"itemListElement\":[{\"@type\":\"ListItem\",\"position\":1,\"name\":\"Home\",\"item\":\"https:\/\/ldstudio.si\/\"},{\"@type\":\"ListItem\",\"position\":2,\"name\":\"Trgovina\",\"item\":\"https:\/\/ldstudio.si\/index.php\/trgovina\/\"},{\"@type\":\"ListItem\",\"position\":3,\"name\":\"Spominek na sveti zakrament \u2013 Golob\u010dek in ro\u017ee\"}]},{\"@type\":\"WebSite\",\"@id\":\"https:\/\/ldstudio.si\/#website\",\"url\":\"https:\/\/ldstudio.si\/\",\"name\":\"LD studio\",\"description\":\"\",\"publisher\":{\"@id\":\"https:\/\/ldstudio.si\/#organization\"},\"potentialAction\":[{\"@type\":\"SearchAction\",\"target\":{\"@type\":\"EntryPoint\",\"urlTemplate\":\"https:\/\/ldstudio.si\/?s={search_term_string}\"},\"query-input\":{\"@type\":\"PropertyValueSpecification\",\"valueRequired\":true,\"valueName\":\"search_term_string\"}}],\"inLanguage\":\"sl-SI\"},{\"@type\":\"Organization\",\"@id\":\"https:\/\/ldstudio.si\/#organization\",\"name\":\"LD studio\",\"url\":\"https:\/\/ldstudio.si\/\",\"logo\":{\"@type\":\"ImageObject\",\"inLanguage\":\"sl-SI\",\"@id\":\"https:\/\/ldstudio.si\/#\/schema\/logo\/image\/\",\"url\":\"https:\/\/ldstudio.si\/wp-content\/uploads\/2024\/11\/Artboard-1@2x.png\",\"contentUrl\":\"https:\/\/ldstudio.si\/wp-content\/uploads\/2024\/11\/Artboard-1@2x.png\",\"width\":543,\"height\":602,\"caption\":\"LD studio\"},\"image\":{\"@id\":\"https:\/\/ldstudio.si\/#\/schema\/logo\/image\/\"}}]}<\/script>\n<!-- \/ Yoast SEO plugin. -->","yoast_head_json":{"title":"Spominek na sveti zakrament \u2013 Golob\u010dek in ro\u017ee - LD studio","description":"Podarite edinstven spomin s personalizirano tablico iz pleksi stekla za sveti zakrament. UV tisk, eleganten dizajn in mo\u017enost prilagoditve imena in datuma.","robots":{"index":"index","follow":"follow","max-snippet":"max-snippet:-1","max-image-preview":"max-image-preview:large","max-video-preview":"max-video-preview:-1"},"canonical":"https:\/\/ldstudio.si\/index.php\/product\/spominek-na-sveti-zakrament-golobcek-in-roze\/","og_locale":"sl_SI","og_type":"article","og_title":"Spominek na sveti zakrament \u2013 Golob\u010dek in ro\u017ee - LD studio","og_description":"Podarite edinstven spomin s personalizirano tablico iz pleksi stekla za sveti zakrament. UV tisk, eleganten dizajn in mo\u017enost prilagoditve imena in datuma.","og_url":"https:\/\/ldstudio.si\/index.php\/product\/spominek-na-sveti-zakrament-golobcek-in-roze\/","og_site_name":"LD studio","article_modified_time":"2026-04-10T07:59:42+00:00","og_image":[{"width":1255,"height":1920,"url":"https:\/\/ldstudio.si\/wp-content\/uploads\/2025\/05\/20250515_173908.jpg","type":"image\/jpeg"}],"twitter_card":"summary_large_image","twitter_misc":{"Est. reading time":"1 minuta"},"schema":{"@context":"https:\/\/schema.org","@graph":[{"@type":"WebPage","@id":"https:\/\/ldstudio.si\/index.php\/product\/spominek-na-sveti-zakrament-golobcek-in-roze\/","url":"https:\/\/ldstudio.si\/index.php\/product\/spominek-na-sveti-zakrament-golobcek-in-roze\/","name":"Spominek na sveti zakrament \u2013 Golob\u010dek in ro\u017ee - LD studio","isPartOf":{"@id":"https:\/\/ldstudio.si\/#website"},"primaryImageOfPage":{"@id":"https:\/\/ldstudio.si\/index.php\/product\/spominek-na-sveti-zakrament-golobcek-in-roze\/#primaryimage"},"image":{"@id":"https:\/\/ldstudio.si\/index.php\/product\/spominek-na-sveti-zakrament-golobcek-in-roze\/#primaryimage"},"thumbnailUrl":"https:\/\/ldstudio.si\/wp-content\/uploads\/2025\/05\/20250515_173908.jpg","datePublished":"2025-05-16T08:27:15+00:00","dateModified":"2026-04-10T07:59:42+00:00","description":"Podarite edinstven spomin s personalizirano tablico iz pleksi stekla za sveti zakrament. UV tisk, eleganten dizajn in mo\u017enost prilagoditve imena in datuma.","breadcrumb":{"@id":"https:\/\/ldstudio.si\/index.php\/product\/spominek-na-sveti-zakrament-golobcek-in-roze\/#breadcrumb"},"inLanguage":"sl-SI","potentialAction":[{"@type":"ReadAction","target":["https:\/\/ldstudio.si\/index.php\/product\/spominek-na-sveti-zakrament-golobcek-in-roze\/"]}]},{"@type":"ImageObject","inLanguage":"sl-SI","@id":"https:\/\/ldstudio.si\/index.php\/product\/spominek-na-sveti-zakrament-golobcek-in-roze\/#primaryimage","url":"https:\/\/ldstudio.si\/wp-content\/uploads\/2025\/05\/20250515_173908.jpg","contentUrl":"https:\/\/ldstudio.si\/wp-content\/uploads\/2025\/05\/20250515_173908.jpg","width":1255,"height":1920,"caption":"Elegantna personalizirana tablica za sveti zakrament z angelskim motivom"},{"@type":"BreadcrumbList","@id":"https:\/\/ldstudio.si\/index.php\/product\/spominek-na-sveti-zakrament-golobcek-in-roze\/#breadcrumb","itemListElement":[{"@type":"ListItem","position":1,"name":"Home","item":"https:\/\/ldstudio.si\/"},{"@type":"ListItem","position":2,"name":"Trgovina","item":"https:\/\/ldstudio.si\/index.php\/trgovina\/"},{"@type":"ListItem","position":3,"name":"Spominek na sveti zakrament \u2013 Golob\u010dek in ro\u017ee"}]},{"@type":"WebSite","@id":"https:\/\/ldstudio.si\/#website","url":"https:\/\/ldstudio.si\/","name":"LD studio","description":"","publisher":{"@id":"https:\/\/ldstudio.si\/#organization"},"potentialAction":[{"@type":"SearchAction","target":{"@type":"EntryPoint","urlTemplate":"https:\/\/ldstudio.si\/?s={search_term_string}"},"query-input":{"@type":"PropertyValueSpecification","valueRequired":true,"valueName":"search_term_string"}}],"inLanguage":"sl-SI"},{"@type":"Organization","@id":"https:\/\/ldstudio.si\/#organization","name":"LD studio","url":"https:\/\/ldstudio.si\/","logo":{"@type":"ImageObject","inLanguage":"sl-SI","@id":"https:\/\/ldstudio.si\/#\/schema\/logo\/image\/","url":"https:\/\/ldstudio.si\/wp-content\/uploads\/2024\/11\/Artboard-1@2x.png","contentUrl":"https:\/\/ldstudio.si\/wp-content\/uploads\/2024\/11\/Artboard-1@2x.png","width":543,"height":602,"caption":"LD studio"},"image":{"@id":"https:\/\/ldstudio.si\/#\/schema\/logo\/image\/"}}]}},"wcpa_form_fields":{"wcpaData":{"product":{"product_price":22.89999999999999857891452847979962825775146484375,"price_html":"<span class=\"woocommerce-Price-amount amount\"><bdi>22,90&nbsp;<span class=\"woocommerce-Price-currencySymbol\">&euro;<\/span><\/bdi><\/span>","original_product_price":22.89999999999999857891452847979962825775146484375,"price_including_tax":22.89999999999999857891452847979962825775146484375,"price_excluding_tax":22.89999999999999857891452847979962825775146484375,"product_id":{"parent":2192,"variation":false},"is_variable":false,"stock_status":"instock","stock_quantity":null,"parent_sku":"","product_attributes":[],"custom_fields":[],"is_taxable":false,"product_name":"Spominek na sveti zakrament \u2013 Golob\u010dek in ro\u017ee","hasImage":false},"fields":{"sec_467460256de623":{"extra":{"key":"sec_467460256de623","section_id":"sec_467460256de623","name":"Default","status":1,"toggle":true,"form_id":1531,"form_rules":{"exclude_from_discount":false,"fee_label":"Pristojbina","disp_hide_options_price":false,"disp_show_section_price":false,"disp_show_field_price":true,"layout_option":"standard","pric_use_as_fee":false,"process_fee_as":"woo_fee"},"layout_option":"standard"},"fields":[[{"active":true,"col":6,"relations":false,"cl_rule":"show","enableCl":false,"price":"","enablePrice":false,"className":"","type":"text","subtype":"text","required":true,"elementId":"text_6413778681","label":"VPI\u0160I BESEDILO","name":"text_6413778681","value":"","error":false,"gt_translate_keys":["label","value"],"price_dependency":false,"cl_dependency":false}]]},"sec_1673f719a7d953":{"extra":{"key":"sec_1673f719a7d953","section_id":"sec_1673f719a7d953","name":"Default","status":1,"toggle":true,"form_id":1517,"form_rules":{"exclude_from_discount":false,"fee_label":"Pristojbina","disp_hide_options_price":false,"disp_show_section_price":false,"disp_show_field_price":true,"layout_option":"standard","pric_use_as_fee":false,"process_fee_as":"woo_fee"},"layout_option":"standard"},"fields":[[{"active":true,"col":6,"relations":false,"cl_rule":"show","enableCl":false,"price":"","enablePrice":false,"className":"","type":"text","subtype":"text","required":true,"elementId":"text_2111168191","label":"IME","name":"text_2111168191","value":"","error":false,"gt_translate_keys":["label","value"],"price_dependency":false,"cl_dependency":false}],[{"active":true,"col":6,"relations":false,"cl_rule":"show","enableCl":false,"price":"","enablePrice":false,"className":"","type":"select","required":true,"elementId":"select_1113481244","label":"ZAKRAMENT","name":"select_1113481244","values":[{"label":"SVETI KRST","value":"SVETI KRST","selected":false,"tempId":"aco_141","gt_translate_keys":["label"]},{"label":"PRVO SVETO OBHAJILO","value":"PRVO SVETO OBHAJILO","selected":false,"tempId":"aco_142","gt_translate_keys":["label"]},{"label":"SVETA BIRMA","value":"SVETA BIRMA","selected":false,"tempId":"aco_143","gt_translate_keys":["label"]}],"error":false,"gt_translate_keys":["label"],"price_dependency":false,"cl_dependency":false,"value":""}],[{"active":true,"col":6,"relations":false,"cl_rule":"show","enableCl":false,"price":"","enablePrice":false,"className":"","type":"date","required":true,"elementId":"date_1190126738","name":"date_1190126738","label":"DATUM","picker_type":"custom","picker_mode":"single","error":false,"gt_translate_keys":["label"],"price_dependency":false,"cl_dependency":false,"value":""}]]}},"config":{"price_override":"","enable_recaptcha":false,"bind_quantity":false,"quantity_bind_formula":false,"disp_summ_show_option_price":true,"disp_summ_show_product_price":true,"disp_summ_show_total_price":true,"disp_summ_show_fee":false,"disp_summ_show_discount":false,"summary_title":"","options_total_label":"Cena mo\u017enosti","total_label":"Skupaj","options_product_label":"Cena izdelka","fee_label":"Pristojbina","discount_label":"Popust","has_price":true,"has_quantity_formula":false},"mc_unit":1,"tax_rate":1,"tax_rate_real":1,"discount":{"percentage":0,"fixed":0},"design":{"conf":{"LabelPosition":"above","DescPosition":"above","UploadField":"custom_1","QuantityFieldStyle":"default"},"css":{"LeftLabelWidth":"120px"}},"formulas":[],"clones":false,"cartKey":false}},"_links":{"self":[{"href":"https:\/\/ldstudio.si\/index.php\/wp-json\/wp\/v2\/product\/2192","targetHints":{"allow":["GET"]}}],"collection":[{"href":"https:\/\/ldstudio.si\/index.php\/wp-json\/wp\/v2\/product"}],"about":[{"href":"https:\/\/ldstudio.si\/index.php\/wp-json\/wp\/v2\/types\/product"}],"replies":[{"embeddable":true,"href":"https:\/\/ldstudio.si\/index.php\/wp-json\/wp\/v2\/comments?post=2192"}],"wp:featuredmedia":[{"embeddable":true,"href":"https:\/\/ldstudio.si\/index.php\/wp-json\/wp\/v2\/media\/2193"}],"wp:attachment":[{"href":"https:\/\/ldstudio.si\/index.php\/wp-json\/wp\/v2\/media?parent=2192"}],"wp:term":[{"taxonomy":"product_brand","embeddable":true,"href":"https:\/\/ldstudio.si\/index.php\/wp-json\/wp\/v2\/product_brand?post=2192"},{"taxonomy":"product_cat","embeddable":true,"href":"https:\/\/ldstudio.si\/index.php\/wp-json\/wp\/v2\/product_cat?post=2192"},{"taxonomy":"product_tag","embeddable":true,"href":"https:\/\/ldstudio.si\/index.php\/wp-json\/wp\/v2\/product_tag?post=2192"}],"curies":[{"name":"wp","href":"https:\/\/api.w.org\/{rel}","templated":true}]}}