{"id":2072,"date":"2025-03-22T17:16:27","date_gmt":"2025-03-22T17:16:27","guid":{"rendered":"https:\/\/ldstudio.si\/?post_type=product&#038;p=2072"},"modified":"2025-03-22T17:20:43","modified_gmt":"2025-03-22T17:20:43","slug":"komplet-oznanitvena-in-milestone-roznati-svet","status":"publish","type":"product","link":"https:\/\/ldstudio.si\/index.php\/product\/komplet-oznanitvena-in-milestone-roznati-svet\/","title":{"rendered":"Komplet oznanitvena in milestone &#8211; Ro\u017enati svet"},"content":{"rendered":"<p>Ujemite najlep\u0161e trenutke prvega leta va\u0161ega mal\u010dka s \u010dudovitim kompletom lesenih oznak, ki vklju\u010duje personalizirano plo\u0161\u010dico z imenom in 11 mese\u010dnih mejnikov + 1-letno obletnico.<br data-start=\"551\" data-end=\"554\" \/>Vsaka plo\u0161\u010dica je skrbno oblikovana s cvetli\u010dnim motivom in potiskana z UV tiskom za dolgo obstojnost. Idealno za mese\u010dne fotografije, darilo ob rojstvu ali kot trajen spomin za album.<\/p>\n<p><u>Lastnosti:<\/u><br \/>\nMaterial: les (topol vezana plo\u0161\u010da, debeline 4mm)<br \/>\nBarva: UV tisk (modra ali rde\u010da)<br \/>\nVelikost: fi 10 cm (milestone) in fi 15 cm (oznanitvena)<\/p>\n","protected":false},"excerpt":{"rendered":"<p>Ujemite najlep\u0161e trenutke prvega leta va\u0161ega mal\u010dka s \u010dudovitim kompletom lesenih oznak, ki vklju\u010duje personalizirano plo\u0161\u010dico z imenom in 11 mese\u010dnih mejnikov + 1-letno obletnico.Vsaka plo\u0161\u010dica je skrbno oblikovana s cvetli\u010dnim motivom in potiskana z UV tiskom za dolgo obstojnost. Idealno za mese\u010dne fotografije, darilo ob rojstvu ali kot trajen spomin za album. Lastnosti: Material: [&hellip;]<\/p>\n","protected":false},"featured_media":2074,"comment_status":"open","ping_status":"closed","template":"","meta":[],"product_brand":[],"product_cat":[54,58],"product_tag":[],"class_list":{"0":"post-2072","1":"product","2":"type-product","3":"status-publish","4":"has-post-thumbnail","6":"product_cat-otroski-koticek","7":"product_cat-oznanitvene-tablice","8":"wcpa_has_options","10":"first","11":"instock","12":"shipping-taxable","13":"purchasable","14":"product-type-variable"},"yoast_head":"<!-- This site is optimized with the Yoast SEO plugin v25.0 - https:\/\/yoast.com\/wordpress\/plugins\/seo\/ -->\n<title>Komplet oznanitvena in milestone - Ro\u017enati svet - LD studio<\/title>\n<meta name=\"description\" content=\"Personaliziran komplet kartic za novorojen\u010dka: dobrodo\u0161lica z imenom + 12 mese\u010dnih milestone kartic. Idealno darilo ob rojstvu!\" \/>\n<meta name=\"robots\" content=\"index, follow, max-snippet:-1, max-image-preview:large, max-video-preview:-1\" \/>\n<link rel=\"canonical\" href=\"https:\/\/ldstudio.si\/index.php\/product\/komplet-oznanitvena-in-milestone-roznati-svet\/\" \/>\n<meta property=\"og:locale\" content=\"sl_SI\" \/>\n<meta property=\"og:type\" content=\"article\" \/>\n<meta property=\"og:title\" content=\"Komplet oznanitvena in milestone - Ro\u017enati svet - LD studio\" \/>\n<meta property=\"og:description\" content=\"Personaliziran komplet kartic za novorojen\u010dka: dobrodo\u0161lica z imenom + 12 mese\u010dnih milestone kartic. Idealno darilo ob rojstvu!\" \/>\n<meta property=\"og:url\" content=\"https:\/\/ldstudio.si\/index.php\/product\/komplet-oznanitvena-in-milestone-roznati-svet\/\" \/>\n<meta property=\"og:site_name\" content=\"LD studio\" \/>\n<meta property=\"article:modified_time\" content=\"2025-03-22T17:20:43+00:00\" \/>\n<meta property=\"og:image\" content=\"https:\/\/ldstudio.si\/wp-content\/uploads\/2025\/03\/20250322_144059.jpg\" \/>\n\t<meta property=\"og:image:width\" content=\"1709\" \/>\n\t<meta property=\"og:image:height\" content=\"1920\" \/>\n\t<meta property=\"og:image:type\" content=\"image\/jpeg\" \/>\n<meta name=\"twitter:card\" content=\"summary_large_image\" \/>\n<meta name=\"twitter:label1\" content=\"Est. reading time\" \/>\n\t<meta name=\"twitter:data1\" content=\"1 minuta\" \/>\n<script type=\"application\/ld+json\" class=\"yoast-schema-graph\">{\"@context\":\"https:\/\/schema.org\",\"@graph\":[{\"@type\":\"WebPage\",\"@id\":\"https:\/\/ldstudio.si\/index.php\/product\/komplet-oznanitvena-in-milestone-roznati-svet\/\",\"url\":\"https:\/\/ldstudio.si\/index.php\/product\/komplet-oznanitvena-in-milestone-roznati-svet\/\",\"name\":\"Komplet oznanitvena in milestone - Ro\u017enati svet - LD studio\",\"isPartOf\":{\"@id\":\"https:\/\/ldstudio.si\/#website\"},\"primaryImageOfPage\":{\"@id\":\"https:\/\/ldstudio.si\/index.php\/product\/komplet-oznanitvena-in-milestone-roznati-svet\/#primaryimage\"},\"image\":{\"@id\":\"https:\/\/ldstudio.si\/index.php\/product\/komplet-oznanitvena-in-milestone-roznati-svet\/#primaryimage\"},\"thumbnailUrl\":\"https:\/\/ldstudio.si\/wp-content\/uploads\/2025\/03\/20250322_144059.jpg\",\"datePublished\":\"2025-03-22T17:16:27+00:00\",\"dateModified\":\"2025-03-22T17:20:43+00:00\",\"description\":\"Personaliziran komplet kartic za novorojen\u010dka: dobrodo\u0161lica z imenom + 12 mese\u010dnih milestone kartic. Idealno darilo ob rojstvu!\",\"breadcrumb\":{\"@id\":\"https:\/\/ldstudio.si\/index.php\/product\/komplet-oznanitvena-in-milestone-roznati-svet\/#breadcrumb\"},\"inLanguage\":\"sl-SI\",\"potentialAction\":[{\"@type\":\"ReadAction\",\"target\":[\"https:\/\/ldstudio.si\/index.php\/product\/komplet-oznanitvena-in-milestone-roznati-svet\/\"]}]},{\"@type\":\"ImageObject\",\"inLanguage\":\"sl-SI\",\"@id\":\"https:\/\/ldstudio.si\/index.php\/product\/komplet-oznanitvena-in-milestone-roznati-svet\/#primaryimage\",\"url\":\"https:\/\/ldstudio.si\/wp-content\/uploads\/2025\/03\/20250322_144059.jpg\",\"contentUrl\":\"https:\/\/ldstudio.si\/wp-content\/uploads\/2025\/03\/20250322_144059.jpg\",\"width\":1709,\"height\":1920,\"caption\":\"Ljubek komplet za novorojen\u010dka: 12 mese\u010dnih kartic + dobrodo\u0161lica z imenom\"},{\"@type\":\"BreadcrumbList\",\"@id\":\"https:\/\/ldstudio.si\/index.php\/product\/komplet-oznanitvena-in-milestone-roznati-svet\/#breadcrumb\",\"itemListElement\":[{\"@type\":\"ListItem\",\"position\":1,\"name\":\"Home\",\"item\":\"https:\/\/ldstudio.si\/\"},{\"@type\":\"ListItem\",\"position\":2,\"name\":\"Trgovina\",\"item\":\"https:\/\/ldstudio.si\/index.php\/trgovina\/\"},{\"@type\":\"ListItem\",\"position\":3,\"name\":\"Komplet oznanitvena in milestone &#8211; Ro\u017enati svet\"}]},{\"@type\":\"WebSite\",\"@id\":\"https:\/\/ldstudio.si\/#website\",\"url\":\"https:\/\/ldstudio.si\/\",\"name\":\"LD studio\",\"description\":\"\",\"publisher\":{\"@id\":\"https:\/\/ldstudio.si\/#organization\"},\"potentialAction\":[{\"@type\":\"SearchAction\",\"target\":{\"@type\":\"EntryPoint\",\"urlTemplate\":\"https:\/\/ldstudio.si\/?s={search_term_string}\"},\"query-input\":{\"@type\":\"PropertyValueSpecification\",\"valueRequired\":true,\"valueName\":\"search_term_string\"}}],\"inLanguage\":\"sl-SI\"},{\"@type\":\"Organization\",\"@id\":\"https:\/\/ldstudio.si\/#organization\",\"name\":\"LD studio\",\"url\":\"https:\/\/ldstudio.si\/\",\"logo\":{\"@type\":\"ImageObject\",\"inLanguage\":\"sl-SI\",\"@id\":\"https:\/\/ldstudio.si\/#\/schema\/logo\/image\/\",\"url\":\"https:\/\/ldstudio.si\/wp-content\/uploads\/2024\/11\/Artboard-1@2x.png\",\"contentUrl\":\"https:\/\/ldstudio.si\/wp-content\/uploads\/2024\/11\/Artboard-1@2x.png\",\"width\":543,\"height\":602,\"caption\":\"LD studio\"},\"image\":{\"@id\":\"https:\/\/ldstudio.si\/#\/schema\/logo\/image\/\"}}]}<\/script>\n<!-- \/ Yoast SEO plugin. -->","yoast_head_json":{"title":"Komplet oznanitvena in milestone - Ro\u017enati svet - LD studio","description":"Personaliziran komplet kartic za novorojen\u010dka: dobrodo\u0161lica z imenom + 12 mese\u010dnih milestone kartic. Idealno darilo ob rojstvu!","robots":{"index":"index","follow":"follow","max-snippet":"max-snippet:-1","max-image-preview":"max-image-preview:large","max-video-preview":"max-video-preview:-1"},"canonical":"https:\/\/ldstudio.si\/index.php\/product\/komplet-oznanitvena-in-milestone-roznati-svet\/","og_locale":"sl_SI","og_type":"article","og_title":"Komplet oznanitvena in milestone - Ro\u017enati svet - LD studio","og_description":"Personaliziran komplet kartic za novorojen\u010dka: dobrodo\u0161lica z imenom + 12 mese\u010dnih milestone kartic. Idealno darilo ob rojstvu!","og_url":"https:\/\/ldstudio.si\/index.php\/product\/komplet-oznanitvena-in-milestone-roznati-svet\/","og_site_name":"LD studio","article_modified_time":"2025-03-22T17:20:43+00:00","og_image":[{"width":1709,"height":1920,"url":"https:\/\/ldstudio.si\/wp-content\/uploads\/2025\/03\/20250322_144059.jpg","type":"image\/jpeg"}],"twitter_card":"summary_large_image","twitter_misc":{"Est. reading time":"1 minuta"},"schema":{"@context":"https:\/\/schema.org","@graph":[{"@type":"WebPage","@id":"https:\/\/ldstudio.si\/index.php\/product\/komplet-oznanitvena-in-milestone-roznati-svet\/","url":"https:\/\/ldstudio.si\/index.php\/product\/komplet-oznanitvena-in-milestone-roznati-svet\/","name":"Komplet oznanitvena in milestone - Ro\u017enati svet - LD studio","isPartOf":{"@id":"https:\/\/ldstudio.si\/#website"},"primaryImageOfPage":{"@id":"https:\/\/ldstudio.si\/index.php\/product\/komplet-oznanitvena-in-milestone-roznati-svet\/#primaryimage"},"image":{"@id":"https:\/\/ldstudio.si\/index.php\/product\/komplet-oznanitvena-in-milestone-roznati-svet\/#primaryimage"},"thumbnailUrl":"https:\/\/ldstudio.si\/wp-content\/uploads\/2025\/03\/20250322_144059.jpg","datePublished":"2025-03-22T17:16:27+00:00","dateModified":"2025-03-22T17:20:43+00:00","description":"Personaliziran komplet kartic za novorojen\u010dka: dobrodo\u0161lica z imenom + 12 mese\u010dnih milestone kartic. Idealno darilo ob rojstvu!","breadcrumb":{"@id":"https:\/\/ldstudio.si\/index.php\/product\/komplet-oznanitvena-in-milestone-roznati-svet\/#breadcrumb"},"inLanguage":"sl-SI","potentialAction":[{"@type":"ReadAction","target":["https:\/\/ldstudio.si\/index.php\/product\/komplet-oznanitvena-in-milestone-roznati-svet\/"]}]},{"@type":"ImageObject","inLanguage":"sl-SI","@id":"https:\/\/ldstudio.si\/index.php\/product\/komplet-oznanitvena-in-milestone-roznati-svet\/#primaryimage","url":"https:\/\/ldstudio.si\/wp-content\/uploads\/2025\/03\/20250322_144059.jpg","contentUrl":"https:\/\/ldstudio.si\/wp-content\/uploads\/2025\/03\/20250322_144059.jpg","width":1709,"height":1920,"caption":"Ljubek komplet za novorojen\u010dka: 12 mese\u010dnih kartic + dobrodo\u0161lica z imenom"},{"@type":"BreadcrumbList","@id":"https:\/\/ldstudio.si\/index.php\/product\/komplet-oznanitvena-in-milestone-roznati-svet\/#breadcrumb","itemListElement":[{"@type":"ListItem","position":1,"name":"Home","item":"https:\/\/ldstudio.si\/"},{"@type":"ListItem","position":2,"name":"Trgovina","item":"https:\/\/ldstudio.si\/index.php\/trgovina\/"},{"@type":"ListItem","position":3,"name":"Komplet oznanitvena in milestone &#8211; Ro\u017enati svet"}]},{"@type":"WebSite","@id":"https:\/\/ldstudio.si\/#website","url":"https:\/\/ldstudio.si\/","name":"LD studio","description":"","publisher":{"@id":"https:\/\/ldstudio.si\/#organization"},"potentialAction":[{"@type":"SearchAction","target":{"@type":"EntryPoint","urlTemplate":"https:\/\/ldstudio.si\/?s={search_term_string}"},"query-input":{"@type":"PropertyValueSpecification","valueRequired":true,"valueName":"search_term_string"}}],"inLanguage":"sl-SI"},{"@type":"Organization","@id":"https:\/\/ldstudio.si\/#organization","name":"LD studio","url":"https:\/\/ldstudio.si\/","logo":{"@type":"ImageObject","inLanguage":"sl-SI","@id":"https:\/\/ldstudio.si\/#\/schema\/logo\/image\/","url":"https:\/\/ldstudio.si\/wp-content\/uploads\/2024\/11\/Artboard-1@2x.png","contentUrl":"https:\/\/ldstudio.si\/wp-content\/uploads\/2024\/11\/Artboard-1@2x.png","width":543,"height":602,"caption":"LD studio"},"image":{"@id":"https:\/\/ldstudio.si\/#\/schema\/logo\/image\/"}}]}},"wcpa_form_fields":{"wcpaData":{"product":{"product_price":39.89999999999999857891452847979962825775146484375,"price_html":"<span class=\"woocommerce-Price-amount amount\"><bdi>39,90&nbsp;<span class=\"woocommerce-Price-currencySymbol\">&euro;<\/span><\/bdi><\/span>","original_product_price":39.89999999999999857891452847979962825775146484375,"price_including_tax":39.89999999999999857891452847979962825775146484375,"price_excluding_tax":39.89999999999999857891452847979962825775146484375,"product_id":{"parent":2072,"variation":false},"is_variable":true,"stock_status":"instock","stock_quantity":null,"parent_sku":"","product_attributes":{"barva":{"is_variation":true,"values":[]}},"custom_fields":[],"is_taxable":false,"product_name":"Komplet oznanitvena in milestone - Ro\u017enati svet","hasImage":false},"fields":{"sec_567def10e4474d":{"extra":{"key":"sec_567def10e4474d","section_id":"sec_567def10e4474d","name":"Default","status":1,"cl_rule":"show","enableCl":false,"relations":[],"toggle":true,"title_tag":"h3","show_title":false,"showPrice":"default","form_id":2077,"form_rules":{"exclude_from_discount":false,"fee_label":"Pristojbina","disp_hide_options_price":false,"disp_show_section_price":false,"disp_show_field_price":true,"layout_option":"standard","pric_use_as_fee":false,"process_fee_as":"woo_fee"},"layout_option":"standard"},"fields":[[{"active":true,"col":6,"relations":false,"cl_rule":"show","enableCl":false,"price":"","enablePrice":false,"className":"","label_position":"default","desc_position":"default","type":"radio-group","required":true,"elementId":"radio_6639696471","label":"DOBRODO\u0160EL \/ DOBRODO\u0160LA NA SVET","name":"radio_6639696471","values":[{"label":"DOBRODO\u0160EL NA SVET","value":"DOBRODO\u0160EL NA SVET","selected":false,"tempId":"aco_488","gt_translate_keys":["label"]},{"label":"DOBRODO\u0160LA NA SVET","value":"DOBRODO\u0160LA NA SVET","selected":false,"tempId":"aco_489","gt_translate_keys":["label"]}],"layOut":"","error":false,"checkUi":"","gt_translate_keys":["label"],"price_dependency":false,"cl_dependency":false,"value":""}]]},"sec_7672b181c08e6c":{"extra":{"key":"sec_7672b181c08e6c","section_id":"sec_7672b181c08e6c","name":"Default","status":1,"toggle":true,"form_id":1372,"form_rules":{"exclude_from_discount":false,"fee_label":"Pristojbina","disp_hide_options_price":false,"disp_show_section_price":false,"disp_show_field_price":true,"layout_option":"standard","pric_use_as_fee":false,"process_fee_as":"woo_fee"},"layout_option":"standard"},"fields":[[{"active":true,"col":6,"relations":false,"cl_rule":"show","enableCl":false,"price":"","enablePrice":false,"className":"","type":"text","subtype":"text","required":true,"elementId":"text_8774704101","label":"IME OTROKA","name":"text_8774704101","value":"","error":false,"gt_translate_keys":["label","value"],"price_dependency":false,"cl_dependency":false}]]}},"config":{"price_override":"","enable_recaptcha":false,"bind_quantity":false,"quantity_bind_formula":false,"disp_summ_show_option_price":true,"disp_summ_show_product_price":true,"disp_summ_show_total_price":true,"disp_summ_show_fee":false,"disp_summ_show_discount":false,"summary_title":"","options_total_label":"Cena mo\u017enosti","total_label":"Skupaj","options_product_label":"Cena izdelka","fee_label":"Pristojbina","discount_label":"Popust","has_price":true,"has_quantity_formula":false},"mc_unit":1,"tax_rate":1,"tax_rate_real":1,"discount":{"percentage":0,"fixed":0},"design":{"conf":{"LabelPosition":"above","DescPosition":"above","UploadField":"custom_1","QuantityFieldStyle":"default"},"css":{"LeftLabelWidth":"120px"}},"formulas":[],"clones":false,"cartKey":false}},"_links":{"self":[{"href":"https:\/\/ldstudio.si\/index.php\/wp-json\/wp\/v2\/product\/2072","targetHints":{"allow":["GET"]}}],"collection":[{"href":"https:\/\/ldstudio.si\/index.php\/wp-json\/wp\/v2\/product"}],"about":[{"href":"https:\/\/ldstudio.si\/index.php\/wp-json\/wp\/v2\/types\/product"}],"replies":[{"embeddable":true,"href":"https:\/\/ldstudio.si\/index.php\/wp-json\/wp\/v2\/comments?post=2072"}],"wp:featuredmedia":[{"embeddable":true,"href":"https:\/\/ldstudio.si\/index.php\/wp-json\/wp\/v2\/media\/2074"}],"wp:attachment":[{"href":"https:\/\/ldstudio.si\/index.php\/wp-json\/wp\/v2\/media?parent=2072"}],"wp:term":[{"taxonomy":"product_brand","embeddable":true,"href":"https:\/\/ldstudio.si\/index.php\/wp-json\/wp\/v2\/product_brand?post=2072"},{"taxonomy":"product_cat","embeddable":true,"href":"https:\/\/ldstudio.si\/index.php\/wp-json\/wp\/v2\/product_cat?post=2072"},{"taxonomy":"product_tag","embeddable":true,"href":"https:\/\/ldstudio.si\/index.php\/wp-json\/wp\/v2\/product_tag?post=2072"}],"curies":[{"name":"wp","href":"https:\/\/api.w.org\/{rel}","templated":true}]}}