{"id":2041,"date":"2025-03-12T16:57:23","date_gmt":"2025-03-12T16:57:23","guid":{"rendered":"https:\/\/ldstudio.si\/?post_type=product&#038;p=2041"},"modified":"2025-10-23T11:54:07","modified_gmt":"2025-10-23T11:54:07","slug":"leseni-milestoni-safari-zivalice","status":"publish","type":"product","link":"https:\/\/ldstudio.si\/index.php\/product\/leseni-milestoni-safari-zivalice\/","title":{"rendered":"Leseni milestoni &#8211; Safari \u017eivalice"},"content":{"rendered":"<p>Ovekove\u010dite prve mesece va\u0161ega mal\u010dka s \u010dudovitimi lesenimi milestoni s prikupnimi safari \u017eivalicami. Set vklju\u010duje 12 okroglih lesenih milestonov, potiskanih z UV tiskom. Vsak mileston ozna\u010duje dolo\u010den mesec. Je popolno darilo za novorojen\u010dke in odli\u010den pripomo\u010dek za spominske fotografije.<\/p>\n<p><u>Lastnosti:<\/u><br \/>\nMaterial: les (topol vezana plo\u0161\u010da, debeline 4mm)<br \/>\nBarva: UV tisk<br \/>\nVelikost: fi 10 cm<\/p>\n","protected":false},"excerpt":{"rendered":"<p>Ovekove\u010dite prve mesece va\u0161ega mal\u010dka s \u010dudovitimi lesenimi milestoni s prikupnimi safari \u017eivalicami. Set vklju\u010duje 12 okroglih lesenih milestonov, potiskanih z UV tiskom. Vsak mileston ozna\u010duje dolo\u010den mesec. Je popolno darilo za novorojen\u010dke in odli\u010den pripomo\u010dek za spominske fotografije. Lastnosti: Material: les (topol vezana plo\u0161\u010da, debeline 4mm) Barva: UV tisk Velikost: fi 10 cm<\/p>\n","protected":false},"featured_media":2369,"comment_status":"open","ping_status":"closed","template":"","meta":[],"product_brand":[],"product_cat":[54,58],"product_tag":[],"class_list":{"0":"post-2041","1":"product","2":"type-product","3":"status-publish","4":"has-post-thumbnail","6":"product_cat-otroski-koticek","7":"product_cat-oznanitvene-tablice","9":"first","10":"instock","11":"shipping-taxable","12":"purchasable","13":"product-type-variable"},"yoast_head":"<!-- This site is optimized with the Yoast SEO plugin v25.0 - https:\/\/yoast.com\/wordpress\/plugins\/seo\/ -->\n<title>Leseni milestoni - Safari \u017eivalice - LD studio<\/title>\n<meta name=\"description\" content=\"Leseni milestoni - Safari \u017eivalice so idealni za bele\u017eenje prvih mesecev va\u0161ega dojen\u010dka. Narejeni iz lesa in potiskani z UV tiskom.\" \/>\n<meta name=\"robots\" content=\"index, follow, max-snippet:-1, max-image-preview:large, max-video-preview:-1\" \/>\n<link rel=\"canonical\" href=\"https:\/\/ldstudio.si\/index.php\/product\/leseni-milestoni-safari-zivalice\/\" \/>\n<meta property=\"og:locale\" content=\"sl_SI\" \/>\n<meta property=\"og:type\" content=\"article\" \/>\n<meta property=\"og:title\" content=\"Leseni milestoni - Safari \u017eivalice - LD studio\" \/>\n<meta property=\"og:description\" content=\"Leseni milestoni - Safari \u017eivalice so idealni za bele\u017eenje prvih mesecev va\u0161ega dojen\u010dka. Narejeni iz lesa in potiskani z UV tiskom.\" \/>\n<meta property=\"og:url\" content=\"https:\/\/ldstudio.si\/index.php\/product\/leseni-milestoni-safari-zivalice\/\" \/>\n<meta property=\"og:site_name\" content=\"LD studio\" \/>\n<meta property=\"article:modified_time\" content=\"2025-10-23T11:54:07+00:00\" \/>\n<meta property=\"og:image\" content=\"https:\/\/ldstudio.si\/wp-content\/uploads\/2025\/03\/20251021_132417.jpg\" \/>\n\t<meta property=\"og:image:width\" content=\"1081\" \/>\n\t<meta property=\"og:image:height\" content=\"1920\" \/>\n\t<meta property=\"og:image:type\" content=\"image\/jpeg\" \/>\n<meta name=\"twitter:card\" content=\"summary_large_image\" \/>\n<meta name=\"twitter:label1\" content=\"Est. reading time\" \/>\n\t<meta name=\"twitter:data1\" content=\"1 minuta\" \/>\n<script type=\"application\/ld+json\" class=\"yoast-schema-graph\">{\"@context\":\"https:\/\/schema.org\",\"@graph\":[{\"@type\":\"WebPage\",\"@id\":\"https:\/\/ldstudio.si\/index.php\/product\/leseni-milestoni-safari-zivalice\/\",\"url\":\"https:\/\/ldstudio.si\/index.php\/product\/leseni-milestoni-safari-zivalice\/\",\"name\":\"Leseni milestoni - Safari \u017eivalice - LD studio\",\"isPartOf\":{\"@id\":\"https:\/\/ldstudio.si\/#website\"},\"primaryImageOfPage\":{\"@id\":\"https:\/\/ldstudio.si\/index.php\/product\/leseni-milestoni-safari-zivalice\/#primaryimage\"},\"image\":{\"@id\":\"https:\/\/ldstudio.si\/index.php\/product\/leseni-milestoni-safari-zivalice\/#primaryimage\"},\"thumbnailUrl\":\"https:\/\/ldstudio.si\/wp-content\/uploads\/2025\/03\/20251021_132417.jpg\",\"datePublished\":\"2025-03-12T16:57:23+00:00\",\"dateModified\":\"2025-10-23T11:54:07+00:00\",\"description\":\"Leseni milestoni - Safari \u017eivalice so idealni za bele\u017eenje prvih mesecev va\u0161ega dojen\u010dka. Narejeni iz lesa in potiskani z UV tiskom.\",\"breadcrumb\":{\"@id\":\"https:\/\/ldstudio.si\/index.php\/product\/leseni-milestoni-safari-zivalice\/#breadcrumb\"},\"inLanguage\":\"sl-SI\",\"potentialAction\":[{\"@type\":\"ReadAction\",\"target\":[\"https:\/\/ldstudio.si\/index.php\/product\/leseni-milestoni-safari-zivalice\/\"]}]},{\"@type\":\"ImageObject\",\"inLanguage\":\"sl-SI\",\"@id\":\"https:\/\/ldstudio.si\/index.php\/product\/leseni-milestoni-safari-zivalice\/#primaryimage\",\"url\":\"https:\/\/ldstudio.si\/wp-content\/uploads\/2025\/03\/20251021_132417.jpg\",\"contentUrl\":\"https:\/\/ldstudio.si\/wp-content\/uploads\/2025\/03\/20251021_132417.jpg\",\"width\":1081,\"height\":1920,\"caption\":\"Set lesenih milestonov s safari \u017eivalicami za dojen\u010dke\"},{\"@type\":\"BreadcrumbList\",\"@id\":\"https:\/\/ldstudio.si\/index.php\/product\/leseni-milestoni-safari-zivalice\/#breadcrumb\",\"itemListElement\":[{\"@type\":\"ListItem\",\"position\":1,\"name\":\"Home\",\"item\":\"https:\/\/ldstudio.si\/\"},{\"@type\":\"ListItem\",\"position\":2,\"name\":\"Trgovina\",\"item\":\"https:\/\/ldstudio.si\/index.php\/trgovina\/\"},{\"@type\":\"ListItem\",\"position\":3,\"name\":\"Leseni milestoni &#8211; Safari \u017eivalice\"}]},{\"@type\":\"WebSite\",\"@id\":\"https:\/\/ldstudio.si\/#website\",\"url\":\"https:\/\/ldstudio.si\/\",\"name\":\"LD studio\",\"description\":\"\",\"publisher\":{\"@id\":\"https:\/\/ldstudio.si\/#organization\"},\"potentialAction\":[{\"@type\":\"SearchAction\",\"target\":{\"@type\":\"EntryPoint\",\"urlTemplate\":\"https:\/\/ldstudio.si\/?s={search_term_string}\"},\"query-input\":{\"@type\":\"PropertyValueSpecification\",\"valueRequired\":true,\"valueName\":\"search_term_string\"}}],\"inLanguage\":\"sl-SI\"},{\"@type\":\"Organization\",\"@id\":\"https:\/\/ldstudio.si\/#organization\",\"name\":\"LD studio\",\"url\":\"https:\/\/ldstudio.si\/\",\"logo\":{\"@type\":\"ImageObject\",\"inLanguage\":\"sl-SI\",\"@id\":\"https:\/\/ldstudio.si\/#\/schema\/logo\/image\/\",\"url\":\"https:\/\/ldstudio.si\/wp-content\/uploads\/2024\/11\/Artboard-1@2x.png\",\"contentUrl\":\"https:\/\/ldstudio.si\/wp-content\/uploads\/2024\/11\/Artboard-1@2x.png\",\"width\":543,\"height\":602,\"caption\":\"LD studio\"},\"image\":{\"@id\":\"https:\/\/ldstudio.si\/#\/schema\/logo\/image\/\"}}]}<\/script>\n<!-- \/ Yoast SEO plugin. -->","yoast_head_json":{"title":"Leseni milestoni - Safari \u017eivalice - LD studio","description":"Leseni milestoni - Safari \u017eivalice so idealni za bele\u017eenje prvih mesecev va\u0161ega dojen\u010dka. Narejeni iz lesa in potiskani z UV tiskom.","robots":{"index":"index","follow":"follow","max-snippet":"max-snippet:-1","max-image-preview":"max-image-preview:large","max-video-preview":"max-video-preview:-1"},"canonical":"https:\/\/ldstudio.si\/index.php\/product\/leseni-milestoni-safari-zivalice\/","og_locale":"sl_SI","og_type":"article","og_title":"Leseni milestoni - Safari \u017eivalice - LD studio","og_description":"Leseni milestoni - Safari \u017eivalice so idealni za bele\u017eenje prvih mesecev va\u0161ega dojen\u010dka. Narejeni iz lesa in potiskani z UV tiskom.","og_url":"https:\/\/ldstudio.si\/index.php\/product\/leseni-milestoni-safari-zivalice\/","og_site_name":"LD studio","article_modified_time":"2025-10-23T11:54:07+00:00","og_image":[{"width":1081,"height":1920,"url":"https:\/\/ldstudio.si\/wp-content\/uploads\/2025\/03\/20251021_132417.jpg","type":"image\/jpeg"}],"twitter_card":"summary_large_image","twitter_misc":{"Est. reading time":"1 minuta"},"schema":{"@context":"https:\/\/schema.org","@graph":[{"@type":"WebPage","@id":"https:\/\/ldstudio.si\/index.php\/product\/leseni-milestoni-safari-zivalice\/","url":"https:\/\/ldstudio.si\/index.php\/product\/leseni-milestoni-safari-zivalice\/","name":"Leseni milestoni - Safari \u017eivalice - LD studio","isPartOf":{"@id":"https:\/\/ldstudio.si\/#website"},"primaryImageOfPage":{"@id":"https:\/\/ldstudio.si\/index.php\/product\/leseni-milestoni-safari-zivalice\/#primaryimage"},"image":{"@id":"https:\/\/ldstudio.si\/index.php\/product\/leseni-milestoni-safari-zivalice\/#primaryimage"},"thumbnailUrl":"https:\/\/ldstudio.si\/wp-content\/uploads\/2025\/03\/20251021_132417.jpg","datePublished":"2025-03-12T16:57:23+00:00","dateModified":"2025-10-23T11:54:07+00:00","description":"Leseni milestoni - Safari \u017eivalice so idealni za bele\u017eenje prvih mesecev va\u0161ega dojen\u010dka. Narejeni iz lesa in potiskani z UV tiskom.","breadcrumb":{"@id":"https:\/\/ldstudio.si\/index.php\/product\/leseni-milestoni-safari-zivalice\/#breadcrumb"},"inLanguage":"sl-SI","potentialAction":[{"@type":"ReadAction","target":["https:\/\/ldstudio.si\/index.php\/product\/leseni-milestoni-safari-zivalice\/"]}]},{"@type":"ImageObject","inLanguage":"sl-SI","@id":"https:\/\/ldstudio.si\/index.php\/product\/leseni-milestoni-safari-zivalice\/#primaryimage","url":"https:\/\/ldstudio.si\/wp-content\/uploads\/2025\/03\/20251021_132417.jpg","contentUrl":"https:\/\/ldstudio.si\/wp-content\/uploads\/2025\/03\/20251021_132417.jpg","width":1081,"height":1920,"caption":"Set lesenih milestonov s safari \u017eivalicami za dojen\u010dke"},{"@type":"BreadcrumbList","@id":"https:\/\/ldstudio.si\/index.php\/product\/leseni-milestoni-safari-zivalice\/#breadcrumb","itemListElement":[{"@type":"ListItem","position":1,"name":"Home","item":"https:\/\/ldstudio.si\/"},{"@type":"ListItem","position":2,"name":"Trgovina","item":"https:\/\/ldstudio.si\/index.php\/trgovina\/"},{"@type":"ListItem","position":3,"name":"Leseni milestoni &#8211; Safari \u017eivalice"}]},{"@type":"WebSite","@id":"https:\/\/ldstudio.si\/#website","url":"https:\/\/ldstudio.si\/","name":"LD studio","description":"","publisher":{"@id":"https:\/\/ldstudio.si\/#organization"},"potentialAction":[{"@type":"SearchAction","target":{"@type":"EntryPoint","urlTemplate":"https:\/\/ldstudio.si\/?s={search_term_string}"},"query-input":{"@type":"PropertyValueSpecification","valueRequired":true,"valueName":"search_term_string"}}],"inLanguage":"sl-SI"},{"@type":"Organization","@id":"https:\/\/ldstudio.si\/#organization","name":"LD studio","url":"https:\/\/ldstudio.si\/","logo":{"@type":"ImageObject","inLanguage":"sl-SI","@id":"https:\/\/ldstudio.si\/#\/schema\/logo\/image\/","url":"https:\/\/ldstudio.si\/wp-content\/uploads\/2024\/11\/Artboard-1@2x.png","contentUrl":"https:\/\/ldstudio.si\/wp-content\/uploads\/2024\/11\/Artboard-1@2x.png","width":543,"height":602,"caption":"LD studio"},"image":{"@id":"https:\/\/ldstudio.si\/#\/schema\/logo\/image\/"}}]}},"wcpa_form_fields":null,"_links":{"self":[{"href":"https:\/\/ldstudio.si\/index.php\/wp-json\/wp\/v2\/product\/2041","targetHints":{"allow":["GET"]}}],"collection":[{"href":"https:\/\/ldstudio.si\/index.php\/wp-json\/wp\/v2\/product"}],"about":[{"href":"https:\/\/ldstudio.si\/index.php\/wp-json\/wp\/v2\/types\/product"}],"replies":[{"embeddable":true,"href":"https:\/\/ldstudio.si\/index.php\/wp-json\/wp\/v2\/comments?post=2041"}],"wp:featuredmedia":[{"embeddable":true,"href":"https:\/\/ldstudio.si\/index.php\/wp-json\/wp\/v2\/media\/2369"}],"wp:attachment":[{"href":"https:\/\/ldstudio.si\/index.php\/wp-json\/wp\/v2\/media?parent=2041"}],"wp:term":[{"taxonomy":"product_brand","embeddable":true,"href":"https:\/\/ldstudio.si\/index.php\/wp-json\/wp\/v2\/product_brand?post=2041"},{"taxonomy":"product_cat","embeddable":true,"href":"https:\/\/ldstudio.si\/index.php\/wp-json\/wp\/v2\/product_cat?post=2041"},{"taxonomy":"product_tag","embeddable":true,"href":"https:\/\/ldstudio.si\/index.php\/wp-json\/wp\/v2\/product_tag?post=2041"}],"curies":[{"name":"wp","href":"https:\/\/api.w.org\/{rel}","templated":true}]}}