{"id":2001,"date":"2025-02-18T18:04:37","date_gmt":"2025-02-18T18:04:37","guid":{"rendered":"https:\/\/ldstudio.si\/?post_type=product&#038;p=2001"},"modified":"2026-03-27T20:43:38","modified_gmt":"2026-03-27T20:43:38","slug":"lesena-personalizirana-dekoracija-cipka","status":"publish","type":"product","link":"https:\/\/ldstudio.si\/index.php\/product\/lesena-personalizirana-dekoracija-cipka\/","title":{"rendered":"Lesena personalizirana dekoracija &#8220;\u010dipka&#8221;"},"content":{"rendered":"<p><b data-path-to-node=\"9\" data-index-in-node=\"0\">Eleganca naravnega lesa in ne\u017enost \u010dipke v enem.<\/b><\/p>\n<p data-path-to-node=\"10\">I\u0161\u010dete darilo, ki zdru\u017euje tradicionalno lepoto in sodobno personalizacijo? Na\u0161a Lesena personalizirana dekoracija &#8220;\u010dipka&#8221; je zasnovana za tiste trenutke, ko \u017eelite povedati nekaj ve\u010d. Natan\u010dno izrezan vzorec, ki spominja na ro\u010dno kva\u010dkano \u010dipko, obdaja va\u0161e osebno sporo\u010dilo in ustvari \u010dudovit vizualni u\u010dinek.<\/p>\n<p>Vpi\u0161ite besedilo \u2013 zgornji napis (ime, babi, mami,&#8230;) in spodnji napis.<\/p>\n<p data-path-to-node=\"13\"><b data-path-to-node=\"13\" data-index-in-node=\"0\">Podrobnosti izdelka:<br \/>\n<\/b>&#8211; Material: Topolova vezana plo\u0161\u010da (4 mm).<br \/>\n&#8211; Velikost: cca 17 x 23 cm.<br \/>\n&#8211; Personalizacija: Zgornji napis (ime\/naziv) in spodnji napis (posvetilo).<\/p>\n<hr data-path-to-node=\"12\" \/>\n<blockquote data-path-to-node=\"13\">\n<p data-path-to-node=\"13,0\"><strong>Navodilo za naro\u010dilo:<\/strong> V okence \u201cVpi\u0161i zgornji napis\u201d vpi\u0161ite \u017eeleno kratko besedo, v oken\u010dek &#8220;Vpi\u0161i spodnje besedilo&#8221; pa vpi\u0161ite kratko besedilo\/posvetilo.<\/p>\n<hr \/>\n<p data-path-to-node=\"13,0\">Preverite \u0161e ostalo ponudbo unikatnih lesenih dekoracij v kategoriji\u00a0<a href=\"https:\/\/ldstudio.si\/index.php\/product-category\/darila-zanjo-in-zanj\/materinski-dan-zena-valentinovo\/\">Personalizirana darila<\/a>.<\/p>\n<\/blockquote>\n","protected":false},"excerpt":{"rendered":"<p>Eleganca naravnega lesa in ne\u017enost \u010dipke v enem. I\u0161\u010dete darilo, ki zdru\u017euje tradicionalno lepoto in sodobno personalizacijo? Na\u0161a Lesena personalizirana dekoracija &#8220;\u010dipka&#8221; je zasnovana za tiste trenutke, ko \u017eelite povedati nekaj ve\u010d. Natan\u010dno izrezan vzorec, ki spominja na ro\u010dno kva\u010dkano \u010dipko, obdaja va\u0161e osebno sporo\u010dilo in ustvari \u010dudovit vizualni u\u010dinek. Vpi\u0161ite besedilo \u2013 zgornji napis [&hellip;]<\/p>\n","protected":false},"featured_media":2721,"comment_status":"open","ping_status":"closed","template":"","meta":[],"product_brand":[],"product_cat":[77,52],"product_tag":[],"class_list":{"0":"post-2001","1":"product","2":"type-product","3":"status-publish","4":"has-post-thumbnail","6":"product_cat-darila-zanjo-in-zanj","7":"product_cat-materinski-dan-zena-valentinovo","8":"wcpa_has_options","10":"first","11":"instock","12":"shipping-taxable","13":"purchasable","14":"product-type-simple"},"yoast_head":"<!-- This site is optimized with the Yoast SEO plugin v25.0 - https:\/\/yoast.com\/wordpress\/plugins\/seo\/ -->\n<title>Lesena personalizirana dekoracija &quot;\u010dipka&quot; - LD studio<\/title>\n<meta name=\"description\" content=\"Unikatna lesena dekoracija s personaliziranim napisom. Prefinjen dizajn, izrezan vzorec in va\u0161e sporo\u010dilo v lesu \u2013 popolno darilo za vsako prilo\u017enost!\" \/>\n<meta name=\"robots\" content=\"index, follow, max-snippet:-1, max-image-preview:large, max-video-preview:-1\" \/>\n<link rel=\"canonical\" href=\"https:\/\/ldstudio.si\/index.php\/product\/lesena-personalizirana-dekoracija-cipka\/\" \/>\n<meta property=\"og:locale\" content=\"sl_SI\" \/>\n<meta property=\"og:type\" content=\"article\" \/>\n<meta property=\"og:title\" content=\"Lesena personalizirana dekoracija &quot;\u010dipka&quot; - LD studio\" \/>\n<meta property=\"og:description\" content=\"Unikatna lesena dekoracija s personaliziranim napisom. Prefinjen dizajn, izrezan vzorec in va\u0161e sporo\u010dilo v lesu \u2013 popolno darilo za vsako prilo\u017enost!\" \/>\n<meta property=\"og:url\" content=\"https:\/\/ldstudio.si\/index.php\/product\/lesena-personalizirana-dekoracija-cipka\/\" \/>\n<meta property=\"og:site_name\" content=\"LD studio\" \/>\n<meta property=\"article:modified_time\" content=\"2026-03-27T20:43:38+00:00\" \/>\n<meta property=\"og:image\" content=\"https:\/\/ldstudio.si\/wp-content\/uploads\/2025\/01\/1774642470489.jpg\" \/>\n\t<meta property=\"og:image:width\" content=\"1024\" \/>\n\t<meta property=\"og:image:height\" content=\"945\" \/>\n\t<meta property=\"og:image:type\" content=\"image\/jpeg\" \/>\n<meta name=\"twitter:card\" content=\"summary_large_image\" \/>\n<meta name=\"twitter:label1\" content=\"Est. reading time\" \/>\n\t<meta name=\"twitter:data1\" content=\"1 minuta\" \/>\n<script type=\"application\/ld+json\" class=\"yoast-schema-graph\">{\"@context\":\"https:\/\/schema.org\",\"@graph\":[{\"@type\":\"WebPage\",\"@id\":\"https:\/\/ldstudio.si\/index.php\/product\/lesena-personalizirana-dekoracija-cipka\/\",\"url\":\"https:\/\/ldstudio.si\/index.php\/product\/lesena-personalizirana-dekoracija-cipka\/\",\"name\":\"Lesena personalizirana dekoracija \\\"\u010dipka\\\" - LD studio\",\"isPartOf\":{\"@id\":\"https:\/\/ldstudio.si\/#website\"},\"primaryImageOfPage\":{\"@id\":\"https:\/\/ldstudio.si\/index.php\/product\/lesena-personalizirana-dekoracija-cipka\/#primaryimage\"},\"image\":{\"@id\":\"https:\/\/ldstudio.si\/index.php\/product\/lesena-personalizirana-dekoracija-cipka\/#primaryimage\"},\"thumbnailUrl\":\"https:\/\/ldstudio.si\/wp-content\/uploads\/2025\/01\/1774642470489.jpg\",\"datePublished\":\"2025-02-18T18:04:37+00:00\",\"dateModified\":\"2026-03-27T20:43:38+00:00\",\"description\":\"Unikatna lesena dekoracija s personaliziranim napisom. Prefinjen dizajn, izrezan vzorec in va\u0161e sporo\u010dilo v lesu \u2013 popolno darilo za vsako prilo\u017enost!\",\"breadcrumb\":{\"@id\":\"https:\/\/ldstudio.si\/index.php\/product\/lesena-personalizirana-dekoracija-cipka\/#breadcrumb\"},\"inLanguage\":\"sl-SI\",\"potentialAction\":[{\"@type\":\"ReadAction\",\"target\":[\"https:\/\/ldstudio.si\/index.php\/product\/lesena-personalizirana-dekoracija-cipka\/\"]}]},{\"@type\":\"ImageObject\",\"inLanguage\":\"sl-SI\",\"@id\":\"https:\/\/ldstudio.si\/index.php\/product\/lesena-personalizirana-dekoracija-cipka\/#primaryimage\",\"url\":\"https:\/\/ldstudio.si\/wp-content\/uploads\/2025\/01\/1774642470489.jpg\",\"contentUrl\":\"https:\/\/ldstudio.si\/wp-content\/uploads\/2025\/01\/1774642470489.jpg\",\"width\":1024,\"height\":945,\"caption\":\"Unikatna lesena \u010dipka z va\u0161im osebnim sporo\u010dilom.\"},{\"@type\":\"BreadcrumbList\",\"@id\":\"https:\/\/ldstudio.si\/index.php\/product\/lesena-personalizirana-dekoracija-cipka\/#breadcrumb\",\"itemListElement\":[{\"@type\":\"ListItem\",\"position\":1,\"name\":\"Home\",\"item\":\"https:\/\/ldstudio.si\/\"},{\"@type\":\"ListItem\",\"position\":2,\"name\":\"Trgovina\",\"item\":\"https:\/\/ldstudio.si\/index.php\/trgovina\/\"},{\"@type\":\"ListItem\",\"position\":3,\"name\":\"Lesena personalizirana dekoracija &#8220;\u010dipka&#8221;\"}]},{\"@type\":\"WebSite\",\"@id\":\"https:\/\/ldstudio.si\/#website\",\"url\":\"https:\/\/ldstudio.si\/\",\"name\":\"LD studio\",\"description\":\"\",\"publisher\":{\"@id\":\"https:\/\/ldstudio.si\/#organization\"},\"potentialAction\":[{\"@type\":\"SearchAction\",\"target\":{\"@type\":\"EntryPoint\",\"urlTemplate\":\"https:\/\/ldstudio.si\/?s={search_term_string}\"},\"query-input\":{\"@type\":\"PropertyValueSpecification\",\"valueRequired\":true,\"valueName\":\"search_term_string\"}}],\"inLanguage\":\"sl-SI\"},{\"@type\":\"Organization\",\"@id\":\"https:\/\/ldstudio.si\/#organization\",\"name\":\"LD studio\",\"url\":\"https:\/\/ldstudio.si\/\",\"logo\":{\"@type\":\"ImageObject\",\"inLanguage\":\"sl-SI\",\"@id\":\"https:\/\/ldstudio.si\/#\/schema\/logo\/image\/\",\"url\":\"https:\/\/ldstudio.si\/wp-content\/uploads\/2024\/11\/Artboard-1@2x.png\",\"contentUrl\":\"https:\/\/ldstudio.si\/wp-content\/uploads\/2024\/11\/Artboard-1@2x.png\",\"width\":543,\"height\":602,\"caption\":\"LD studio\"},\"image\":{\"@id\":\"https:\/\/ldstudio.si\/#\/schema\/logo\/image\/\"}}]}<\/script>\n<!-- \/ Yoast SEO plugin. -->","yoast_head_json":{"title":"Lesena personalizirana dekoracija \"\u010dipka\" - LD studio","description":"Unikatna lesena dekoracija s personaliziranim napisom. Prefinjen dizajn, izrezan vzorec in va\u0161e sporo\u010dilo v lesu \u2013 popolno darilo za vsako prilo\u017enost!","robots":{"index":"index","follow":"follow","max-snippet":"max-snippet:-1","max-image-preview":"max-image-preview:large","max-video-preview":"max-video-preview:-1"},"canonical":"https:\/\/ldstudio.si\/index.php\/product\/lesena-personalizirana-dekoracija-cipka\/","og_locale":"sl_SI","og_type":"article","og_title":"Lesena personalizirana dekoracija \"\u010dipka\" - LD studio","og_description":"Unikatna lesena dekoracija s personaliziranim napisom. Prefinjen dizajn, izrezan vzorec in va\u0161e sporo\u010dilo v lesu \u2013 popolno darilo za vsako prilo\u017enost!","og_url":"https:\/\/ldstudio.si\/index.php\/product\/lesena-personalizirana-dekoracija-cipka\/","og_site_name":"LD studio","article_modified_time":"2026-03-27T20:43:38+00:00","og_image":[{"width":1024,"height":945,"url":"https:\/\/ldstudio.si\/wp-content\/uploads\/2025\/01\/1774642470489.jpg","type":"image\/jpeg"}],"twitter_card":"summary_large_image","twitter_misc":{"Est. reading time":"1 minuta"},"schema":{"@context":"https:\/\/schema.org","@graph":[{"@type":"WebPage","@id":"https:\/\/ldstudio.si\/index.php\/product\/lesena-personalizirana-dekoracija-cipka\/","url":"https:\/\/ldstudio.si\/index.php\/product\/lesena-personalizirana-dekoracija-cipka\/","name":"Lesena personalizirana dekoracija \"\u010dipka\" - LD studio","isPartOf":{"@id":"https:\/\/ldstudio.si\/#website"},"primaryImageOfPage":{"@id":"https:\/\/ldstudio.si\/index.php\/product\/lesena-personalizirana-dekoracija-cipka\/#primaryimage"},"image":{"@id":"https:\/\/ldstudio.si\/index.php\/product\/lesena-personalizirana-dekoracija-cipka\/#primaryimage"},"thumbnailUrl":"https:\/\/ldstudio.si\/wp-content\/uploads\/2025\/01\/1774642470489.jpg","datePublished":"2025-02-18T18:04:37+00:00","dateModified":"2026-03-27T20:43:38+00:00","description":"Unikatna lesena dekoracija s personaliziranim napisom. Prefinjen dizajn, izrezan vzorec in va\u0161e sporo\u010dilo v lesu \u2013 popolno darilo za vsako prilo\u017enost!","breadcrumb":{"@id":"https:\/\/ldstudio.si\/index.php\/product\/lesena-personalizirana-dekoracija-cipka\/#breadcrumb"},"inLanguage":"sl-SI","potentialAction":[{"@type":"ReadAction","target":["https:\/\/ldstudio.si\/index.php\/product\/lesena-personalizirana-dekoracija-cipka\/"]}]},{"@type":"ImageObject","inLanguage":"sl-SI","@id":"https:\/\/ldstudio.si\/index.php\/product\/lesena-personalizirana-dekoracija-cipka\/#primaryimage","url":"https:\/\/ldstudio.si\/wp-content\/uploads\/2025\/01\/1774642470489.jpg","contentUrl":"https:\/\/ldstudio.si\/wp-content\/uploads\/2025\/01\/1774642470489.jpg","width":1024,"height":945,"caption":"Unikatna lesena \u010dipka z va\u0161im osebnim sporo\u010dilom."},{"@type":"BreadcrumbList","@id":"https:\/\/ldstudio.si\/index.php\/product\/lesena-personalizirana-dekoracija-cipka\/#breadcrumb","itemListElement":[{"@type":"ListItem","position":1,"name":"Home","item":"https:\/\/ldstudio.si\/"},{"@type":"ListItem","position":2,"name":"Trgovina","item":"https:\/\/ldstudio.si\/index.php\/trgovina\/"},{"@type":"ListItem","position":3,"name":"Lesena personalizirana dekoracija &#8220;\u010dipka&#8221;"}]},{"@type":"WebSite","@id":"https:\/\/ldstudio.si\/#website","url":"https:\/\/ldstudio.si\/","name":"LD studio","description":"","publisher":{"@id":"https:\/\/ldstudio.si\/#organization"},"potentialAction":[{"@type":"SearchAction","target":{"@type":"EntryPoint","urlTemplate":"https:\/\/ldstudio.si\/?s={search_term_string}"},"query-input":{"@type":"PropertyValueSpecification","valueRequired":true,"valueName":"search_term_string"}}],"inLanguage":"sl-SI"},{"@type":"Organization","@id":"https:\/\/ldstudio.si\/#organization","name":"LD studio","url":"https:\/\/ldstudio.si\/","logo":{"@type":"ImageObject","inLanguage":"sl-SI","@id":"https:\/\/ldstudio.si\/#\/schema\/logo\/image\/","url":"https:\/\/ldstudio.si\/wp-content\/uploads\/2024\/11\/Artboard-1@2x.png","contentUrl":"https:\/\/ldstudio.si\/wp-content\/uploads\/2024\/11\/Artboard-1@2x.png","width":543,"height":602,"caption":"LD studio"},"image":{"@id":"https:\/\/ldstudio.si\/#\/schema\/logo\/image\/"}}]}},"wcpa_form_fields":{"wcpaData":{"product":{"product_price":17.89999999999999857891452847979962825775146484375,"price_html":"<span class=\"woocommerce-Price-amount amount\"><bdi>17,90&nbsp;<span class=\"woocommerce-Price-currencySymbol\">&euro;<\/span><\/bdi><\/span>","original_product_price":17.89999999999999857891452847979962825775146484375,"price_including_tax":17.89999999999999857891452847979962825775146484375,"price_excluding_tax":17.89999999999999857891452847979962825775146484375,"product_id":{"parent":2001,"variation":false},"is_variable":false,"stock_status":"instock","stock_quantity":null,"parent_sku":"","product_attributes":[],"custom_fields":[],"is_taxable":false,"product_name":"Lesena personalizirana dekoracija \"\u010dipka\"","hasImage":false},"fields":{"sec_767b4cb4f255d5":{"extra":{"key":"sec_767b4cb4f255d5","section_id":"sec_767b4cb4f255d5","name":"Default","status":1,"cl_rule":"show","enableCl":false,"relations":[],"toggle":true,"title_tag":"h3","show_title":false,"showPrice":"default","form_id":2004,"form_rules":{"exclude_from_discount":false,"fee_label":"Pristojbina","disp_hide_options_price":false,"disp_show_section_price":false,"disp_show_field_price":true,"layout_option":"standard","pric_use_as_fee":false,"process_fee_as":"woo_fee"},"layout_option":"standard"},"fields":[[{"active":true,"col":6,"relations":false,"cl_rule":"show","enableCl":false,"price":"","enablePrice":false,"className":"","label_position":"default","desc_position":"default","type":"text","subtype":"text","required":true,"elementId":"text_9017766971","label":"VPI\u0160I ZGORNJI NAPIS (mami, babi, ime,...)","name":"text_9017766971","value":"","error":false,"gt_translate_keys":["label","value"],"price_dependency":false,"cl_dependency":false}],[{"active":true,"col":6,"relations":false,"cl_rule":"show","enableCl":false,"price":"","enablePrice":false,"className":"","label_position":"default","desc_position":"default","type":"text","subtype":"text","required":true,"elementId":"text_1796496378","label":"VPI\u0160I SPODNJE BESEDILO","name":"text_1796496378","value":"","error":false,"gt_translate_keys":["label","value"],"price_dependency":false,"cl_dependency":false}]]}},"config":{"price_override":"","enable_recaptcha":false,"bind_quantity":false,"quantity_bind_formula":false,"disp_summ_show_option_price":true,"disp_summ_show_product_price":true,"disp_summ_show_total_price":true,"disp_summ_show_fee":false,"disp_summ_show_discount":false,"summary_title":"","options_total_label":"Cena mo\u017enosti","total_label":"Skupaj","options_product_label":"Cena izdelka","fee_label":"Pristojbina","discount_label":"Popust","has_price":true,"has_quantity_formula":false},"mc_unit":1,"tax_rate":1,"tax_rate_real":1,"discount":{"percentage":0,"fixed":0},"design":{"conf":{"LabelPosition":"above","DescPosition":"above","UploadField":"custom_1","QuantityFieldStyle":"default"},"css":{"LeftLabelWidth":"120px"}},"formulas":[],"clones":false,"cartKey":false}},"_links":{"self":[{"href":"https:\/\/ldstudio.si\/index.php\/wp-json\/wp\/v2\/product\/2001","targetHints":{"allow":["GET"]}}],"collection":[{"href":"https:\/\/ldstudio.si\/index.php\/wp-json\/wp\/v2\/product"}],"about":[{"href":"https:\/\/ldstudio.si\/index.php\/wp-json\/wp\/v2\/types\/product"}],"replies":[{"embeddable":true,"href":"https:\/\/ldstudio.si\/index.php\/wp-json\/wp\/v2\/comments?post=2001"}],"wp:featuredmedia":[{"embeddable":true,"href":"https:\/\/ldstudio.si\/index.php\/wp-json\/wp\/v2\/media\/2721"}],"wp:attachment":[{"href":"https:\/\/ldstudio.si\/index.php\/wp-json\/wp\/v2\/media?parent=2001"}],"wp:term":[{"taxonomy":"product_brand","embeddable":true,"href":"https:\/\/ldstudio.si\/index.php\/wp-json\/wp\/v2\/product_brand?post=2001"},{"taxonomy":"product_cat","embeddable":true,"href":"https:\/\/ldstudio.si\/index.php\/wp-json\/wp\/v2\/product_cat?post=2001"},{"taxonomy":"product_tag","embeddable":true,"href":"https:\/\/ldstudio.si\/index.php\/wp-json\/wp\/v2\/product_tag?post=2001"}],"curies":[{"name":"wp","href":"https:\/\/api.w.org\/{rel}","templated":true}]}}