{"id":1980,"date":"2025-02-17T07:07:02","date_gmt":"2025-02-17T07:07:02","guid":{"rendered":"https:\/\/ldstudio.si\/?post_type=product&#038;p=1980"},"modified":"2026-03-19T08:20:27","modified_gmt":"2026-03-19T08:20:27","slug":"personalizirano-darilo-tvoja-zgodba-v-crkah","status":"publish","type":"product","link":"https:\/\/ldstudio.si\/index.php\/product\/personalizirano-darilo-tvoja-zgodba-v-crkah\/","title":{"rendered":"Personalizirano darilo &#8220;Tvoja zgodba v \u010drkah&#8221;"},"content":{"rendered":"<p>Unikatna dekoracija z osebnim pridihom! Personaliziran napis &#8220;Najbolj\u0161i O\u010dka&#8221;\u00a0 vsebuje \u0161tiri fotografije po va\u0161i izbiri, ki bodo ustvarile nepozaben spomin. Kakovostni UV-tisk na prosojnem pleksi steklu (dimenzije 18&#215;24 cm) zagotavlja obstojnost in eleganten videz. Izdelek vklju\u010duje lesen podstavek, ki omogo\u010da stabilno postavitev na katero koli povr\u0161ino \u2013 popolno darilo za vsako prilo\u017enost!<\/p>\n<p>*Lesen podstavek je vklju\u010den v ceno.<\/p>\n<p>Vpi\u0161i besedilo npr.: (Najbolj\u0161i O\u010cKA na svetu! ali Najbolj\u0161a MAMI na svetu!).<\/p>\n<p><u>Lastnosti:<\/u><br \/>\nMaterial: pleksi steklo, les (podstavek)<br \/>\nVelikost: 18 x 24 cm<\/p>\n<p><strong>Kakovost tiska je odvisna od kakovosti va\u0161e slike!<\/strong><br \/>\nZa najbolj\u0161i rezultat priporo\u010damo, da nalo\u017eite slike visoke lo\u010dljivosti in dobre kakovosti. Slike z nizko lo\u010dljivostjo ali slab\u0161o ostrino lahko vplivajo na kon\u010dni izgled izdelka.<\/p>\n","protected":false},"excerpt":{"rendered":"<p>Unikatna dekoracija z osebnim pridihom! Personaliziran napis &#8220;Najbolj\u0161i O\u010dka&#8221;\u00a0 vsebuje \u0161tiri fotografije po va\u0161i izbiri, ki bodo ustvarile nepozaben spomin. Kakovostni UV-tisk na prosojnem pleksi steklu (dimenzije 18&#215;24 cm) zagotavlja obstojnost in eleganten videz. Izdelek vklju\u010duje lesen podstavek, ki omogo\u010da stabilno postavitev na katero koli povr\u0161ino \u2013 popolno darilo za vsako prilo\u017enost! *Lesen podstavek je [&hellip;]<\/p>\n","protected":false},"featured_media":1981,"comment_status":"open","ping_status":"closed","template":"","meta":[],"product_brand":[],"product_cat":[77,52],"product_tag":[],"class_list":{"0":"post-1980","1":"product","2":"type-product","3":"status-publish","4":"has-post-thumbnail","6":"product_cat-darila-zanjo-in-zanj","7":"product_cat-materinski-dan-zena-valentinovo","8":"wcpa_has_options","10":"first","11":"instock","12":"shipping-taxable","13":"purchasable","14":"product-type-simple"},"yoast_head":"<!-- This site is optimized with the Yoast SEO plugin v25.0 - https:\/\/yoast.com\/wordpress\/plugins\/seo\/ -->\n<title>Personalizirano darilo &quot;Tvoja zgodba v \u010drkah&quot; - LD studio<\/title>\n<meta name=\"description\" content=\"Podarite \u010dudovito personalizirano pleksi dekoracijo s fotografijami. Popolno darilo za o\u010deta, mamo, babico ali dedka! Elegantno in trajno.\" \/>\n<meta name=\"robots\" content=\"index, follow, max-snippet:-1, max-image-preview:large, max-video-preview:-1\" \/>\n<link rel=\"canonical\" href=\"https:\/\/ldstudio.si\/index.php\/product\/personalizirano-darilo-tvoja-zgodba-v-crkah\/\" \/>\n<meta property=\"og:locale\" content=\"sl_SI\" \/>\n<meta property=\"og:type\" content=\"article\" \/>\n<meta property=\"og:title\" content=\"Personalizirano darilo &quot;Tvoja zgodba v \u010drkah&quot; - LD studio\" \/>\n<meta property=\"og:description\" content=\"Podarite \u010dudovito personalizirano pleksi dekoracijo s fotografijami. Popolno darilo za o\u010deta, mamo, babico ali dedka! Elegantno in trajno.\" \/>\n<meta property=\"og:url\" content=\"https:\/\/ldstudio.si\/index.php\/product\/personalizirano-darilo-tvoja-zgodba-v-crkah\/\" \/>\n<meta property=\"og:site_name\" content=\"LD studio\" \/>\n<meta property=\"article:modified_time\" content=\"2026-03-19T08:20:27+00:00\" \/>\n<meta property=\"og:image\" content=\"https:\/\/ldstudio.si\/wp-content\/uploads\/2025\/02\/20250213_193118.jpg\" \/>\n\t<meta property=\"og:image:width\" content=\"1440\" \/>\n\t<meta property=\"og:image:height\" content=\"1920\" \/>\n\t<meta property=\"og:image:type\" content=\"image\/jpeg\" \/>\n<meta name=\"twitter:card\" content=\"summary_large_image\" \/>\n<meta name=\"twitter:label1\" content=\"Est. reading time\" \/>\n\t<meta name=\"twitter:data1\" content=\"1 minuta\" \/>\n<script type=\"application\/ld+json\" class=\"yoast-schema-graph\">{\"@context\":\"https:\/\/schema.org\",\"@graph\":[{\"@type\":\"WebPage\",\"@id\":\"https:\/\/ldstudio.si\/index.php\/product\/personalizirano-darilo-tvoja-zgodba-v-crkah\/\",\"url\":\"https:\/\/ldstudio.si\/index.php\/product\/personalizirano-darilo-tvoja-zgodba-v-crkah\/\",\"name\":\"Personalizirano darilo \\\"Tvoja zgodba v \u010drkah\\\" - LD studio\",\"isPartOf\":{\"@id\":\"https:\/\/ldstudio.si\/#website\"},\"primaryImageOfPage\":{\"@id\":\"https:\/\/ldstudio.si\/index.php\/product\/personalizirano-darilo-tvoja-zgodba-v-crkah\/#primaryimage\"},\"image\":{\"@id\":\"https:\/\/ldstudio.si\/index.php\/product\/personalizirano-darilo-tvoja-zgodba-v-crkah\/#primaryimage\"},\"thumbnailUrl\":\"https:\/\/ldstudio.si\/wp-content\/uploads\/2025\/02\/20250213_193118.jpg\",\"datePublished\":\"2025-02-17T07:07:02+00:00\",\"dateModified\":\"2026-03-19T08:20:27+00:00\",\"description\":\"Podarite \u010dudovito personalizirano pleksi dekoracijo s fotografijami. Popolno darilo za o\u010deta, mamo, babico ali dedka! Elegantno in trajno.\",\"breadcrumb\":{\"@id\":\"https:\/\/ldstudio.si\/index.php\/product\/personalizirano-darilo-tvoja-zgodba-v-crkah\/#breadcrumb\"},\"inLanguage\":\"sl-SI\",\"potentialAction\":[{\"@type\":\"ReadAction\",\"target\":[\"https:\/\/ldstudio.si\/index.php\/product\/personalizirano-darilo-tvoja-zgodba-v-crkah\/\"]}]},{\"@type\":\"ImageObject\",\"inLanguage\":\"sl-SI\",\"@id\":\"https:\/\/ldstudio.si\/index.php\/product\/personalizirano-darilo-tvoja-zgodba-v-crkah\/#primaryimage\",\"url\":\"https:\/\/ldstudio.si\/wp-content\/uploads\/2025\/02\/20250213_193118.jpg\",\"contentUrl\":\"https:\/\/ldstudio.si\/wp-content\/uploads\/2025\/02\/20250213_193118.jpg\",\"width\":1440,\"height\":1920,\"caption\":\"Personalizirana dekoracija iz pleksi stekla s fotografijami in lesenim podstavkom\"},{\"@type\":\"BreadcrumbList\",\"@id\":\"https:\/\/ldstudio.si\/index.php\/product\/personalizirano-darilo-tvoja-zgodba-v-crkah\/#breadcrumb\",\"itemListElement\":[{\"@type\":\"ListItem\",\"position\":1,\"name\":\"Home\",\"item\":\"https:\/\/ldstudio.si\/\"},{\"@type\":\"ListItem\",\"position\":2,\"name\":\"Trgovina\",\"item\":\"https:\/\/ldstudio.si\/index.php\/trgovina\/\"},{\"@type\":\"ListItem\",\"position\":3,\"name\":\"Personalizirano darilo &#8220;Tvoja zgodba v \u010drkah&#8221;\"}]},{\"@type\":\"WebSite\",\"@id\":\"https:\/\/ldstudio.si\/#website\",\"url\":\"https:\/\/ldstudio.si\/\",\"name\":\"LD studio\",\"description\":\"\",\"publisher\":{\"@id\":\"https:\/\/ldstudio.si\/#organization\"},\"potentialAction\":[{\"@type\":\"SearchAction\",\"target\":{\"@type\":\"EntryPoint\",\"urlTemplate\":\"https:\/\/ldstudio.si\/?s={search_term_string}\"},\"query-input\":{\"@type\":\"PropertyValueSpecification\",\"valueRequired\":true,\"valueName\":\"search_term_string\"}}],\"inLanguage\":\"sl-SI\"},{\"@type\":\"Organization\",\"@id\":\"https:\/\/ldstudio.si\/#organization\",\"name\":\"LD studio\",\"url\":\"https:\/\/ldstudio.si\/\",\"logo\":{\"@type\":\"ImageObject\",\"inLanguage\":\"sl-SI\",\"@id\":\"https:\/\/ldstudio.si\/#\/schema\/logo\/image\/\",\"url\":\"https:\/\/ldstudio.si\/wp-content\/uploads\/2024\/11\/Artboard-1@2x.png\",\"contentUrl\":\"https:\/\/ldstudio.si\/wp-content\/uploads\/2024\/11\/Artboard-1@2x.png\",\"width\":543,\"height\":602,\"caption\":\"LD studio\"},\"image\":{\"@id\":\"https:\/\/ldstudio.si\/#\/schema\/logo\/image\/\"}}]}<\/script>\n<!-- \/ Yoast SEO plugin. -->","yoast_head_json":{"title":"Personalizirano darilo \"Tvoja zgodba v \u010drkah\" - LD studio","description":"Podarite \u010dudovito personalizirano pleksi dekoracijo s fotografijami. Popolno darilo za o\u010deta, mamo, babico ali dedka! Elegantno in trajno.","robots":{"index":"index","follow":"follow","max-snippet":"max-snippet:-1","max-image-preview":"max-image-preview:large","max-video-preview":"max-video-preview:-1"},"canonical":"https:\/\/ldstudio.si\/index.php\/product\/personalizirano-darilo-tvoja-zgodba-v-crkah\/","og_locale":"sl_SI","og_type":"article","og_title":"Personalizirano darilo \"Tvoja zgodba v \u010drkah\" - LD studio","og_description":"Podarite \u010dudovito personalizirano pleksi dekoracijo s fotografijami. Popolno darilo za o\u010deta, mamo, babico ali dedka! Elegantno in trajno.","og_url":"https:\/\/ldstudio.si\/index.php\/product\/personalizirano-darilo-tvoja-zgodba-v-crkah\/","og_site_name":"LD studio","article_modified_time":"2026-03-19T08:20:27+00:00","og_image":[{"width":1440,"height":1920,"url":"https:\/\/ldstudio.si\/wp-content\/uploads\/2025\/02\/20250213_193118.jpg","type":"image\/jpeg"}],"twitter_card":"summary_large_image","twitter_misc":{"Est. reading time":"1 minuta"},"schema":{"@context":"https:\/\/schema.org","@graph":[{"@type":"WebPage","@id":"https:\/\/ldstudio.si\/index.php\/product\/personalizirano-darilo-tvoja-zgodba-v-crkah\/","url":"https:\/\/ldstudio.si\/index.php\/product\/personalizirano-darilo-tvoja-zgodba-v-crkah\/","name":"Personalizirano darilo \"Tvoja zgodba v \u010drkah\" - LD studio","isPartOf":{"@id":"https:\/\/ldstudio.si\/#website"},"primaryImageOfPage":{"@id":"https:\/\/ldstudio.si\/index.php\/product\/personalizirano-darilo-tvoja-zgodba-v-crkah\/#primaryimage"},"image":{"@id":"https:\/\/ldstudio.si\/index.php\/product\/personalizirano-darilo-tvoja-zgodba-v-crkah\/#primaryimage"},"thumbnailUrl":"https:\/\/ldstudio.si\/wp-content\/uploads\/2025\/02\/20250213_193118.jpg","datePublished":"2025-02-17T07:07:02+00:00","dateModified":"2026-03-19T08:20:27+00:00","description":"Podarite \u010dudovito personalizirano pleksi dekoracijo s fotografijami. Popolno darilo za o\u010deta, mamo, babico ali dedka! Elegantno in trajno.","breadcrumb":{"@id":"https:\/\/ldstudio.si\/index.php\/product\/personalizirano-darilo-tvoja-zgodba-v-crkah\/#breadcrumb"},"inLanguage":"sl-SI","potentialAction":[{"@type":"ReadAction","target":["https:\/\/ldstudio.si\/index.php\/product\/personalizirano-darilo-tvoja-zgodba-v-crkah\/"]}]},{"@type":"ImageObject","inLanguage":"sl-SI","@id":"https:\/\/ldstudio.si\/index.php\/product\/personalizirano-darilo-tvoja-zgodba-v-crkah\/#primaryimage","url":"https:\/\/ldstudio.si\/wp-content\/uploads\/2025\/02\/20250213_193118.jpg","contentUrl":"https:\/\/ldstudio.si\/wp-content\/uploads\/2025\/02\/20250213_193118.jpg","width":1440,"height":1920,"caption":"Personalizirana dekoracija iz pleksi stekla s fotografijami in lesenim podstavkom"},{"@type":"BreadcrumbList","@id":"https:\/\/ldstudio.si\/index.php\/product\/personalizirano-darilo-tvoja-zgodba-v-crkah\/#breadcrumb","itemListElement":[{"@type":"ListItem","position":1,"name":"Home","item":"https:\/\/ldstudio.si\/"},{"@type":"ListItem","position":2,"name":"Trgovina","item":"https:\/\/ldstudio.si\/index.php\/trgovina\/"},{"@type":"ListItem","position":3,"name":"Personalizirano darilo &#8220;Tvoja zgodba v \u010drkah&#8221;"}]},{"@type":"WebSite","@id":"https:\/\/ldstudio.si\/#website","url":"https:\/\/ldstudio.si\/","name":"LD studio","description":"","publisher":{"@id":"https:\/\/ldstudio.si\/#organization"},"potentialAction":[{"@type":"SearchAction","target":{"@type":"EntryPoint","urlTemplate":"https:\/\/ldstudio.si\/?s={search_term_string}"},"query-input":{"@type":"PropertyValueSpecification","valueRequired":true,"valueName":"search_term_string"}}],"inLanguage":"sl-SI"},{"@type":"Organization","@id":"https:\/\/ldstudio.si\/#organization","name":"LD studio","url":"https:\/\/ldstudio.si\/","logo":{"@type":"ImageObject","inLanguage":"sl-SI","@id":"https:\/\/ldstudio.si\/#\/schema\/logo\/image\/","url":"https:\/\/ldstudio.si\/wp-content\/uploads\/2024\/11\/Artboard-1@2x.png","contentUrl":"https:\/\/ldstudio.si\/wp-content\/uploads\/2024\/11\/Artboard-1@2x.png","width":543,"height":602,"caption":"LD studio"},"image":{"@id":"https:\/\/ldstudio.si\/#\/schema\/logo\/image\/"}}]}},"wcpa_form_fields":{"wcpaData":{"product":{"product_price":28.5,"price_html":"<span class=\"woocommerce-Price-amount amount\"><bdi>28,50&nbsp;<span class=\"woocommerce-Price-currencySymbol\">&euro;<\/span><\/bdi><\/span>","original_product_price":28.5,"price_including_tax":28.5,"price_excluding_tax":28.5,"product_id":{"parent":1980,"variation":false},"is_variable":false,"stock_status":"instock","stock_quantity":null,"parent_sku":"","product_attributes":[],"custom_fields":[],"is_taxable":false,"product_name":"Personalizirano darilo \"Tvoja zgodba v \u010drkah\"","hasImage":false},"fields":{"sec_667b6268c8ba9b":{"extra":{"key":"sec_667b6268c8ba9b","section_id":"sec_667b6268c8ba9b","name":"Default","status":1,"cl_rule":"show","enableCl":false,"relations":[],"toggle":true,"title_tag":"h3","show_title":false,"showPrice":"default","form_id":2005,"form_rules":{"exclude_from_discount":false,"fee_label":"Pristojbina","disp_hide_options_price":false,"disp_show_section_price":false,"disp_show_field_price":true,"layout_option":"standard","pric_use_as_fee":false,"process_fee_as":"woo_fee"},"layout_option":"standard"},"fields":[[{"active":true,"col":6,"relations":false,"cl_rule":"show","enableCl":false,"price":"","enablePrice":false,"className":"","label_position":"default","desc_position":"default","type":"file","required":true,"elementId":"file_9067949016","name":"file_9067949016","label":"DODAJ SLIKE","upload_type":"ajax","uploadSize":500,"file_types":["images","docs","design"],"error":false,"multiple_upload":true,"max_file_count":"10","min_file_count":"1","allowedFileTypes":"image\/*,.doc,.docx,.xml,.dot,.docm,.dotm,.dotx,.htm,.html,.odt,.pdf,.rtf,.txt,.wps,.xps,application\/msword,application\/vnd,.psd,.eps,.ai,.indd,.raw","gt_translate_keys":["label"],"price_dependency":false,"cl_dependency":false,"value":""}]]},"sec_06757fe210b542":{"extra":{"key":"sec_06757fe210b542","section_id":"sec_06757fe210b542","name":"Default","status":1,"toggle":true,"form_id":1637,"form_rules":{"exclude_from_discount":false,"fee_label":"Pristojbina","disp_hide_options_price":false,"disp_show_section_price":false,"disp_show_field_price":true,"layout_option":"standard","pric_use_as_fee":false,"process_fee_as":"woo_fee"},"layout_option":"standard"},"fields":[[{"active":true,"col":6,"relations":false,"cl_rule":"show","enableCl":false,"price":"","enablePrice":false,"className":"","type":"text","subtype":"text","required":false,"elementId":"text_8201238201","label":"VPI\u0160I BESEDILO","name":"text_8201238201","value":"","error":false,"gt_translate_keys":["label","value"],"price_dependency":false,"cl_dependency":false}]]}},"config":{"price_override":"","enable_recaptcha":false,"bind_quantity":false,"quantity_bind_formula":false,"disp_summ_show_option_price":true,"disp_summ_show_product_price":true,"disp_summ_show_total_price":true,"disp_summ_show_fee":false,"disp_summ_show_discount":false,"summary_title":"","options_total_label":"Cena mo\u017enosti","total_label":"Skupaj","options_product_label":"Cena izdelka","fee_label":"Pristojbina","discount_label":"Popust","has_price":true,"has_quantity_formula":false},"mc_unit":1,"tax_rate":1,"tax_rate_real":1,"discount":{"percentage":0,"fixed":0},"design":{"conf":{"LabelPosition":"above","DescPosition":"above","UploadField":"custom_1","QuantityFieldStyle":"default"},"css":{"LeftLabelWidth":"120px"}},"formulas":[],"clones":false,"cartKey":false}},"_links":{"self":[{"href":"https:\/\/ldstudio.si\/index.php\/wp-json\/wp\/v2\/product\/1980","targetHints":{"allow":["GET"]}}],"collection":[{"href":"https:\/\/ldstudio.si\/index.php\/wp-json\/wp\/v2\/product"}],"about":[{"href":"https:\/\/ldstudio.si\/index.php\/wp-json\/wp\/v2\/types\/product"}],"replies":[{"embeddable":true,"href":"https:\/\/ldstudio.si\/index.php\/wp-json\/wp\/v2\/comments?post=1980"}],"wp:featuredmedia":[{"embeddable":true,"href":"https:\/\/ldstudio.si\/index.php\/wp-json\/wp\/v2\/media\/1981"}],"wp:attachment":[{"href":"https:\/\/ldstudio.si\/index.php\/wp-json\/wp\/v2\/media?parent=1980"}],"wp:term":[{"taxonomy":"product_brand","embeddable":true,"href":"https:\/\/ldstudio.si\/index.php\/wp-json\/wp\/v2\/product_brand?post=1980"},{"taxonomy":"product_cat","embeddable":true,"href":"https:\/\/ldstudio.si\/index.php\/wp-json\/wp\/v2\/product_cat?post=1980"},{"taxonomy":"product_tag","embeddable":true,"href":"https:\/\/ldstudio.si\/index.php\/wp-json\/wp\/v2\/product_tag?post=1980"}],"curies":[{"name":"wp","href":"https:\/\/api.w.org\/{rel}","templated":true}]}}