{"id":1899,"date":"2025-02-05T09:07:08","date_gmt":"2025-02-05T09:07:08","guid":{"rendered":"https:\/\/ldstudio.si\/?post_type=product&#038;p=1899"},"modified":"2025-08-21T17:08:05","modified_gmt":"2025-08-21T17:08:05","slug":"personaliziran-darilni-paket-maksi","status":"publish","type":"product","link":"https:\/\/ldstudio.si\/index.php\/product\/personaliziran-darilni-paket-maksi\/","title":{"rendered":"Personaliziran darilni paket &#8220;Maksi&#8221;"},"content":{"rendered":"<p>Podarite popolno darilo ob rojstvu dojen\u010dka! Personaliziran darilni paket &#8220;Maksi&#8221; vsebuje:<\/p>\n<ul>\n<li><strong>Mehko in toplo deko za novorojen\u010dka<\/strong> z izvezenim imenom, velikosti 70&#215;90 cm, krem (smetana) barva, 100% bomba\u017e.<\/li>\n<li><strong>Oznanitvena tablica<\/strong>: iz pleksi stekla, v roza ali modra barvi (velikost fi 15 cm).<\/li>\n<li><strong>Tetra pleni\u010dko<\/strong> z vezenim imenom za ne\u017eno nego dojen\u010dka.<\/li>\n<li><strong>Priponko za dudo<\/strong>: Ta priponka je narejena iz silikona, ki je prijazen do otro\u0161kih dlesni, ter lesene zvezdice, na katero je vgravirano ime otroka, izberete lahko med roza ali elegantno sivo barvo (velikost 16 cm).<\/li>\n<li><strong>Mehko ninico<\/strong>: Mehka in ne\u017ena ninica velikosti 45 cm, pli\u0161asta tkanina, personalizirana z izvezenim imenom po va\u0161i izbiri.<\/li>\n<\/ul>\n<p>Vse stvari so skrbno izbrane in personalizirane, da ustvarijo \u010dudovit in nepozaben spomin. Odli\u010dno darilo za novope\u010dene star\u0161e!<\/p>\n<p>* Lahko dodate vo\u0161\u010dilo ob darilu (dopla\u010dilo 1,00 \u20ac).<br \/>\nPresenetite prejemnika z\u00a0<strong data-start=\"373\" data-end=\"393\">osebnim vo\u0161\u010dilom<\/strong>, ki ga prilo\u017eimo v paket kot\u00a0<strong data-start=\"423\" data-end=\"466\">A6 kartico iz tr\u0161ega svetle\u010dega papirja<\/strong>\u00a0z elegantnim\u00a0<strong data-start=\"480\" data-end=\"493\">UV tiskom<\/strong>.<br \/>\nNa vo\u0161\u010dilnico natisnemo va\u0161e sporo\u010dilo, ime prejemnika in podpis, kot ga vnesete ob naro\u010dilu.<\/p>\n","protected":false},"excerpt":{"rendered":"<p>Podarite popolno darilo ob rojstvu dojen\u010dka! Personaliziran darilni paket &#8220;Maksi&#8221; vsebuje: Mehko in toplo deko za novorojen\u010dka z izvezenim imenom, velikosti 70&#215;90 cm, krem (smetana) barva, 100% bomba\u017e. Oznanitvena tablica: iz pleksi stekla, v roza ali modra barvi (velikost fi 15 cm). Tetra pleni\u010dko z vezenim imenom za ne\u017eno nego dojen\u010dka. Priponko za dudo: Ta [&hellip;]<\/p>\n","protected":false},"featured_media":2318,"comment_status":"open","ping_status":"closed","template":"","meta":[],"product_brand":[],"product_cat":[56,54],"product_tag":[],"class_list":{"0":"post-1899","1":"product","2":"type-product","3":"status-publish","4":"has-post-thumbnail","6":"product_cat-darilni-paketi","7":"product_cat-otroski-koticek","8":"wcpa_has_options","10":"first","11":"instock","12":"shipping-taxable","13":"purchasable","14":"product-type-variable"},"yoast_head":"<!-- This site is optimized with the Yoast SEO plugin v25.0 - https:\/\/yoast.com\/wordpress\/plugins\/seo\/ -->\n<title>Personaliziran darilni paket &quot;Maksi&quot; - LD studio<\/title>\n<meta name=\"description\" content=\"Popoln personaliziran darilni paket za dojen\u010dka, ki vklju\u010duje mehko deko, tetra pleni\u010dko, priponko za dudo, ninico in oznanitveno tablico z imenom.\" \/>\n<meta name=\"robots\" content=\"index, follow, max-snippet:-1, max-image-preview:large, max-video-preview:-1\" \/>\n<link rel=\"canonical\" href=\"https:\/\/ldstudio.si\/index.php\/product\/personaliziran-darilni-paket-maksi\/\" \/>\n<meta property=\"og:locale\" content=\"sl_SI\" \/>\n<meta property=\"og:type\" content=\"article\" \/>\n<meta property=\"og:title\" content=\"Personaliziran darilni paket &quot;Maksi&quot; - LD studio\" \/>\n<meta property=\"og:description\" content=\"Popoln personaliziran darilni paket za dojen\u010dka, ki vklju\u010duje mehko deko, tetra pleni\u010dko, priponko za dudo, ninico in oznanitveno tablico z imenom.\" \/>\n<meta property=\"og:url\" content=\"https:\/\/ldstudio.si\/index.php\/product\/personaliziran-darilni-paket-maksi\/\" \/>\n<meta property=\"og:site_name\" content=\"LD studio\" \/>\n<meta property=\"article:modified_time\" content=\"2025-08-21T17:08:05+00:00\" \/>\n<meta property=\"og:image\" content=\"https:\/\/ldstudio.si\/wp-content\/uploads\/2025\/02\/20250715_185222.jpg\" \/>\n\t<meta property=\"og:image:width\" content=\"1440\" \/>\n\t<meta property=\"og:image:height\" content=\"1920\" \/>\n\t<meta property=\"og:image:type\" content=\"image\/jpeg\" \/>\n<meta name=\"twitter:card\" content=\"summary_large_image\" \/>\n<meta name=\"twitter:label1\" content=\"Est. reading time\" \/>\n\t<meta name=\"twitter:data1\" content=\"2 minuti\" \/>\n<script type=\"application\/ld+json\" class=\"yoast-schema-graph\">{\"@context\":\"https:\/\/schema.org\",\"@graph\":[{\"@type\":\"WebPage\",\"@id\":\"https:\/\/ldstudio.si\/index.php\/product\/personaliziran-darilni-paket-maksi\/\",\"url\":\"https:\/\/ldstudio.si\/index.php\/product\/personaliziran-darilni-paket-maksi\/\",\"name\":\"Personaliziran darilni paket \\\"Maksi\\\" - LD studio\",\"isPartOf\":{\"@id\":\"https:\/\/ldstudio.si\/#website\"},\"primaryImageOfPage\":{\"@id\":\"https:\/\/ldstudio.si\/index.php\/product\/personaliziran-darilni-paket-maksi\/#primaryimage\"},\"image\":{\"@id\":\"https:\/\/ldstudio.si\/index.php\/product\/personaliziran-darilni-paket-maksi\/#primaryimage\"},\"thumbnailUrl\":\"https:\/\/ldstudio.si\/wp-content\/uploads\/2025\/02\/20250715_185222.jpg\",\"datePublished\":\"2025-02-05T09:07:08+00:00\",\"dateModified\":\"2025-08-21T17:08:05+00:00\",\"description\":\"Popoln personaliziran darilni paket za dojen\u010dka, ki vklju\u010duje mehko deko, tetra pleni\u010dko, priponko za dudo, ninico in oznanitveno tablico z imenom.\",\"breadcrumb\":{\"@id\":\"https:\/\/ldstudio.si\/index.php\/product\/personaliziran-darilni-paket-maksi\/#breadcrumb\"},\"inLanguage\":\"sl-SI\",\"potentialAction\":[{\"@type\":\"ReadAction\",\"target\":[\"https:\/\/ldstudio.si\/index.php\/product\/personaliziran-darilni-paket-maksi\/\"]}]},{\"@type\":\"ImageObject\",\"inLanguage\":\"sl-SI\",\"@id\":\"https:\/\/ldstudio.si\/index.php\/product\/personaliziran-darilni-paket-maksi\/#primaryimage\",\"url\":\"https:\/\/ldstudio.si\/wp-content\/uploads\/2025\/02\/20250715_185222.jpg\",\"contentUrl\":\"https:\/\/ldstudio.si\/wp-content\/uploads\/2025\/02\/20250715_185222.jpg\",\"width\":1440,\"height\":1920},{\"@type\":\"BreadcrumbList\",\"@id\":\"https:\/\/ldstudio.si\/index.php\/product\/personaliziran-darilni-paket-maksi\/#breadcrumb\",\"itemListElement\":[{\"@type\":\"ListItem\",\"position\":1,\"name\":\"Home\",\"item\":\"https:\/\/ldstudio.si\/\"},{\"@type\":\"ListItem\",\"position\":2,\"name\":\"Trgovina\",\"item\":\"https:\/\/ldstudio.si\/index.php\/trgovina\/\"},{\"@type\":\"ListItem\",\"position\":3,\"name\":\"Personaliziran darilni paket &#8220;Maksi&#8221;\"}]},{\"@type\":\"WebSite\",\"@id\":\"https:\/\/ldstudio.si\/#website\",\"url\":\"https:\/\/ldstudio.si\/\",\"name\":\"LD studio\",\"description\":\"\",\"publisher\":{\"@id\":\"https:\/\/ldstudio.si\/#organization\"},\"potentialAction\":[{\"@type\":\"SearchAction\",\"target\":{\"@type\":\"EntryPoint\",\"urlTemplate\":\"https:\/\/ldstudio.si\/?s={search_term_string}\"},\"query-input\":{\"@type\":\"PropertyValueSpecification\",\"valueRequired\":true,\"valueName\":\"search_term_string\"}}],\"inLanguage\":\"sl-SI\"},{\"@type\":\"Organization\",\"@id\":\"https:\/\/ldstudio.si\/#organization\",\"name\":\"LD studio\",\"url\":\"https:\/\/ldstudio.si\/\",\"logo\":{\"@type\":\"ImageObject\",\"inLanguage\":\"sl-SI\",\"@id\":\"https:\/\/ldstudio.si\/#\/schema\/logo\/image\/\",\"url\":\"https:\/\/ldstudio.si\/wp-content\/uploads\/2024\/11\/Artboard-1@2x.png\",\"contentUrl\":\"https:\/\/ldstudio.si\/wp-content\/uploads\/2024\/11\/Artboard-1@2x.png\",\"width\":543,\"height\":602,\"caption\":\"LD studio\"},\"image\":{\"@id\":\"https:\/\/ldstudio.si\/#\/schema\/logo\/image\/\"}}]}<\/script>\n<!-- \/ Yoast SEO plugin. -->","yoast_head_json":{"title":"Personaliziran darilni paket \"Maksi\" - LD studio","description":"Popoln personaliziran darilni paket za dojen\u010dka, ki vklju\u010duje mehko deko, tetra pleni\u010dko, priponko za dudo, ninico in oznanitveno tablico z imenom.","robots":{"index":"index","follow":"follow","max-snippet":"max-snippet:-1","max-image-preview":"max-image-preview:large","max-video-preview":"max-video-preview:-1"},"canonical":"https:\/\/ldstudio.si\/index.php\/product\/personaliziran-darilni-paket-maksi\/","og_locale":"sl_SI","og_type":"article","og_title":"Personaliziran darilni paket \"Maksi\" - LD studio","og_description":"Popoln personaliziran darilni paket za dojen\u010dka, ki vklju\u010duje mehko deko, tetra pleni\u010dko, priponko za dudo, ninico in oznanitveno tablico z imenom.","og_url":"https:\/\/ldstudio.si\/index.php\/product\/personaliziran-darilni-paket-maksi\/","og_site_name":"LD studio","article_modified_time":"2025-08-21T17:08:05+00:00","og_image":[{"width":1440,"height":1920,"url":"https:\/\/ldstudio.si\/wp-content\/uploads\/2025\/02\/20250715_185222.jpg","type":"image\/jpeg"}],"twitter_card":"summary_large_image","twitter_misc":{"Est. reading time":"2 minuti"},"schema":{"@context":"https:\/\/schema.org","@graph":[{"@type":"WebPage","@id":"https:\/\/ldstudio.si\/index.php\/product\/personaliziran-darilni-paket-maksi\/","url":"https:\/\/ldstudio.si\/index.php\/product\/personaliziran-darilni-paket-maksi\/","name":"Personaliziran darilni paket \"Maksi\" - LD studio","isPartOf":{"@id":"https:\/\/ldstudio.si\/#website"},"primaryImageOfPage":{"@id":"https:\/\/ldstudio.si\/index.php\/product\/personaliziran-darilni-paket-maksi\/#primaryimage"},"image":{"@id":"https:\/\/ldstudio.si\/index.php\/product\/personaliziran-darilni-paket-maksi\/#primaryimage"},"thumbnailUrl":"https:\/\/ldstudio.si\/wp-content\/uploads\/2025\/02\/20250715_185222.jpg","datePublished":"2025-02-05T09:07:08+00:00","dateModified":"2025-08-21T17:08:05+00:00","description":"Popoln personaliziran darilni paket za dojen\u010dka, ki vklju\u010duje mehko deko, tetra pleni\u010dko, priponko za dudo, ninico in oznanitveno tablico z imenom.","breadcrumb":{"@id":"https:\/\/ldstudio.si\/index.php\/product\/personaliziran-darilni-paket-maksi\/#breadcrumb"},"inLanguage":"sl-SI","potentialAction":[{"@type":"ReadAction","target":["https:\/\/ldstudio.si\/index.php\/product\/personaliziran-darilni-paket-maksi\/"]}]},{"@type":"ImageObject","inLanguage":"sl-SI","@id":"https:\/\/ldstudio.si\/index.php\/product\/personaliziran-darilni-paket-maksi\/#primaryimage","url":"https:\/\/ldstudio.si\/wp-content\/uploads\/2025\/02\/20250715_185222.jpg","contentUrl":"https:\/\/ldstudio.si\/wp-content\/uploads\/2025\/02\/20250715_185222.jpg","width":1440,"height":1920},{"@type":"BreadcrumbList","@id":"https:\/\/ldstudio.si\/index.php\/product\/personaliziran-darilni-paket-maksi\/#breadcrumb","itemListElement":[{"@type":"ListItem","position":1,"name":"Home","item":"https:\/\/ldstudio.si\/"},{"@type":"ListItem","position":2,"name":"Trgovina","item":"https:\/\/ldstudio.si\/index.php\/trgovina\/"},{"@type":"ListItem","position":3,"name":"Personaliziran darilni paket &#8220;Maksi&#8221;"}]},{"@type":"WebSite","@id":"https:\/\/ldstudio.si\/#website","url":"https:\/\/ldstudio.si\/","name":"LD studio","description":"","publisher":{"@id":"https:\/\/ldstudio.si\/#organization"},"potentialAction":[{"@type":"SearchAction","target":{"@type":"EntryPoint","urlTemplate":"https:\/\/ldstudio.si\/?s={search_term_string}"},"query-input":{"@type":"PropertyValueSpecification","valueRequired":true,"valueName":"search_term_string"}}],"inLanguage":"sl-SI"},{"@type":"Organization","@id":"https:\/\/ldstudio.si\/#organization","name":"LD studio","url":"https:\/\/ldstudio.si\/","logo":{"@type":"ImageObject","inLanguage":"sl-SI","@id":"https:\/\/ldstudio.si\/#\/schema\/logo\/image\/","url":"https:\/\/ldstudio.si\/wp-content\/uploads\/2024\/11\/Artboard-1@2x.png","contentUrl":"https:\/\/ldstudio.si\/wp-content\/uploads\/2024\/11\/Artboard-1@2x.png","width":543,"height":602,"caption":"LD studio"},"image":{"@id":"https:\/\/ldstudio.si\/#\/schema\/logo\/image\/"}}]}},"wcpa_form_fields":{"wcpaData":{"product":{"product_price":64.900000000000005684341886080801486968994140625,"price_html":"<span class=\"woocommerce-Price-amount amount\"><bdi>64,90&nbsp;<span class=\"woocommerce-Price-currencySymbol\">&euro;<\/span><\/bdi><\/span>","original_product_price":64.900000000000005684341886080801486968994140625,"price_including_tax":64.900000000000005684341886080801486968994140625,"price_excluding_tax":64.900000000000005684341886080801486968994140625,"product_id":{"parent":1899,"variation":false},"is_variable":true,"stock_status":"instock","stock_quantity":null,"parent_sku":"","product_attributes":{"izberi-barvo-tablice":{"is_variation":true,"values":[]}},"custom_fields":[],"is_taxable":false,"product_name":"Personaliziran darilni paket \"Maksi\"","hasImage":false},"fields":{"sec_0672b60b3ad30e":{"extra":{"key":"sec_0672b60b3ad30e","section_id":"sec_0672b60b3ad30e","name":"Default","status":1,"toggle":true,"form_id":1378,"form_rules":{"exclude_from_discount":false,"fee_label":"Pristojbina","disp_hide_options_price":false,"disp_show_section_price":false,"disp_show_field_price":true,"layout_option":"standard","pric_use_as_fee":false,"process_fee_as":"woo_fee"},"layout_option":"standard"},"fields":[[{"active":true,"col":6,"relations":false,"cl_rule":"show","enableCl":false,"price":"","enablePrice":false,"className":"","type":"radio-group","required":true,"elementId":"radio_6128798262","label":"BARVA PRIPONKE","name":"radio_6128798262","values":[{"label":"NE\u017dNO ROZA","value":"NE\u017dNO ROZA","selected":false,"tempId":"aco_388","gt_translate_keys":["label"]},{"label":"NE\u017dNO MODRA","value":"NE\u017dNO MODRA","selected":false,"tempId":"aco_389","gt_translate_keys":["label"]}],"error":false,"layOut":"","checkUi":"","gt_translate_keys":["label"],"price_dependency":false,"cl_dependency":false,"value":""}]]},"sec_7672b181c08e6c":{"extra":{"key":"sec_7672b181c08e6c","section_id":"sec_7672b181c08e6c","name":"Default","status":1,"toggle":true,"form_id":1372,"form_rules":{"exclude_from_discount":false,"fee_label":"Pristojbina","disp_hide_options_price":false,"disp_show_section_price":false,"disp_show_field_price":true,"layout_option":"standard","pric_use_as_fee":false,"process_fee_as":"woo_fee"},"layout_option":"standard"},"fields":[[{"active":true,"col":6,"relations":false,"cl_rule":"show","enableCl":false,"price":"","enablePrice":false,"className":"","type":"text","subtype":"text","required":true,"elementId":"text_8774704101","label":"IME OTROKA","name":"text_8774704101","value":"","error":false,"gt_translate_keys":["label","value"],"price_dependency":false,"cl_dependency":false}]]},"sec_106869352a26bc9":{"extra":{"key":"sec_106869352a26bc9","section_id":"sec_106869352a26bc9","name":"Default","status":1,"cl_rule":"show","enableCl":false,"relations":[],"toggle":true,"title_tag":"h3","show_title":false,"showPrice":"default","form_id":2258,"form_rules":{"exclude_from_discount":false,"fee_label":"Pristojbina","disp_hide_options_price":false,"disp_show_section_price":false,"disp_show_field_price":true,"layout_option":"standard","pric_use_as_fee":false,"process_fee_as":"woo_fee"},"layout_option":"standard"},"fields":[[{"active":true,"col":6,"relations":false,"cl_rule":"show","enableCl":false,"price":"","enablePrice":false,"className":"","label_position":"default","desc_position":"default","type":"separator","required":false,"elementId":"separator_1608421331","label":"Separator Field","height":"20","separatorType":"blank","error":false,"gt_translate_keys":["label"],"price_dependency":false,"cl_dependency":false,"value":""}],[{"active":true,"col":6,"relations":false,"cl_rule":"show","enableCl":false,"price":"1,00","enablePrice":true,"className":"","label_position":"default","desc_position":"default","type":"checkbox","required":false,"elementId":"checkbox_2538989235","label":"\u017delim dodati vo\u0161\u010dilo","name":"checkbox_2538989235","value":"","check_value":"1,00 \u20ac","checkUi":"","error":false,"pricingType":"fixed","use_as_fee":true,"gt_translate_keys":["label","value","check_value"],"price_dependency":false,"cl_dependency":["text_5558826312","textarea_5606193421","text-5621365622"]}],[{"active":true,"col":6,"relations":[{"operator":false,"rules":[{"operator":"AND","rules":{"cl_field":"checkbox_2538989235","cl_relation":"is","cl_val":true}}]}],"cl_rule":"show","enableCl":true,"price":"","enablePrice":false,"className":"","label_position":"default","desc_position":"default","type":"text","subtype":"text","required":false,"elementId":"text_5558826312","label":"IME","name":"text_5558826312","value":"","error":false,"gt_translate_keys":["label","value"],"price_dependency":false,"cl_dependency":false}],[{"active":true,"col":6,"relations":[{"operator":false,"rules":[{"operator":"AND","rules":{"cl_field":"checkbox_2538989235","cl_relation":"is","cl_val":true}}]}],"cl_rule":"show","enableCl":true,"price":"","enablePrice":false,"className":"","label_position":"default","desc_position":"default","type":"textarea","required":false,"elementId":"textarea_5606193421","label":"BESEDILO (VERZ)","name":"textarea_5606193421","value":"","rows":2,"error":false,"gt_translate_keys":["label","value"],"price_dependency":false,"cl_dependency":false}],[{"label":"Podpi\u0161ite se \u2013 KDO PO\u0160ILJA VO\u0160\u010cILO","active":true,"required":false,"elementId":"text-5621365622","value":"","name":"text-5621365622","label_position":"default","desc_position":"default","enablePrice":false,"className":"","enableCl":true,"relations":[{"operator":false,"rules":[{"operator":"AND","rules":{"cl_field":"checkbox_2538989235","cl_relation":"is","cl_val":true}}]}],"subtype":"text","price":"","cl_rule":"show","col":6,"type":"text","error":false,"gt_translate_keys":["label","value"],"price_dependency":false,"cl_dependency":false}]]}},"config":{"price_override":"","enable_recaptcha":false,"bind_quantity":false,"quantity_bind_formula":false,"disp_summ_show_option_price":true,"disp_summ_show_product_price":true,"disp_summ_show_total_price":true,"disp_summ_show_fee":false,"disp_summ_show_discount":false,"summary_title":"","options_total_label":"Cena mo\u017enosti","total_label":"Skupaj","options_product_label":"Cena izdelka","fee_label":"Pristojbina","discount_label":"Popust","has_price":true,"has_quantity_formula":false},"mc_unit":1,"tax_rate":1,"tax_rate_real":1,"discount":{"percentage":0,"fixed":0},"design":{"conf":{"LabelPosition":"above","DescPosition":"above","UploadField":"custom_1","QuantityFieldStyle":"default"},"css":{"LeftLabelWidth":"120px"}},"formulas":[],"clones":false,"cartKey":false}},"_links":{"self":[{"href":"https:\/\/ldstudio.si\/index.php\/wp-json\/wp\/v2\/product\/1899","targetHints":{"allow":["GET"]}}],"collection":[{"href":"https:\/\/ldstudio.si\/index.php\/wp-json\/wp\/v2\/product"}],"about":[{"href":"https:\/\/ldstudio.si\/index.php\/wp-json\/wp\/v2\/types\/product"}],"replies":[{"embeddable":true,"href":"https:\/\/ldstudio.si\/index.php\/wp-json\/wp\/v2\/comments?post=1899"}],"wp:featuredmedia":[{"embeddable":true,"href":"https:\/\/ldstudio.si\/index.php\/wp-json\/wp\/v2\/media\/2318"}],"wp:attachment":[{"href":"https:\/\/ldstudio.si\/index.php\/wp-json\/wp\/v2\/media?parent=1899"}],"wp:term":[{"taxonomy":"product_brand","embeddable":true,"href":"https:\/\/ldstudio.si\/index.php\/wp-json\/wp\/v2\/product_brand?post=1899"},{"taxonomy":"product_cat","embeddable":true,"href":"https:\/\/ldstudio.si\/index.php\/wp-json\/wp\/v2\/product_cat?post=1899"},{"taxonomy":"product_tag","embeddable":true,"href":"https:\/\/ldstudio.si\/index.php\/wp-json\/wp\/v2\/product_tag?post=1899"}],"curies":[{"name":"wp","href":"https:\/\/api.w.org\/{rel}","templated":true}]}}