{"id":1866,"date":"2025-01-28T13:28:23","date_gmt":"2025-01-28T13:28:23","guid":{"rendered":"https:\/\/ldstudio.si\/?post_type=product&#038;p=1866"},"modified":"2026-03-19T08:18:04","modified_gmt":"2026-03-19T08:18:04","slug":"lesen-sopek-s-srckom","status":"publish","type":"product","link":"https:\/\/ldstudio.si\/index.php\/product\/lesen-sopek-s-srckom\/","title":{"rendered":"Lesen \u0161opek s sr\u010dkom"},"content":{"rendered":"<p>Ta \u010dudovit lesen \u0161opek je popolno darilo za posebne prilo\u017enosti. Velikost \u0161opka je pribli\u017eno 27 cm, vsebuje pa eleganten dizajn, ki je personaliziran z va\u0161im posvetilom na lesenem sr\u010dku (5 cm). \u0160opek je idealen za obdarovanje najljub\u0161ih oseb, kot so mame ali \u017eene, saj lahko vklju\u010dite ljube\u010de sporo\u010dilo, ki ga bodo cenile. Idealno darilo za obletnice, rojstne dneve ali druge posebne trenutke.<\/p>\n<p>Vpi\u0161i besedilo, ki ga \u017eeli\u0161 imeti na sr\u010dku.<\/p>\n<p><u>Lastnosti izdelka:<br \/>\n<\/u>Material: les (topol vezana plo\u0161\u010da, debeline 4mm)<br \/>\nVelikost: cca 27 cm, sr\u010dek cca 5 cm<\/p>\n<p>&nbsp;<\/p>\n","protected":false},"excerpt":{"rendered":"<p>Ta \u010dudovit lesen \u0161opek je popolno darilo za posebne prilo\u017enosti. Velikost \u0161opka je pribli\u017eno 27 cm, vsebuje pa eleganten dizajn, ki je personaliziran z va\u0161im posvetilom na lesenem sr\u010dku (5 cm). \u0160opek je idealen za obdarovanje najljub\u0161ih oseb, kot so mame ali \u017eene, saj lahko vklju\u010dite ljube\u010de sporo\u010dilo, ki ga bodo cenile. Idealno darilo za [&hellip;]<\/p>\n","protected":false},"featured_media":1867,"comment_status":"open","ping_status":"closed","template":"","meta":[],"product_brand":[],"product_cat":[77,52],"product_tag":[],"class_list":{"0":"post-1866","1":"product","2":"type-product","3":"status-publish","4":"has-post-thumbnail","6":"product_cat-darila-zanjo-in-zanj","7":"product_cat-materinski-dan-zena-valentinovo","8":"wcpa_has_options","10":"first","11":"instock","12":"shipping-taxable","13":"purchasable","14":"product-type-simple"},"yoast_head":"<!-- This site is optimized with the Yoast SEO plugin v25.0 - https:\/\/yoast.com\/wordpress\/plugins\/seo\/ -->\n<title>Lesen \u0161opek s sr\u010dkom - LD studio<\/title>\n<meta name=\"description\" content=\"Eleganten lesen \u0161opek z mo\u017enostjo personalizacije posvetila. Idealno darilo za posebne prilo\u017enosti. Prelepo oblikovan za obdarovanje ljubljenih.\" \/>\n<meta name=\"robots\" content=\"index, follow, max-snippet:-1, max-image-preview:large, max-video-preview:-1\" \/>\n<link rel=\"canonical\" href=\"https:\/\/ldstudio.si\/index.php\/product\/lesen-sopek-s-srckom\/\" \/>\n<meta property=\"og:locale\" content=\"sl_SI\" \/>\n<meta property=\"og:type\" content=\"article\" \/>\n<meta property=\"og:title\" content=\"Lesen \u0161opek s sr\u010dkom - LD studio\" \/>\n<meta property=\"og:description\" content=\"Eleganten lesen \u0161opek z mo\u017enostjo personalizacije posvetila. Idealno darilo za posebne prilo\u017enosti. Prelepo oblikovan za obdarovanje ljubljenih.\" \/>\n<meta property=\"og:url\" content=\"https:\/\/ldstudio.si\/index.php\/product\/lesen-sopek-s-srckom\/\" \/>\n<meta property=\"og:site_name\" content=\"LD studio\" \/>\n<meta property=\"article:modified_time\" content=\"2026-03-19T08:18:04+00:00\" \/>\n<meta property=\"og:image\" content=\"https:\/\/ldstudio.si\/wp-content\/uploads\/2025\/01\/20250128_141651.jpg\" \/>\n\t<meta property=\"og:image:width\" content=\"1440\" \/>\n\t<meta property=\"og:image:height\" content=\"1920\" \/>\n\t<meta property=\"og:image:type\" content=\"image\/jpeg\" \/>\n<meta name=\"twitter:card\" content=\"summary_large_image\" \/>\n<meta name=\"twitter:label1\" content=\"Est. reading time\" \/>\n\t<meta name=\"twitter:data1\" content=\"1 minuta\" \/>\n<script type=\"application\/ld+json\" class=\"yoast-schema-graph\">{\"@context\":\"https:\/\/schema.org\",\"@graph\":[{\"@type\":\"WebPage\",\"@id\":\"https:\/\/ldstudio.si\/index.php\/product\/lesen-sopek-s-srckom\/\",\"url\":\"https:\/\/ldstudio.si\/index.php\/product\/lesen-sopek-s-srckom\/\",\"name\":\"Lesen \u0161opek s sr\u010dkom - LD studio\",\"isPartOf\":{\"@id\":\"https:\/\/ldstudio.si\/#website\"},\"primaryImageOfPage\":{\"@id\":\"https:\/\/ldstudio.si\/index.php\/product\/lesen-sopek-s-srckom\/#primaryimage\"},\"image\":{\"@id\":\"https:\/\/ldstudio.si\/index.php\/product\/lesen-sopek-s-srckom\/#primaryimage\"},\"thumbnailUrl\":\"https:\/\/ldstudio.si\/wp-content\/uploads\/2025\/01\/20250128_141651.jpg\",\"datePublished\":\"2025-01-28T13:28:23+00:00\",\"dateModified\":\"2026-03-19T08:18:04+00:00\",\"description\":\"Eleganten lesen \u0161opek z mo\u017enostjo personalizacije posvetila. Idealno darilo za posebne prilo\u017enosti. Prelepo oblikovan za obdarovanje ljubljenih.\",\"breadcrumb\":{\"@id\":\"https:\/\/ldstudio.si\/index.php\/product\/lesen-sopek-s-srckom\/#breadcrumb\"},\"inLanguage\":\"sl-SI\",\"potentialAction\":[{\"@type\":\"ReadAction\",\"target\":[\"https:\/\/ldstudio.si\/index.php\/product\/lesen-sopek-s-srckom\/\"]}]},{\"@type\":\"ImageObject\",\"inLanguage\":\"sl-SI\",\"@id\":\"https:\/\/ldstudio.si\/index.php\/product\/lesen-sopek-s-srckom\/#primaryimage\",\"url\":\"https:\/\/ldstudio.si\/wp-content\/uploads\/2025\/01\/20250128_141651.jpg\",\"contentUrl\":\"https:\/\/ldstudio.si\/wp-content\/uploads\/2025\/01\/20250128_141651.jpg\",\"width\":1440,\"height\":1920,\"caption\":\"Za najbolj\u0161o \u017eeno | Za najbolj\u0161o mamo\"},{\"@type\":\"BreadcrumbList\",\"@id\":\"https:\/\/ldstudio.si\/index.php\/product\/lesen-sopek-s-srckom\/#breadcrumb\",\"itemListElement\":[{\"@type\":\"ListItem\",\"position\":1,\"name\":\"Home\",\"item\":\"https:\/\/ldstudio.si\/\"},{\"@type\":\"ListItem\",\"position\":2,\"name\":\"Trgovina\",\"item\":\"https:\/\/ldstudio.si\/index.php\/trgovina\/\"},{\"@type\":\"ListItem\",\"position\":3,\"name\":\"Lesen \u0161opek s sr\u010dkom\"}]},{\"@type\":\"WebSite\",\"@id\":\"https:\/\/ldstudio.si\/#website\",\"url\":\"https:\/\/ldstudio.si\/\",\"name\":\"LD studio\",\"description\":\"\",\"publisher\":{\"@id\":\"https:\/\/ldstudio.si\/#organization\"},\"potentialAction\":[{\"@type\":\"SearchAction\",\"target\":{\"@type\":\"EntryPoint\",\"urlTemplate\":\"https:\/\/ldstudio.si\/?s={search_term_string}\"},\"query-input\":{\"@type\":\"PropertyValueSpecification\",\"valueRequired\":true,\"valueName\":\"search_term_string\"}}],\"inLanguage\":\"sl-SI\"},{\"@type\":\"Organization\",\"@id\":\"https:\/\/ldstudio.si\/#organization\",\"name\":\"LD studio\",\"url\":\"https:\/\/ldstudio.si\/\",\"logo\":{\"@type\":\"ImageObject\",\"inLanguage\":\"sl-SI\",\"@id\":\"https:\/\/ldstudio.si\/#\/schema\/logo\/image\/\",\"url\":\"https:\/\/ldstudio.si\/wp-content\/uploads\/2024\/11\/Artboard-1@2x.png\",\"contentUrl\":\"https:\/\/ldstudio.si\/wp-content\/uploads\/2024\/11\/Artboard-1@2x.png\",\"width\":543,\"height\":602,\"caption\":\"LD studio\"},\"image\":{\"@id\":\"https:\/\/ldstudio.si\/#\/schema\/logo\/image\/\"}}]}<\/script>\n<!-- \/ Yoast SEO plugin. -->","yoast_head_json":{"title":"Lesen \u0161opek s sr\u010dkom - LD studio","description":"Eleganten lesen \u0161opek z mo\u017enostjo personalizacije posvetila. Idealno darilo za posebne prilo\u017enosti. Prelepo oblikovan za obdarovanje ljubljenih.","robots":{"index":"index","follow":"follow","max-snippet":"max-snippet:-1","max-image-preview":"max-image-preview:large","max-video-preview":"max-video-preview:-1"},"canonical":"https:\/\/ldstudio.si\/index.php\/product\/lesen-sopek-s-srckom\/","og_locale":"sl_SI","og_type":"article","og_title":"Lesen \u0161opek s sr\u010dkom - LD studio","og_description":"Eleganten lesen \u0161opek z mo\u017enostjo personalizacije posvetila. Idealno darilo za posebne prilo\u017enosti. Prelepo oblikovan za obdarovanje ljubljenih.","og_url":"https:\/\/ldstudio.si\/index.php\/product\/lesen-sopek-s-srckom\/","og_site_name":"LD studio","article_modified_time":"2026-03-19T08:18:04+00:00","og_image":[{"width":1440,"height":1920,"url":"https:\/\/ldstudio.si\/wp-content\/uploads\/2025\/01\/20250128_141651.jpg","type":"image\/jpeg"}],"twitter_card":"summary_large_image","twitter_misc":{"Est. reading time":"1 minuta"},"schema":{"@context":"https:\/\/schema.org","@graph":[{"@type":"WebPage","@id":"https:\/\/ldstudio.si\/index.php\/product\/lesen-sopek-s-srckom\/","url":"https:\/\/ldstudio.si\/index.php\/product\/lesen-sopek-s-srckom\/","name":"Lesen \u0161opek s sr\u010dkom - LD studio","isPartOf":{"@id":"https:\/\/ldstudio.si\/#website"},"primaryImageOfPage":{"@id":"https:\/\/ldstudio.si\/index.php\/product\/lesen-sopek-s-srckom\/#primaryimage"},"image":{"@id":"https:\/\/ldstudio.si\/index.php\/product\/lesen-sopek-s-srckom\/#primaryimage"},"thumbnailUrl":"https:\/\/ldstudio.si\/wp-content\/uploads\/2025\/01\/20250128_141651.jpg","datePublished":"2025-01-28T13:28:23+00:00","dateModified":"2026-03-19T08:18:04+00:00","description":"Eleganten lesen \u0161opek z mo\u017enostjo personalizacije posvetila. Idealno darilo za posebne prilo\u017enosti. Prelepo oblikovan za obdarovanje ljubljenih.","breadcrumb":{"@id":"https:\/\/ldstudio.si\/index.php\/product\/lesen-sopek-s-srckom\/#breadcrumb"},"inLanguage":"sl-SI","potentialAction":[{"@type":"ReadAction","target":["https:\/\/ldstudio.si\/index.php\/product\/lesen-sopek-s-srckom\/"]}]},{"@type":"ImageObject","inLanguage":"sl-SI","@id":"https:\/\/ldstudio.si\/index.php\/product\/lesen-sopek-s-srckom\/#primaryimage","url":"https:\/\/ldstudio.si\/wp-content\/uploads\/2025\/01\/20250128_141651.jpg","contentUrl":"https:\/\/ldstudio.si\/wp-content\/uploads\/2025\/01\/20250128_141651.jpg","width":1440,"height":1920,"caption":"Za najbolj\u0161o \u017eeno | Za najbolj\u0161o mamo"},{"@type":"BreadcrumbList","@id":"https:\/\/ldstudio.si\/index.php\/product\/lesen-sopek-s-srckom\/#breadcrumb","itemListElement":[{"@type":"ListItem","position":1,"name":"Home","item":"https:\/\/ldstudio.si\/"},{"@type":"ListItem","position":2,"name":"Trgovina","item":"https:\/\/ldstudio.si\/index.php\/trgovina\/"},{"@type":"ListItem","position":3,"name":"Lesen \u0161opek s sr\u010dkom"}]},{"@type":"WebSite","@id":"https:\/\/ldstudio.si\/#website","url":"https:\/\/ldstudio.si\/","name":"LD studio","description":"","publisher":{"@id":"https:\/\/ldstudio.si\/#organization"},"potentialAction":[{"@type":"SearchAction","target":{"@type":"EntryPoint","urlTemplate":"https:\/\/ldstudio.si\/?s={search_term_string}"},"query-input":{"@type":"PropertyValueSpecification","valueRequired":true,"valueName":"search_term_string"}}],"inLanguage":"sl-SI"},{"@type":"Organization","@id":"https:\/\/ldstudio.si\/#organization","name":"LD studio","url":"https:\/\/ldstudio.si\/","logo":{"@type":"ImageObject","inLanguage":"sl-SI","@id":"https:\/\/ldstudio.si\/#\/schema\/logo\/image\/","url":"https:\/\/ldstudio.si\/wp-content\/uploads\/2024\/11\/Artboard-1@2x.png","contentUrl":"https:\/\/ldstudio.si\/wp-content\/uploads\/2024\/11\/Artboard-1@2x.png","width":543,"height":602,"caption":"LD studio"},"image":{"@id":"https:\/\/ldstudio.si\/#\/schema\/logo\/image\/"}}]}},"wcpa_form_fields":{"wcpaData":{"product":{"product_price":12.9000000000000003552713678800500929355621337890625,"price_html":"<span class=\"woocommerce-Price-amount amount\"><bdi>12,90&nbsp;<span class=\"woocommerce-Price-currencySymbol\">&euro;<\/span><\/bdi><\/span>","original_product_price":12.9000000000000003552713678800500929355621337890625,"price_including_tax":12.9000000000000003552713678800500929355621337890625,"price_excluding_tax":12.9000000000000003552713678800500929355621337890625,"product_id":{"parent":1866,"variation":false},"is_variable":false,"stock_status":"instock","stock_quantity":null,"parent_sku":"","product_attributes":[],"custom_fields":[],"is_taxable":false,"product_name":"Lesen \u0161opek s sr\u010dkom","hasImage":false},"fields":{"sec_467460256de623":{"extra":{"key":"sec_467460256de623","section_id":"sec_467460256de623","name":"Default","status":1,"toggle":true,"form_id":1531,"form_rules":{"exclude_from_discount":false,"fee_label":"Pristojbina","disp_hide_options_price":false,"disp_show_section_price":false,"disp_show_field_price":true,"layout_option":"standard","pric_use_as_fee":false,"process_fee_as":"woo_fee"},"layout_option":"standard"},"fields":[[{"active":true,"col":6,"relations":false,"cl_rule":"show","enableCl":false,"price":"","enablePrice":false,"className":"","type":"text","subtype":"text","required":true,"elementId":"text_6413778681","label":"VPI\u0160I BESEDILO","name":"text_6413778681","value":"","error":false,"gt_translate_keys":["label","value"],"price_dependency":false,"cl_dependency":false}]]}},"config":{"price_override":"","enable_recaptcha":false,"bind_quantity":false,"quantity_bind_formula":false,"disp_summ_show_option_price":true,"disp_summ_show_product_price":true,"disp_summ_show_total_price":true,"disp_summ_show_fee":false,"disp_summ_show_discount":false,"summary_title":"","options_total_label":"Cena mo\u017enosti","total_label":"Skupaj","options_product_label":"Cena izdelka","fee_label":"Pristojbina","discount_label":"Popust","has_price":true,"has_quantity_formula":false},"mc_unit":1,"tax_rate":1,"tax_rate_real":1,"discount":{"percentage":0,"fixed":0},"design":{"conf":{"LabelPosition":"above","DescPosition":"above","UploadField":"custom_1","QuantityFieldStyle":"default"},"css":{"LeftLabelWidth":"120px"}},"formulas":[],"clones":false,"cartKey":false}},"_links":{"self":[{"href":"https:\/\/ldstudio.si\/index.php\/wp-json\/wp\/v2\/product\/1866","targetHints":{"allow":["GET"]}}],"collection":[{"href":"https:\/\/ldstudio.si\/index.php\/wp-json\/wp\/v2\/product"}],"about":[{"href":"https:\/\/ldstudio.si\/index.php\/wp-json\/wp\/v2\/types\/product"}],"replies":[{"embeddable":true,"href":"https:\/\/ldstudio.si\/index.php\/wp-json\/wp\/v2\/comments?post=1866"}],"wp:featuredmedia":[{"embeddable":true,"href":"https:\/\/ldstudio.si\/index.php\/wp-json\/wp\/v2\/media\/1867"}],"wp:attachment":[{"href":"https:\/\/ldstudio.si\/index.php\/wp-json\/wp\/v2\/media?parent=1866"}],"wp:term":[{"taxonomy":"product_brand","embeddable":true,"href":"https:\/\/ldstudio.si\/index.php\/wp-json\/wp\/v2\/product_brand?post=1866"},{"taxonomy":"product_cat","embeddable":true,"href":"https:\/\/ldstudio.si\/index.php\/wp-json\/wp\/v2\/product_cat?post=1866"},{"taxonomy":"product_tag","embeddable":true,"href":"https:\/\/ldstudio.si\/index.php\/wp-json\/wp\/v2\/product_tag?post=1866"}],"curies":[{"name":"wp","href":"https:\/\/api.w.org\/{rel}","templated":true}]}}