{"id":1822,"date":"2025-01-18T12:15:00","date_gmt":"2025-01-18T12:15:00","guid":{"rendered":"https:\/\/ldstudio.si\/?post_type=product&#038;p=1822"},"modified":"2026-03-27T20:37:02","modified_gmt":"2026-03-27T20:37:02","slug":"personalizirano-darilo-zgodba-na-filmskem-traku","status":"publish","type":"product","link":"https:\/\/ldstudio.si\/index.php\/product\/personalizirano-darilo-zgodba-na-filmskem-traku\/","title":{"rendered":"Personalizirano darilo &#8220;Zgodba na filmskem traku&#8221;"},"content":{"rendered":"<p data-path-to-node=\"10\"><b data-path-to-node=\"10\" data-index-in-node=\"0\">Postanite glavni igralci svoje najlep\u0161e zgodbe!<\/b><\/p>\n<p data-path-to-node=\"11\">Nekateri trenutki so preve\u010d dragoceni, da bi ostali le na telefonu. Na\u0161e personalizirano darilo &#8220;Zgodba na filmskem traku&#8221; spremeni va\u0161e najljub\u0161e tri spomine v sodobno umetni\u0161ko delo na visokokakovostnem pleksi steklu.<\/p>\n<p data-path-to-node=\"11\"><b data-path-to-node=\"14\" data-index-in-node=\"0\">Ideja za obdarovanje:<\/b> To je popolna izbira za obletnice, valentinovo, rojstne dneve ali kot unikatno poro\u010dno darilo. Podarite &#8220;zgodbo&#8221;, ki jo bosta z veseljem gledali vsak dan.<\/p>\n<p>*Lesen podstavek je vklju\u010den v ceno.<\/p>\n<p><b data-path-to-node=\"7\" data-index-in-node=\"0\">Podrobnosti izdelka:<br \/>\n<\/b>\u2013 Personalizacija: UV tisk (va\u0161ih 3 slik in besedila)<br \/>\n\u2013 Material: topolova vezana plo\u0161\u010da.<br \/>\n\u2013 Velikost: 18&#215;24 cm.<\/p>\n<hr data-path-to-node=\"12\" \/>\n<blockquote data-path-to-node=\"13\">\n<p data-path-to-node=\"13,0\"><strong>Navodilo za naro\u010dilo:<\/strong> V okence \u201cNaziv\u201d vpi\u0161ite \u017eeleno kratko besedo (mami, o\u010di, Anita); v okence &#8220;Verz&#8221; vpi\u0161ite \u017eeleno besedilo in v okence &#8220;Kraj\u0161e besedilo&#8221; vpi\u0161ite besedilo (podpis, rad\/a te imam).<\/p>\n<hr \/>\n<p data-path-to-node=\"13,0\">Preverite \u0161e ostalo ponudbo unikatnih lesenih dekoracij v kategoriji\u00a0<a href=\"https:\/\/ldstudio.si\/index.php\/product-category\/darila-zanjo-in-zanj\/materinski-dan-zena-valentinovo\/\">Personalizirana darila<\/a>.<\/p>\n<hr \/>\n<\/blockquote>\n<p><strong>Kakovost tiska je odvisna od kakovosti va\u0161e slike!<\/strong><br \/>\nZa najbolj\u0161i rezultat priporo\u010damo, da nalo\u017eite slike visoke lo\u010dljivosti in dobre kakovosti. Slike z nizko lo\u010dljivostjo ali slab\u0161o ostrino lahko vplivajo na kon\u010dni izgled izdelka.<\/p>\n","protected":false},"excerpt":{"rendered":"<p>Postanite glavni igralci svoje najlep\u0161e zgodbe! Nekateri trenutki so preve\u010d dragoceni, da bi ostali le na telefonu. Na\u0161e personalizirano darilo &#8220;Zgodba na filmskem traku&#8221; spremeni va\u0161e najljub\u0161e tri spomine v sodobno umetni\u0161ko delo na visokokakovostnem pleksi steklu. Ideja za obdarovanje: To je popolna izbira za obletnice, valentinovo, rojstne dneve ali kot unikatno poro\u010dno darilo. Podarite [&hellip;]<\/p>\n","protected":false},"featured_media":2722,"comment_status":"open","ping_status":"closed","template":"","meta":[],"product_brand":[],"product_cat":[77,52],"product_tag":[],"class_list":{"0":"post-1822","1":"product","2":"type-product","3":"status-publish","4":"has-post-thumbnail","6":"product_cat-darila-zanjo-in-zanj","7":"product_cat-materinski-dan-zena-valentinovo","8":"wcpa_has_options","10":"first","11":"instock","12":"shipping-taxable","13":"purchasable","14":"product-type-simple"},"yoast_head":"<!-- This site is optimized with the Yoast SEO plugin v25.0 - https:\/\/yoast.com\/wordpress\/plugins\/seo\/ -->\n<title>Personalizirano darilo &quot;Zgodba na filmskem traku&quot; - LD studio<\/title>\n<meta name=\"description\" content=\"Odkrijte personalizirano darilo s tremi va\u0161imi fotografijami in prilagodljivim besedilom. Popolno darilo za mamo, \u017eeno ali ljubljeno osebo!\" \/>\n<meta name=\"robots\" content=\"index, follow, max-snippet:-1, max-image-preview:large, max-video-preview:-1\" \/>\n<link rel=\"canonical\" href=\"https:\/\/ldstudio.si\/index.php\/product\/personalizirano-darilo-zgodba-na-filmskem-traku\/\" \/>\n<meta property=\"og:locale\" content=\"sl_SI\" \/>\n<meta property=\"og:type\" content=\"article\" \/>\n<meta property=\"og:title\" content=\"Personalizirano darilo &quot;Zgodba na filmskem traku&quot; - LD studio\" \/>\n<meta property=\"og:description\" content=\"Odkrijte personalizirano darilo s tremi va\u0161imi fotografijami in prilagodljivim besedilom. Popolno darilo za mamo, \u017eeno ali ljubljeno osebo!\" \/>\n<meta property=\"og:url\" content=\"https:\/\/ldstudio.si\/index.php\/product\/personalizirano-darilo-zgodba-na-filmskem-traku\/\" \/>\n<meta property=\"og:site_name\" content=\"LD studio\" \/>\n<meta property=\"article:modified_time\" content=\"2026-03-27T20:37:02+00:00\" \/>\n<meta property=\"og:image\" content=\"https:\/\/ldstudio.si\/wp-content\/uploads\/2025\/01\/1774634915378.jpg\" \/>\n\t<meta property=\"og:image:width\" content=\"880\" \/>\n\t<meta property=\"og:image:height\" content=\"1122\" \/>\n\t<meta property=\"og:image:type\" content=\"image\/jpeg\" \/>\n<meta name=\"twitter:card\" content=\"summary_large_image\" \/>\n<meta name=\"twitter:label1\" content=\"Est. reading time\" \/>\n\t<meta name=\"twitter:data1\" content=\"1 minuta\" \/>\n<script type=\"application\/ld+json\" class=\"yoast-schema-graph\">{\"@context\":\"https:\/\/schema.org\",\"@graph\":[{\"@type\":\"WebPage\",\"@id\":\"https:\/\/ldstudio.si\/index.php\/product\/personalizirano-darilo-zgodba-na-filmskem-traku\/\",\"url\":\"https:\/\/ldstudio.si\/index.php\/product\/personalizirano-darilo-zgodba-na-filmskem-traku\/\",\"name\":\"Personalizirano darilo \\\"Zgodba na filmskem traku\\\" - LD studio\",\"isPartOf\":{\"@id\":\"https:\/\/ldstudio.si\/#website\"},\"primaryImageOfPage\":{\"@id\":\"https:\/\/ldstudio.si\/index.php\/product\/personalizirano-darilo-zgodba-na-filmskem-traku\/#primaryimage\"},\"image\":{\"@id\":\"https:\/\/ldstudio.si\/index.php\/product\/personalizirano-darilo-zgodba-na-filmskem-traku\/#primaryimage\"},\"thumbnailUrl\":\"https:\/\/ldstudio.si\/wp-content\/uploads\/2025\/01\/1774634915378.jpg\",\"datePublished\":\"2025-01-18T12:15:00+00:00\",\"dateModified\":\"2026-03-27T20:37:02+00:00\",\"description\":\"Odkrijte personalizirano darilo s tremi va\u0161imi fotografijami in prilagodljivim besedilom. Popolno darilo za mamo, \u017eeno ali ljubljeno osebo!\",\"breadcrumb\":{\"@id\":\"https:\/\/ldstudio.si\/index.php\/product\/personalizirano-darilo-zgodba-na-filmskem-traku\/#breadcrumb\"},\"inLanguage\":\"sl-SI\",\"potentialAction\":[{\"@type\":\"ReadAction\",\"target\":[\"https:\/\/ldstudio.si\/index.php\/product\/personalizirano-darilo-zgodba-na-filmskem-traku\/\"]}]},{\"@type\":\"ImageObject\",\"inLanguage\":\"sl-SI\",\"@id\":\"https:\/\/ldstudio.si\/index.php\/product\/personalizirano-darilo-zgodba-na-filmskem-traku\/#primaryimage\",\"url\":\"https:\/\/ldstudio.si\/wp-content\/uploads\/2025\/01\/1774634915378.jpg\",\"contentUrl\":\"https:\/\/ldstudio.si\/wp-content\/uploads\/2025\/01\/1774634915378.jpg\",\"width\":880,\"height\":1122,\"caption\":\"Va\u0161a zgodba, ujeta v brez\u010dasen filmski trak.\"},{\"@type\":\"BreadcrumbList\",\"@id\":\"https:\/\/ldstudio.si\/index.php\/product\/personalizirano-darilo-zgodba-na-filmskem-traku\/#breadcrumb\",\"itemListElement\":[{\"@type\":\"ListItem\",\"position\":1,\"name\":\"Home\",\"item\":\"https:\/\/ldstudio.si\/\"},{\"@type\":\"ListItem\",\"position\":2,\"name\":\"Trgovina\",\"item\":\"https:\/\/ldstudio.si\/index.php\/trgovina\/\"},{\"@type\":\"ListItem\",\"position\":3,\"name\":\"Personalizirano darilo &#8220;Zgodba na filmskem traku&#8221;\"}]},{\"@type\":\"WebSite\",\"@id\":\"https:\/\/ldstudio.si\/#website\",\"url\":\"https:\/\/ldstudio.si\/\",\"name\":\"LD studio\",\"description\":\"\",\"publisher\":{\"@id\":\"https:\/\/ldstudio.si\/#organization\"},\"potentialAction\":[{\"@type\":\"SearchAction\",\"target\":{\"@type\":\"EntryPoint\",\"urlTemplate\":\"https:\/\/ldstudio.si\/?s={search_term_string}\"},\"query-input\":{\"@type\":\"PropertyValueSpecification\",\"valueRequired\":true,\"valueName\":\"search_term_string\"}}],\"inLanguage\":\"sl-SI\"},{\"@type\":\"Organization\",\"@id\":\"https:\/\/ldstudio.si\/#organization\",\"name\":\"LD studio\",\"url\":\"https:\/\/ldstudio.si\/\",\"logo\":{\"@type\":\"ImageObject\",\"inLanguage\":\"sl-SI\",\"@id\":\"https:\/\/ldstudio.si\/#\/schema\/logo\/image\/\",\"url\":\"https:\/\/ldstudio.si\/wp-content\/uploads\/2024\/11\/Artboard-1@2x.png\",\"contentUrl\":\"https:\/\/ldstudio.si\/wp-content\/uploads\/2024\/11\/Artboard-1@2x.png\",\"width\":543,\"height\":602,\"caption\":\"LD studio\"},\"image\":{\"@id\":\"https:\/\/ldstudio.si\/#\/schema\/logo\/image\/\"}}]}<\/script>\n<!-- \/ Yoast SEO plugin. -->","yoast_head_json":{"title":"Personalizirano darilo \"Zgodba na filmskem traku\" - LD studio","description":"Odkrijte personalizirano darilo s tremi va\u0161imi fotografijami in prilagodljivim besedilom. Popolno darilo za mamo, \u017eeno ali ljubljeno osebo!","robots":{"index":"index","follow":"follow","max-snippet":"max-snippet:-1","max-image-preview":"max-image-preview:large","max-video-preview":"max-video-preview:-1"},"canonical":"https:\/\/ldstudio.si\/index.php\/product\/personalizirano-darilo-zgodba-na-filmskem-traku\/","og_locale":"sl_SI","og_type":"article","og_title":"Personalizirano darilo \"Zgodba na filmskem traku\" - LD studio","og_description":"Odkrijte personalizirano darilo s tremi va\u0161imi fotografijami in prilagodljivim besedilom. Popolno darilo za mamo, \u017eeno ali ljubljeno osebo!","og_url":"https:\/\/ldstudio.si\/index.php\/product\/personalizirano-darilo-zgodba-na-filmskem-traku\/","og_site_name":"LD studio","article_modified_time":"2026-03-27T20:37:02+00:00","og_image":[{"width":880,"height":1122,"url":"https:\/\/ldstudio.si\/wp-content\/uploads\/2025\/01\/1774634915378.jpg","type":"image\/jpeg"}],"twitter_card":"summary_large_image","twitter_misc":{"Est. reading time":"1 minuta"},"schema":{"@context":"https:\/\/schema.org","@graph":[{"@type":"WebPage","@id":"https:\/\/ldstudio.si\/index.php\/product\/personalizirano-darilo-zgodba-na-filmskem-traku\/","url":"https:\/\/ldstudio.si\/index.php\/product\/personalizirano-darilo-zgodba-na-filmskem-traku\/","name":"Personalizirano darilo \"Zgodba na filmskem traku\" - LD studio","isPartOf":{"@id":"https:\/\/ldstudio.si\/#website"},"primaryImageOfPage":{"@id":"https:\/\/ldstudio.si\/index.php\/product\/personalizirano-darilo-zgodba-na-filmskem-traku\/#primaryimage"},"image":{"@id":"https:\/\/ldstudio.si\/index.php\/product\/personalizirano-darilo-zgodba-na-filmskem-traku\/#primaryimage"},"thumbnailUrl":"https:\/\/ldstudio.si\/wp-content\/uploads\/2025\/01\/1774634915378.jpg","datePublished":"2025-01-18T12:15:00+00:00","dateModified":"2026-03-27T20:37:02+00:00","description":"Odkrijte personalizirano darilo s tremi va\u0161imi fotografijami in prilagodljivim besedilom. Popolno darilo za mamo, \u017eeno ali ljubljeno osebo!","breadcrumb":{"@id":"https:\/\/ldstudio.si\/index.php\/product\/personalizirano-darilo-zgodba-na-filmskem-traku\/#breadcrumb"},"inLanguage":"sl-SI","potentialAction":[{"@type":"ReadAction","target":["https:\/\/ldstudio.si\/index.php\/product\/personalizirano-darilo-zgodba-na-filmskem-traku\/"]}]},{"@type":"ImageObject","inLanguage":"sl-SI","@id":"https:\/\/ldstudio.si\/index.php\/product\/personalizirano-darilo-zgodba-na-filmskem-traku\/#primaryimage","url":"https:\/\/ldstudio.si\/wp-content\/uploads\/2025\/01\/1774634915378.jpg","contentUrl":"https:\/\/ldstudio.si\/wp-content\/uploads\/2025\/01\/1774634915378.jpg","width":880,"height":1122,"caption":"Va\u0161a zgodba, ujeta v brez\u010dasen filmski trak."},{"@type":"BreadcrumbList","@id":"https:\/\/ldstudio.si\/index.php\/product\/personalizirano-darilo-zgodba-na-filmskem-traku\/#breadcrumb","itemListElement":[{"@type":"ListItem","position":1,"name":"Home","item":"https:\/\/ldstudio.si\/"},{"@type":"ListItem","position":2,"name":"Trgovina","item":"https:\/\/ldstudio.si\/index.php\/trgovina\/"},{"@type":"ListItem","position":3,"name":"Personalizirano darilo &#8220;Zgodba na filmskem traku&#8221;"}]},{"@type":"WebSite","@id":"https:\/\/ldstudio.si\/#website","url":"https:\/\/ldstudio.si\/","name":"LD studio","description":"","publisher":{"@id":"https:\/\/ldstudio.si\/#organization"},"potentialAction":[{"@type":"SearchAction","target":{"@type":"EntryPoint","urlTemplate":"https:\/\/ldstudio.si\/?s={search_term_string}"},"query-input":{"@type":"PropertyValueSpecification","valueRequired":true,"valueName":"search_term_string"}}],"inLanguage":"sl-SI"},{"@type":"Organization","@id":"https:\/\/ldstudio.si\/#organization","name":"LD studio","url":"https:\/\/ldstudio.si\/","logo":{"@type":"ImageObject","inLanguage":"sl-SI","@id":"https:\/\/ldstudio.si\/#\/schema\/logo\/image\/","url":"https:\/\/ldstudio.si\/wp-content\/uploads\/2024\/11\/Artboard-1@2x.png","contentUrl":"https:\/\/ldstudio.si\/wp-content\/uploads\/2024\/11\/Artboard-1@2x.png","width":543,"height":602,"caption":"LD studio"},"image":{"@id":"https:\/\/ldstudio.si\/#\/schema\/logo\/image\/"}}]}},"wcpa_form_fields":{"wcpaData":{"product":{"product_price":28.5,"price_html":"<span class=\"woocommerce-Price-amount amount\"><bdi>28,50&nbsp;<span class=\"woocommerce-Price-currencySymbol\">&euro;<\/span><\/bdi><\/span>","original_product_price":28.5,"price_including_tax":28.5,"price_excluding_tax":28.5,"product_id":{"parent":1822,"variation":false},"is_variable":false,"stock_status":"instock","stock_quantity":null,"parent_sku":"","product_attributes":[],"custom_fields":[],"is_taxable":false,"product_name":"Personalizirano darilo \"Zgodba na filmskem traku\"","hasImage":false},"fields":{"sec_7678b99905a723":{"extra":{"key":"sec_7678b99905a723","section_id":"sec_7678b99905a723","name":"Default","status":1,"cl_rule":"show","enableCl":false,"relations":[],"toggle":true,"title_tag":"h3","show_title":false,"showPrice":"default","form_id":1824,"form_rules":{"exclude_from_discount":false,"fee_label":"Pristojbina","disp_hide_options_price":false,"disp_show_section_price":false,"disp_show_field_price":true,"layout_option":"standard","pric_use_as_fee":false,"process_fee_as":"woo_fee"},"layout_option":"standard"},"fields":[[{"active":true,"col":6,"relations":false,"cl_rule":"show","enableCl":false,"price":"","enablePrice":false,"className":"","label_position":"default","desc_position":"default","type":"text","subtype":"text","required":true,"elementId":"text_2331412484","label":"NAZIV (MAMI, O\u010cI, \u017dENA, IME, PRIJATELJICA...)","name":"text_2331412484","value":"","error":false,"gt_translate_keys":["label","value"],"price_dependency":false,"cl_dependency":false}],[{"active":true,"col":6,"relations":false,"cl_rule":"show","enableCl":false,"price":"","enablePrice":false,"className":"","label_position":"default","desc_position":"default","type":"textarea","required":true,"elementId":"textarea_2363281877","label":"VERZ","name":"textarea_2363281877","value":"","rows":2,"error":false,"gt_translate_keys":["label","value"],"price_dependency":false,"cl_dependency":false}],[{"active":true,"col":6,"relations":false,"cl_rule":"show","enableCl":false,"price":"","enablePrice":false,"className":"","label_position":"default","desc_position":"default","type":"text","subtype":"text","required":true,"elementId":"text_2375963942","label":"KRAJ\u0160E BESEDILO (Za vedno tvoj, Jakob)","name":"text_2375963942","value":"","error":false,"gt_translate_keys":["label","value"],"price_dependency":false,"cl_dependency":false}]]},"sec_5678b99630b08c":{"extra":{"key":"sec_5678b99630b08c","section_id":"sec_5678b99630b08c","name":"Default","status":1,"cl_rule":"show","enableCl":false,"relations":[],"toggle":true,"title_tag":"h3","show_title":false,"showPrice":"default","form_id":1823,"form_rules":{"exclude_from_discount":false,"fee_label":"Pristojbina","disp_hide_options_price":false,"disp_show_section_price":false,"disp_show_field_price":true,"layout_option":"standard","pric_use_as_fee":false,"process_fee_as":"woo_fee"},"layout_option":"standard"},"fields":[[{"active":true,"col":6,"relations":false,"cl_rule":"show","enableCl":false,"price":"","enablePrice":false,"className":"","label_position":"default","desc_position":"default","type":"file","required":true,"elementId":"file_2028164259","name":"file_2028164259","label":"DODAJ SLIKE","upload_type":"ajax","uploadSize":500,"file_types":["images","docs","design"],"error":false,"multiple_upload":true,"max_file_count":"3","min_file_count":"1","allowedFileTypes":"image\/*,.doc,.docx,.xml,.dot,.docm,.dotm,.dotx,.htm,.html,.odt,.pdf,.rtf,.txt,.wps,.xps,application\/msword,application\/vnd,.psd,.eps,.ai,.indd,.raw","gt_translate_keys":["label"],"price_dependency":false,"cl_dependency":false,"value":""}]]}},"config":{"price_override":"","enable_recaptcha":false,"bind_quantity":false,"quantity_bind_formula":false,"disp_summ_show_option_price":true,"disp_summ_show_product_price":true,"disp_summ_show_total_price":true,"disp_summ_show_fee":false,"disp_summ_show_discount":false,"summary_title":"","options_total_label":"Cena mo\u017enosti","total_label":"Skupaj","options_product_label":"Cena izdelka","fee_label":"Pristojbina","discount_label":"Popust","has_price":true,"has_quantity_formula":false},"mc_unit":1,"tax_rate":1,"tax_rate_real":1,"discount":{"percentage":0,"fixed":0},"design":{"conf":{"LabelPosition":"above","DescPosition":"above","UploadField":"custom_1","QuantityFieldStyle":"default"},"css":{"LeftLabelWidth":"120px"}},"formulas":[],"clones":false,"cartKey":false}},"_links":{"self":[{"href":"https:\/\/ldstudio.si\/index.php\/wp-json\/wp\/v2\/product\/1822","targetHints":{"allow":["GET"]}}],"collection":[{"href":"https:\/\/ldstudio.si\/index.php\/wp-json\/wp\/v2\/product"}],"about":[{"href":"https:\/\/ldstudio.si\/index.php\/wp-json\/wp\/v2\/types\/product"}],"replies":[{"embeddable":true,"href":"https:\/\/ldstudio.si\/index.php\/wp-json\/wp\/v2\/comments?post=1822"}],"wp:featuredmedia":[{"embeddable":true,"href":"https:\/\/ldstudio.si\/index.php\/wp-json\/wp\/v2\/media\/2722"}],"wp:attachment":[{"href":"https:\/\/ldstudio.si\/index.php\/wp-json\/wp\/v2\/media?parent=1822"}],"wp:term":[{"taxonomy":"product_brand","embeddable":true,"href":"https:\/\/ldstudio.si\/index.php\/wp-json\/wp\/v2\/product_brand?post=1822"},{"taxonomy":"product_cat","embeddable":true,"href":"https:\/\/ldstudio.si\/index.php\/wp-json\/wp\/v2\/product_cat?post=1822"},{"taxonomy":"product_tag","embeddable":true,"href":"https:\/\/ldstudio.si\/index.php\/wp-json\/wp\/v2\/product_tag?post=1822"}],"curies":[{"name":"wp","href":"https:\/\/api.w.org\/{rel}","templated":true}]}}