{"id":1728,"date":"2025-01-15T17:01:44","date_gmt":"2025-01-15T17:01:44","guid":{"rendered":"https:\/\/ldstudio.si\/?post_type=product&#038;p=1728"},"modified":"2026-03-27T20:25:22","modified_gmt":"2026-03-27T20:25:22","slug":"lesen-krog-za-posebne-osebe","status":"publish","type":"product","link":"https:\/\/ldstudio.si\/index.php\/product\/lesen-krog-za-posebne-osebe\/","title":{"rendered":"Lesen krog za posebne osebe"},"content":{"rendered":"<p><b data-path-to-node=\"9\" data-index-in-node=\"0\">Podarite unikatno priznanje tistim, ki si to zares zaslu\u017eijo.<\/b><\/p>\n<p>Na\u0161 Lesen krog za posebne osebe je zasnovan kot trajen spomin in zahvala. Naj bo to va\u0161a mami, babica, teta ali pa morda u\u010diteljica \u2013 ta estetski dodatek bo vsak dan opominjal na va\u0161o naklonjenost in spo\u0161tovanje.<\/p>\n<p><b data-path-to-node=\"13\" data-index-in-node=\"0\">Ideja za uporabo:<\/b> Zaradi svoje idealne velikosti (premer 20 cm) se krog \u010dudovito poda na polico s knjigami, delovno mizo ali kot osrednji del stenske dekoracije. Je popolna izbira za materinski dan, rojstne dneve ali obletnice.<\/p>\n<p><b data-path-to-node=\"7\" data-index-in-node=\"0\">Podrobnosti izdelka:<br \/>\n<\/b>\u2013 Personalizacija: vgravirano besedilo po va\u0161i \u017eelji (znotraj lon\u010dka)<br \/>\n\u2013 Material: topolova vezana plo\u0161\u010da.<br \/>\n\u2013 Debelina: 4 mm.<br \/>\n\u2013 Velikost: premer 20 cm.<\/p>\n<hr data-path-to-node=\"12\" \/>\n<blockquote data-path-to-node=\"13\">\n<p data-path-to-node=\"13,0\"><strong>Navodilo za naro\u010dilo:<\/strong> V okence \u201cVpi\u0161i besedilo\u201d vpi\u0161ite \u017eeleno kratko besedilo (za v lon\u010dek).<\/p>\n<hr \/>\n<p data-path-to-node=\"13,0\">Preverite \u0161e ostalo ponudbo unikatnih lesenih dekoracij v kategoriji<span style=\"color: #000000;\">\u00a0<a style=\"color: #000000;\" href=\"https:\/\/ldstudio.si\/index.php\/product-category\/darila-zanjo-in-zanj\/materinski-dan-zena-valentinovo\/\">Personalizirana darila<\/a>.<\/span><\/p>\n<\/blockquote>\n","protected":false},"excerpt":{"rendered":"<p>Podarite unikatno priznanje tistim, ki si to zares zaslu\u017eijo. Na\u0161 Lesen krog za posebne osebe je zasnovan kot trajen spomin in zahvala. Naj bo to va\u0161a mami, babica, teta ali pa morda u\u010diteljica \u2013 ta estetski dodatek bo vsak dan opominjal na va\u0161o naklonjenost in spo\u0161tovanje. Ideja za uporabo: Zaradi svoje idealne velikosti (premer 20 [&hellip;]<\/p>\n","protected":false},"featured_media":2723,"comment_status":"open","ping_status":"closed","template":"","meta":[],"product_brand":[],"product_cat":[77,52],"product_tag":[],"class_list":{"0":"post-1728","1":"product","2":"type-product","3":"status-publish","4":"has-post-thumbnail","6":"product_cat-darila-zanjo-in-zanj","7":"product_cat-materinski-dan-zena-valentinovo","8":"wcpa_has_options","10":"first","11":"instock","12":"shipping-taxable","13":"purchasable","14":"product-type-simple"},"yoast_head":"<!-- This site is optimized with the Yoast SEO plugin v25.0 - https:\/\/yoast.com\/wordpress\/plugins\/seo\/ -->\n<title>Lesen krog za posebne osebe - LD studio<\/title>\n<meta name=\"description\" content=\"Unikaten &quot;Lesen krog za posebne osebe&quot; z gravuro in personaliziranim besedilom v lon\u010dku. Idealno darilo za mami, babico ali prijateljico.\" \/>\n<meta name=\"robots\" content=\"index, follow, max-snippet:-1, max-image-preview:large, max-video-preview:-1\" \/>\n<link rel=\"canonical\" href=\"https:\/\/ldstudio.si\/index.php\/product\/lesen-krog-za-posebne-osebe\/\" \/>\n<meta property=\"og:locale\" content=\"sl_SI\" \/>\n<meta property=\"og:type\" content=\"article\" \/>\n<meta property=\"og:title\" content=\"Lesen krog za posebne osebe - LD studio\" \/>\n<meta property=\"og:description\" content=\"Unikaten &quot;Lesen krog za posebne osebe&quot; z gravuro in personaliziranim besedilom v lon\u010dku. Idealno darilo za mami, babico ali prijateljico.\" \/>\n<meta property=\"og:url\" content=\"https:\/\/ldstudio.si\/index.php\/product\/lesen-krog-za-posebne-osebe\/\" \/>\n<meta property=\"og:site_name\" content=\"LD studio\" \/>\n<meta property=\"article:modified_time\" content=\"2026-03-27T20:25:22+00:00\" \/>\n<meta property=\"og:image\" content=\"https:\/\/ldstudio.si\/wp-content\/uploads\/2025\/01\/1774625621285.jpg\" \/>\n\t<meta property=\"og:image:width\" content=\"896\" \/>\n\t<meta property=\"og:image:height\" content=\"1111\" \/>\n\t<meta property=\"og:image:type\" content=\"image\/jpeg\" \/>\n<meta name=\"twitter:card\" content=\"summary_large_image\" \/>\n<meta name=\"twitter:label1\" content=\"Est. reading time\" \/>\n\t<meta name=\"twitter:data1\" content=\"1 minuta\" \/>\n<script type=\"application\/ld+json\" class=\"yoast-schema-graph\">{\"@context\":\"https:\/\/schema.org\",\"@graph\":[{\"@type\":\"WebPage\",\"@id\":\"https:\/\/ldstudio.si\/index.php\/product\/lesen-krog-za-posebne-osebe\/\",\"url\":\"https:\/\/ldstudio.si\/index.php\/product\/lesen-krog-za-posebne-osebe\/\",\"name\":\"Lesen krog za posebne osebe - LD studio\",\"isPartOf\":{\"@id\":\"https:\/\/ldstudio.si\/#website\"},\"primaryImageOfPage\":{\"@id\":\"https:\/\/ldstudio.si\/index.php\/product\/lesen-krog-za-posebne-osebe\/#primaryimage\"},\"image\":{\"@id\":\"https:\/\/ldstudio.si\/index.php\/product\/lesen-krog-za-posebne-osebe\/#primaryimage\"},\"thumbnailUrl\":\"https:\/\/ldstudio.si\/wp-content\/uploads\/2025\/01\/1774625621285.jpg\",\"datePublished\":\"2025-01-15T17:01:44+00:00\",\"dateModified\":\"2026-03-27T20:25:22+00:00\",\"description\":\"Unikaten \\\"Lesen krog za posebne osebe\\\" z gravuro in personaliziranim besedilom v lon\u010dku. Idealno darilo za mami, babico ali prijateljico.\",\"breadcrumb\":{\"@id\":\"https:\/\/ldstudio.si\/index.php\/product\/lesen-krog-za-posebne-osebe\/#breadcrumb\"},\"inLanguage\":\"sl-SI\",\"potentialAction\":[{\"@type\":\"ReadAction\",\"target\":[\"https:\/\/ldstudio.si\/index.php\/product\/lesen-krog-za-posebne-osebe\/\"]}]},{\"@type\":\"ImageObject\",\"inLanguage\":\"sl-SI\",\"@id\":\"https:\/\/ldstudio.si\/index.php\/product\/lesen-krog-za-posebne-osebe\/#primaryimage\",\"url\":\"https:\/\/ldstudio.si\/wp-content\/uploads\/2025\/01\/1774625621285.jpg\",\"contentUrl\":\"https:\/\/ldstudio.si\/wp-content\/uploads\/2025\/01\/1774625621285.jpg\",\"width\":896,\"height\":1111,\"caption\":\"Unikaten lesen krog s posvetilom za va\u0161e najdra\u017eje.\"},{\"@type\":\"BreadcrumbList\",\"@id\":\"https:\/\/ldstudio.si\/index.php\/product\/lesen-krog-za-posebne-osebe\/#breadcrumb\",\"itemListElement\":[{\"@type\":\"ListItem\",\"position\":1,\"name\":\"Home\",\"item\":\"https:\/\/ldstudio.si\/\"},{\"@type\":\"ListItem\",\"position\":2,\"name\":\"Trgovina\",\"item\":\"https:\/\/ldstudio.si\/index.php\/trgovina\/\"},{\"@type\":\"ListItem\",\"position\":3,\"name\":\"Lesen krog za posebne osebe\"}]},{\"@type\":\"WebSite\",\"@id\":\"https:\/\/ldstudio.si\/#website\",\"url\":\"https:\/\/ldstudio.si\/\",\"name\":\"LD studio\",\"description\":\"\",\"publisher\":{\"@id\":\"https:\/\/ldstudio.si\/#organization\"},\"potentialAction\":[{\"@type\":\"SearchAction\",\"target\":{\"@type\":\"EntryPoint\",\"urlTemplate\":\"https:\/\/ldstudio.si\/?s={search_term_string}\"},\"query-input\":{\"@type\":\"PropertyValueSpecification\",\"valueRequired\":true,\"valueName\":\"search_term_string\"}}],\"inLanguage\":\"sl-SI\"},{\"@type\":\"Organization\",\"@id\":\"https:\/\/ldstudio.si\/#organization\",\"name\":\"LD studio\",\"url\":\"https:\/\/ldstudio.si\/\",\"logo\":{\"@type\":\"ImageObject\",\"inLanguage\":\"sl-SI\",\"@id\":\"https:\/\/ldstudio.si\/#\/schema\/logo\/image\/\",\"url\":\"https:\/\/ldstudio.si\/wp-content\/uploads\/2024\/11\/Artboard-1@2x.png\",\"contentUrl\":\"https:\/\/ldstudio.si\/wp-content\/uploads\/2024\/11\/Artboard-1@2x.png\",\"width\":543,\"height\":602,\"caption\":\"LD studio\"},\"image\":{\"@id\":\"https:\/\/ldstudio.si\/#\/schema\/logo\/image\/\"}}]}<\/script>\n<!-- \/ Yoast SEO plugin. -->","yoast_head_json":{"title":"Lesen krog za posebne osebe - LD studio","description":"Unikaten \"Lesen krog za posebne osebe\" z gravuro in personaliziranim besedilom v lon\u010dku. Idealno darilo za mami, babico ali prijateljico.","robots":{"index":"index","follow":"follow","max-snippet":"max-snippet:-1","max-image-preview":"max-image-preview:large","max-video-preview":"max-video-preview:-1"},"canonical":"https:\/\/ldstudio.si\/index.php\/product\/lesen-krog-za-posebne-osebe\/","og_locale":"sl_SI","og_type":"article","og_title":"Lesen krog za posebne osebe - LD studio","og_description":"Unikaten \"Lesen krog za posebne osebe\" z gravuro in personaliziranim besedilom v lon\u010dku. Idealno darilo za mami, babico ali prijateljico.","og_url":"https:\/\/ldstudio.si\/index.php\/product\/lesen-krog-za-posebne-osebe\/","og_site_name":"LD studio","article_modified_time":"2026-03-27T20:25:22+00:00","og_image":[{"width":896,"height":1111,"url":"https:\/\/ldstudio.si\/wp-content\/uploads\/2025\/01\/1774625621285.jpg","type":"image\/jpeg"}],"twitter_card":"summary_large_image","twitter_misc":{"Est. reading time":"1 minuta"},"schema":{"@context":"https:\/\/schema.org","@graph":[{"@type":"WebPage","@id":"https:\/\/ldstudio.si\/index.php\/product\/lesen-krog-za-posebne-osebe\/","url":"https:\/\/ldstudio.si\/index.php\/product\/lesen-krog-za-posebne-osebe\/","name":"Lesen krog za posebne osebe - LD studio","isPartOf":{"@id":"https:\/\/ldstudio.si\/#website"},"primaryImageOfPage":{"@id":"https:\/\/ldstudio.si\/index.php\/product\/lesen-krog-za-posebne-osebe\/#primaryimage"},"image":{"@id":"https:\/\/ldstudio.si\/index.php\/product\/lesen-krog-za-posebne-osebe\/#primaryimage"},"thumbnailUrl":"https:\/\/ldstudio.si\/wp-content\/uploads\/2025\/01\/1774625621285.jpg","datePublished":"2025-01-15T17:01:44+00:00","dateModified":"2026-03-27T20:25:22+00:00","description":"Unikaten \"Lesen krog za posebne osebe\" z gravuro in personaliziranim besedilom v lon\u010dku. Idealno darilo za mami, babico ali prijateljico.","breadcrumb":{"@id":"https:\/\/ldstudio.si\/index.php\/product\/lesen-krog-za-posebne-osebe\/#breadcrumb"},"inLanguage":"sl-SI","potentialAction":[{"@type":"ReadAction","target":["https:\/\/ldstudio.si\/index.php\/product\/lesen-krog-za-posebne-osebe\/"]}]},{"@type":"ImageObject","inLanguage":"sl-SI","@id":"https:\/\/ldstudio.si\/index.php\/product\/lesen-krog-za-posebne-osebe\/#primaryimage","url":"https:\/\/ldstudio.si\/wp-content\/uploads\/2025\/01\/1774625621285.jpg","contentUrl":"https:\/\/ldstudio.si\/wp-content\/uploads\/2025\/01\/1774625621285.jpg","width":896,"height":1111,"caption":"Unikaten lesen krog s posvetilom za va\u0161e najdra\u017eje."},{"@type":"BreadcrumbList","@id":"https:\/\/ldstudio.si\/index.php\/product\/lesen-krog-za-posebne-osebe\/#breadcrumb","itemListElement":[{"@type":"ListItem","position":1,"name":"Home","item":"https:\/\/ldstudio.si\/"},{"@type":"ListItem","position":2,"name":"Trgovina","item":"https:\/\/ldstudio.si\/index.php\/trgovina\/"},{"@type":"ListItem","position":3,"name":"Lesen krog za posebne osebe"}]},{"@type":"WebSite","@id":"https:\/\/ldstudio.si\/#website","url":"https:\/\/ldstudio.si\/","name":"LD studio","description":"","publisher":{"@id":"https:\/\/ldstudio.si\/#organization"},"potentialAction":[{"@type":"SearchAction","target":{"@type":"EntryPoint","urlTemplate":"https:\/\/ldstudio.si\/?s={search_term_string}"},"query-input":{"@type":"PropertyValueSpecification","valueRequired":true,"valueName":"search_term_string"}}],"inLanguage":"sl-SI"},{"@type":"Organization","@id":"https:\/\/ldstudio.si\/#organization","name":"LD studio","url":"https:\/\/ldstudio.si\/","logo":{"@type":"ImageObject","inLanguage":"sl-SI","@id":"https:\/\/ldstudio.si\/#\/schema\/logo\/image\/","url":"https:\/\/ldstudio.si\/wp-content\/uploads\/2024\/11\/Artboard-1@2x.png","contentUrl":"https:\/\/ldstudio.si\/wp-content\/uploads\/2024\/11\/Artboard-1@2x.png","width":543,"height":602,"caption":"LD studio"},"image":{"@id":"https:\/\/ldstudio.si\/#\/schema\/logo\/image\/"}}]}},"wcpa_form_fields":{"wcpaData":{"product":{"product_price":17.89999999999999857891452847979962825775146484375,"price_html":"<span class=\"woocommerce-Price-amount amount\"><bdi>17,90&nbsp;<span class=\"woocommerce-Price-currencySymbol\">&euro;<\/span><\/bdi><\/span>","original_product_price":17.89999999999999857891452847979962825775146484375,"price_including_tax":17.89999999999999857891452847979962825775146484375,"price_excluding_tax":17.89999999999999857891452847979962825775146484375,"product_id":{"parent":1728,"variation":false},"is_variable":false,"stock_status":"instock","stock_quantity":null,"parent_sku":"","product_attributes":[],"custom_fields":[],"is_taxable":false,"product_name":"Lesen krog za posebne osebe","hasImage":false},"fields":{"sec_467460256de623":{"extra":{"key":"sec_467460256de623","section_id":"sec_467460256de623","name":"Default","status":1,"toggle":true,"form_id":1531,"form_rules":{"exclude_from_discount":false,"fee_label":"Pristojbina","disp_hide_options_price":false,"disp_show_section_price":false,"disp_show_field_price":true,"layout_option":"standard","pric_use_as_fee":false,"process_fee_as":"woo_fee"},"layout_option":"standard"},"fields":[[{"active":true,"col":6,"relations":false,"cl_rule":"show","enableCl":false,"price":"","enablePrice":false,"className":"","type":"text","subtype":"text","required":true,"elementId":"text_6413778681","label":"VPI\u0160I BESEDILO","name":"text_6413778681","value":"","error":false,"gt_translate_keys":["label","value"],"price_dependency":false,"cl_dependency":false}]]}},"config":{"price_override":"","enable_recaptcha":false,"bind_quantity":false,"quantity_bind_formula":false,"disp_summ_show_option_price":true,"disp_summ_show_product_price":true,"disp_summ_show_total_price":true,"disp_summ_show_fee":false,"disp_summ_show_discount":false,"summary_title":"","options_total_label":"Cena mo\u017enosti","total_label":"Skupaj","options_product_label":"Cena izdelka","fee_label":"Pristojbina","discount_label":"Popust","has_price":true,"has_quantity_formula":false},"mc_unit":1,"tax_rate":1,"tax_rate_real":1,"discount":{"percentage":0,"fixed":0},"design":{"conf":{"LabelPosition":"above","DescPosition":"above","UploadField":"custom_1","QuantityFieldStyle":"default"},"css":{"LeftLabelWidth":"120px"}},"formulas":[],"clones":false,"cartKey":false}},"_links":{"self":[{"href":"https:\/\/ldstudio.si\/index.php\/wp-json\/wp\/v2\/product\/1728","targetHints":{"allow":["GET"]}}],"collection":[{"href":"https:\/\/ldstudio.si\/index.php\/wp-json\/wp\/v2\/product"}],"about":[{"href":"https:\/\/ldstudio.si\/index.php\/wp-json\/wp\/v2\/types\/product"}],"replies":[{"embeddable":true,"href":"https:\/\/ldstudio.si\/index.php\/wp-json\/wp\/v2\/comments?post=1728"}],"wp:featuredmedia":[{"embeddable":true,"href":"https:\/\/ldstudio.si\/index.php\/wp-json\/wp\/v2\/media\/2723"}],"wp:attachment":[{"href":"https:\/\/ldstudio.si\/index.php\/wp-json\/wp\/v2\/media?parent=1728"}],"wp:term":[{"taxonomy":"product_brand","embeddable":true,"href":"https:\/\/ldstudio.si\/index.php\/wp-json\/wp\/v2\/product_brand?post=1728"},{"taxonomy":"product_cat","embeddable":true,"href":"https:\/\/ldstudio.si\/index.php\/wp-json\/wp\/v2\/product_cat?post=1728"},{"taxonomy":"product_tag","embeddable":true,"href":"https:\/\/ldstudio.si\/index.php\/wp-json\/wp\/v2\/product_tag?post=1728"}],"curies":[{"name":"wp","href":"https:\/\/api.w.org\/{rel}","templated":true}]}}