{"id":1686,"date":"2025-01-14T08:07:50","date_gmt":"2025-01-14T08:07:50","guid":{"rendered":"https:\/\/ldstudio.si\/?post_type=product&#038;p=1686"},"modified":"2026-03-26T13:55:32","modified_gmt":"2026-03-26T13:55:32","slug":"lesena-personalizirana-pisanka-jajcek","status":"publish","type":"product","link":"https:\/\/ldstudio.si\/index.php\/product\/lesena-personalizirana-pisanka-jajcek\/","title":{"rendered":"Lesena personalizirana pisanka &#8211; jaj\u010dek"},"content":{"rendered":"<p data-path-to-node=\"11\"><b data-path-to-node=\"11\" data-index-in-node=\"0\">Ustvarite nepozabne velikono\u010dne spomine z osebno noto.<\/b><\/p>\n<p data-path-to-node=\"12\">Lesena personalizirana pisanka v obliki jaj\u010dka je ve\u010d kot le dekoracija; je unikaten izdelek, ki zdru\u017euje tradicionalne velikono\u010dne motive z moderno natan\u010dnostjo. Jaj\u010dek krasi ne\u017een \u010dipkast vzorec, v sredini pa se skriva silhueta zaj\u010dka, ki simbolizira pomladno prebujanje.<\/p>\n<p data-path-to-node=\"13\">Zaradi mo\u017enosti personalizacije z imenom je ta pisanka idealna za krasitev prazni\u010dne mize, kjer lahko slu\u017ei kot unikaten kazalnik sede\u017enega reda, ali pa kot \u010dudovito osebno darilo za va\u0161e najdra\u017eje.<\/p>\n<p data-path-to-node=\"14\">Personalizacija: V polje za personalizacijo preprosto vpi\u0161ite ime, ki ga \u017eelite imeti vgraviranega na pisanki. Poskrbeli bomo, da bo vsak izdelek izdelan s skrbnostjo in pozornostjo do detajlov.<\/p>\n<p><b data-path-to-node=\"7\" data-index-in-node=\"0\">Podrobnosti izdelka:<br \/>\n<\/b>&#8211; Personalizacija: vgravirano ime po va\u0161i \u017eelji.<br \/>\n&#8211; Material: topolova vezana plo\u0161\u010da.<br \/>\n&#8211; Debelina: 4 mm.<br \/>\n&#8211; Velikost: pribli\u017eno 9 cm.<\/p>\n<hr data-path-to-node=\"12\" \/>\n<blockquote data-path-to-node=\"13\">\n<p data-path-to-node=\"13,0\"><strong>Navodilo za naro\u010dilo:<\/strong> V okence \u201cIme\u201d vpi\u0161ite \u017eeleno besedilo.<\/p>\n<hr \/>\n<p data-path-to-node=\"13,0\">Preverite \u0161e ostalo ponudbo unikatnih lesenih dekoracij v kategoriji\u00a0<span style=\"color: #000000;\"><em><a style=\"color: #000000;\" href=\"https:\/\/ldstudio.si\/index.php\/product-category\/prazniki\/velika-noc\/\">Velika no\u010d.<\/a><\/em><\/span><\/p>\n<\/blockquote>\n","protected":false},"excerpt":{"rendered":"<p>Ustvarite nepozabne velikono\u010dne spomine z osebno noto. Lesena personalizirana pisanka v obliki jaj\u010dka je ve\u010d kot le dekoracija; je unikaten izdelek, ki zdru\u017euje tradicionalne velikono\u010dne motive z moderno natan\u010dnostjo. Jaj\u010dek krasi ne\u017een \u010dipkast vzorec, v sredini pa se skriva silhueta zaj\u010dka, ki simbolizira pomladno prebujanje. Zaradi mo\u017enosti personalizacije z imenom je ta pisanka idealna za [&hellip;]<\/p>\n","protected":false},"featured_media":2693,"comment_status":"open","ping_status":"closed","template":"","meta":[],"product_brand":[],"product_cat":[49,51],"product_tag":[],"class_list":{"0":"post-1686","1":"product","2":"type-product","3":"status-publish","4":"has-post-thumbnail","6":"product_cat-prazniki","7":"product_cat-velika-noc","8":"wcpa_has_options","10":"first","11":"instock","12":"shipping-taxable","13":"purchasable","14":"product-type-simple"},"yoast_head":"<!-- This site is optimized with the Yoast SEO plugin v25.0 - https:\/\/yoast.com\/wordpress\/plugins\/seo\/ -->\n<title>Lesena personalizirana pisanka - jaj\u010dek - LD studio<\/title>\n<meta name=\"description\" content=\"Unikatna lesena pisanka - jaj\u010dek z imenom po va\u0161i izbiri. Izdelana iz vezane plo\u0161\u010de z izrezanim vzorcem. Popolna velikono\u010dna dekoracija ali darilo.\" \/>\n<meta name=\"robots\" content=\"index, follow, max-snippet:-1, max-image-preview:large, max-video-preview:-1\" \/>\n<link rel=\"canonical\" href=\"https:\/\/ldstudio.si\/index.php\/product\/lesena-personalizirana-pisanka-jajcek\/\" \/>\n<meta property=\"og:locale\" content=\"sl_SI\" \/>\n<meta property=\"og:type\" content=\"article\" \/>\n<meta property=\"og:title\" content=\"Lesena personalizirana pisanka - jaj\u010dek - LD studio\" \/>\n<meta property=\"og:description\" content=\"Unikatna lesena pisanka - jaj\u010dek z imenom po va\u0161i izbiri. Izdelana iz vezane plo\u0161\u010de z izrezanim vzorcem. Popolna velikono\u010dna dekoracija ali darilo.\" \/>\n<meta property=\"og:url\" content=\"https:\/\/ldstudio.si\/index.php\/product\/lesena-personalizirana-pisanka-jajcek\/\" \/>\n<meta property=\"og:site_name\" content=\"LD studio\" \/>\n<meta property=\"article:modified_time\" content=\"2026-03-26T13:55:32+00:00\" \/>\n<meta property=\"og:image\" content=\"https:\/\/ldstudio.si\/wp-content\/uploads\/2025\/01\/1774510929096.jpg\" \/>\n\t<meta property=\"og:image:width\" content=\"928\" \/>\n\t<meta property=\"og:image:height\" content=\"1063\" \/>\n\t<meta property=\"og:image:type\" content=\"image\/jpeg\" \/>\n<meta name=\"twitter:card\" content=\"summary_large_image\" \/>\n<meta name=\"twitter:label1\" content=\"Est. reading time\" \/>\n\t<meta name=\"twitter:data1\" content=\"1 minuta\" \/>\n<script type=\"application\/ld+json\" class=\"yoast-schema-graph\">{\"@context\":\"https:\/\/schema.org\",\"@graph\":[{\"@type\":\"WebPage\",\"@id\":\"https:\/\/ldstudio.si\/index.php\/product\/lesena-personalizirana-pisanka-jajcek\/\",\"url\":\"https:\/\/ldstudio.si\/index.php\/product\/lesena-personalizirana-pisanka-jajcek\/\",\"name\":\"Lesena personalizirana pisanka - jaj\u010dek - LD studio\",\"isPartOf\":{\"@id\":\"https:\/\/ldstudio.si\/#website\"},\"primaryImageOfPage\":{\"@id\":\"https:\/\/ldstudio.si\/index.php\/product\/lesena-personalizirana-pisanka-jajcek\/#primaryimage\"},\"image\":{\"@id\":\"https:\/\/ldstudio.si\/index.php\/product\/lesena-personalizirana-pisanka-jajcek\/#primaryimage\"},\"thumbnailUrl\":\"https:\/\/ldstudio.si\/wp-content\/uploads\/2025\/01\/1774510929096.jpg\",\"datePublished\":\"2025-01-14T08:07:50+00:00\",\"dateModified\":\"2026-03-26T13:55:32+00:00\",\"description\":\"Unikatna lesena pisanka - jaj\u010dek z imenom po va\u0161i izbiri. Izdelana iz vezane plo\u0161\u010de z izrezanim vzorcem. Popolna velikono\u010dna dekoracija ali darilo.\",\"breadcrumb\":{\"@id\":\"https:\/\/ldstudio.si\/index.php\/product\/lesena-personalizirana-pisanka-jajcek\/#breadcrumb\"},\"inLanguage\":\"sl-SI\",\"potentialAction\":[{\"@type\":\"ReadAction\",\"target\":[\"https:\/\/ldstudio.si\/index.php\/product\/lesena-personalizirana-pisanka-jajcek\/\"]}]},{\"@type\":\"ImageObject\",\"inLanguage\":\"sl-SI\",\"@id\":\"https:\/\/ldstudio.si\/index.php\/product\/lesena-personalizirana-pisanka-jajcek\/#primaryimage\",\"url\":\"https:\/\/ldstudio.si\/wp-content\/uploads\/2025\/01\/1774510929096.jpg\",\"contentUrl\":\"https:\/\/ldstudio.si\/wp-content\/uploads\/2025\/01\/1774510929096.jpg\",\"width\":928,\"height\":1063,\"caption\":\"Ro\u010dno izdelana lesena pisanka z imenom po va\u0161i \u017eelji.\"},{\"@type\":\"BreadcrumbList\",\"@id\":\"https:\/\/ldstudio.si\/index.php\/product\/lesena-personalizirana-pisanka-jajcek\/#breadcrumb\",\"itemListElement\":[{\"@type\":\"ListItem\",\"position\":1,\"name\":\"Home\",\"item\":\"https:\/\/ldstudio.si\/\"},{\"@type\":\"ListItem\",\"position\":2,\"name\":\"Trgovina\",\"item\":\"https:\/\/ldstudio.si\/index.php\/trgovina\/\"},{\"@type\":\"ListItem\",\"position\":3,\"name\":\"Lesena personalizirana pisanka &#8211; jaj\u010dek\"}]},{\"@type\":\"WebSite\",\"@id\":\"https:\/\/ldstudio.si\/#website\",\"url\":\"https:\/\/ldstudio.si\/\",\"name\":\"LD studio\",\"description\":\"\",\"publisher\":{\"@id\":\"https:\/\/ldstudio.si\/#organization\"},\"potentialAction\":[{\"@type\":\"SearchAction\",\"target\":{\"@type\":\"EntryPoint\",\"urlTemplate\":\"https:\/\/ldstudio.si\/?s={search_term_string}\"},\"query-input\":{\"@type\":\"PropertyValueSpecification\",\"valueRequired\":true,\"valueName\":\"search_term_string\"}}],\"inLanguage\":\"sl-SI\"},{\"@type\":\"Organization\",\"@id\":\"https:\/\/ldstudio.si\/#organization\",\"name\":\"LD studio\",\"url\":\"https:\/\/ldstudio.si\/\",\"logo\":{\"@type\":\"ImageObject\",\"inLanguage\":\"sl-SI\",\"@id\":\"https:\/\/ldstudio.si\/#\/schema\/logo\/image\/\",\"url\":\"https:\/\/ldstudio.si\/wp-content\/uploads\/2024\/11\/Artboard-1@2x.png\",\"contentUrl\":\"https:\/\/ldstudio.si\/wp-content\/uploads\/2024\/11\/Artboard-1@2x.png\",\"width\":543,\"height\":602,\"caption\":\"LD studio\"},\"image\":{\"@id\":\"https:\/\/ldstudio.si\/#\/schema\/logo\/image\/\"}}]}<\/script>\n<!-- \/ Yoast SEO plugin. -->","yoast_head_json":{"title":"Lesena personalizirana pisanka - jaj\u010dek - LD studio","description":"Unikatna lesena pisanka - jaj\u010dek z imenom po va\u0161i izbiri. Izdelana iz vezane plo\u0161\u010de z izrezanim vzorcem. Popolna velikono\u010dna dekoracija ali darilo.","robots":{"index":"index","follow":"follow","max-snippet":"max-snippet:-1","max-image-preview":"max-image-preview:large","max-video-preview":"max-video-preview:-1"},"canonical":"https:\/\/ldstudio.si\/index.php\/product\/lesena-personalizirana-pisanka-jajcek\/","og_locale":"sl_SI","og_type":"article","og_title":"Lesena personalizirana pisanka - jaj\u010dek - LD studio","og_description":"Unikatna lesena pisanka - jaj\u010dek z imenom po va\u0161i izbiri. Izdelana iz vezane plo\u0161\u010de z izrezanim vzorcem. Popolna velikono\u010dna dekoracija ali darilo.","og_url":"https:\/\/ldstudio.si\/index.php\/product\/lesena-personalizirana-pisanka-jajcek\/","og_site_name":"LD studio","article_modified_time":"2026-03-26T13:55:32+00:00","og_image":[{"width":928,"height":1063,"url":"https:\/\/ldstudio.si\/wp-content\/uploads\/2025\/01\/1774510929096.jpg","type":"image\/jpeg"}],"twitter_card":"summary_large_image","twitter_misc":{"Est. reading time":"1 minuta"},"schema":{"@context":"https:\/\/schema.org","@graph":[{"@type":"WebPage","@id":"https:\/\/ldstudio.si\/index.php\/product\/lesena-personalizirana-pisanka-jajcek\/","url":"https:\/\/ldstudio.si\/index.php\/product\/lesena-personalizirana-pisanka-jajcek\/","name":"Lesena personalizirana pisanka - jaj\u010dek - LD studio","isPartOf":{"@id":"https:\/\/ldstudio.si\/#website"},"primaryImageOfPage":{"@id":"https:\/\/ldstudio.si\/index.php\/product\/lesena-personalizirana-pisanka-jajcek\/#primaryimage"},"image":{"@id":"https:\/\/ldstudio.si\/index.php\/product\/lesena-personalizirana-pisanka-jajcek\/#primaryimage"},"thumbnailUrl":"https:\/\/ldstudio.si\/wp-content\/uploads\/2025\/01\/1774510929096.jpg","datePublished":"2025-01-14T08:07:50+00:00","dateModified":"2026-03-26T13:55:32+00:00","description":"Unikatna lesena pisanka - jaj\u010dek z imenom po va\u0161i izbiri. Izdelana iz vezane plo\u0161\u010de z izrezanim vzorcem. Popolna velikono\u010dna dekoracija ali darilo.","breadcrumb":{"@id":"https:\/\/ldstudio.si\/index.php\/product\/lesena-personalizirana-pisanka-jajcek\/#breadcrumb"},"inLanguage":"sl-SI","potentialAction":[{"@type":"ReadAction","target":["https:\/\/ldstudio.si\/index.php\/product\/lesena-personalizirana-pisanka-jajcek\/"]}]},{"@type":"ImageObject","inLanguage":"sl-SI","@id":"https:\/\/ldstudio.si\/index.php\/product\/lesena-personalizirana-pisanka-jajcek\/#primaryimage","url":"https:\/\/ldstudio.si\/wp-content\/uploads\/2025\/01\/1774510929096.jpg","contentUrl":"https:\/\/ldstudio.si\/wp-content\/uploads\/2025\/01\/1774510929096.jpg","width":928,"height":1063,"caption":"Ro\u010dno izdelana lesena pisanka z imenom po va\u0161i \u017eelji."},{"@type":"BreadcrumbList","@id":"https:\/\/ldstudio.si\/index.php\/product\/lesena-personalizirana-pisanka-jajcek\/#breadcrumb","itemListElement":[{"@type":"ListItem","position":1,"name":"Home","item":"https:\/\/ldstudio.si\/"},{"@type":"ListItem","position":2,"name":"Trgovina","item":"https:\/\/ldstudio.si\/index.php\/trgovina\/"},{"@type":"ListItem","position":3,"name":"Lesena personalizirana pisanka &#8211; jaj\u010dek"}]},{"@type":"WebSite","@id":"https:\/\/ldstudio.si\/#website","url":"https:\/\/ldstudio.si\/","name":"LD studio","description":"","publisher":{"@id":"https:\/\/ldstudio.si\/#organization"},"potentialAction":[{"@type":"SearchAction","target":{"@type":"EntryPoint","urlTemplate":"https:\/\/ldstudio.si\/?s={search_term_string}"},"query-input":{"@type":"PropertyValueSpecification","valueRequired":true,"valueName":"search_term_string"}}],"inLanguage":"sl-SI"},{"@type":"Organization","@id":"https:\/\/ldstudio.si\/#organization","name":"LD studio","url":"https:\/\/ldstudio.si\/","logo":{"@type":"ImageObject","inLanguage":"sl-SI","@id":"https:\/\/ldstudio.si\/#\/schema\/logo\/image\/","url":"https:\/\/ldstudio.si\/wp-content\/uploads\/2024\/11\/Artboard-1@2x.png","contentUrl":"https:\/\/ldstudio.si\/wp-content\/uploads\/2024\/11\/Artboard-1@2x.png","width":543,"height":602,"caption":"LD studio"},"image":{"@id":"https:\/\/ldstudio.si\/#\/schema\/logo\/image\/"}}]}},"wcpa_form_fields":{"wcpaData":{"product":{"product_price":2.899999999999999911182158029987476766109466552734375,"price_html":"<span class=\"woocommerce-Price-amount amount\"><bdi>2,90&nbsp;<span class=\"woocommerce-Price-currencySymbol\">&euro;<\/span><\/bdi><\/span>","original_product_price":2.899999999999999911182158029987476766109466552734375,"price_including_tax":2.899999999999999911182158029987476766109466552734375,"price_excluding_tax":2.899999999999999911182158029987476766109466552734375,"product_id":{"parent":1686,"variation":false},"is_variable":false,"stock_status":"instock","stock_quantity":null,"parent_sku":"","product_attributes":[],"custom_fields":[],"is_taxable":false,"product_name":"Lesena personalizirana pisanka - jaj\u010dek","hasImage":false},"fields":{"sec_2673ae713d6c05":{"extra":{"key":"sec_2673ae713d6c05","section_id":"sec_2673ae713d6c05","name":"Default","status":1,"toggle":true,"form_id":1468,"form_rules":{"exclude_from_discount":false,"fee_label":"Pristojbina","disp_hide_options_price":false,"disp_show_section_price":false,"disp_show_field_price":true,"layout_option":"standard","pric_use_as_fee":false,"process_fee_as":"woo_fee"},"layout_option":"standard"},"fields":[[{"active":true,"col":6,"relations":false,"cl_rule":"show","enableCl":false,"price":"","enablePrice":false,"className":"","type":"text","subtype":"text","required":true,"elementId":"text_9135050721","label":"IME","name":"text_9135050721","value":"","error":false,"gt_translate_keys":["label","value"],"price_dependency":false,"cl_dependency":false}]]}},"config":{"price_override":"","enable_recaptcha":false,"bind_quantity":false,"quantity_bind_formula":false,"disp_summ_show_option_price":true,"disp_summ_show_product_price":true,"disp_summ_show_total_price":true,"disp_summ_show_fee":false,"disp_summ_show_discount":false,"summary_title":"","options_total_label":"Cena mo\u017enosti","total_label":"Skupaj","options_product_label":"Cena izdelka","fee_label":"Pristojbina","discount_label":"Popust","has_price":true,"has_quantity_formula":false},"mc_unit":1,"tax_rate":1,"tax_rate_real":1,"discount":{"percentage":0,"fixed":0},"design":{"conf":{"LabelPosition":"above","DescPosition":"above","UploadField":"custom_1","QuantityFieldStyle":"default"},"css":{"LeftLabelWidth":"120px"}},"formulas":[],"clones":false,"cartKey":false}},"_links":{"self":[{"href":"https:\/\/ldstudio.si\/index.php\/wp-json\/wp\/v2\/product\/1686","targetHints":{"allow":["GET"]}}],"collection":[{"href":"https:\/\/ldstudio.si\/index.php\/wp-json\/wp\/v2\/product"}],"about":[{"href":"https:\/\/ldstudio.si\/index.php\/wp-json\/wp\/v2\/types\/product"}],"replies":[{"embeddable":true,"href":"https:\/\/ldstudio.si\/index.php\/wp-json\/wp\/v2\/comments?post=1686"}],"wp:featuredmedia":[{"embeddable":true,"href":"https:\/\/ldstudio.si\/index.php\/wp-json\/wp\/v2\/media\/2693"}],"wp:attachment":[{"href":"https:\/\/ldstudio.si\/index.php\/wp-json\/wp\/v2\/media?parent=1686"}],"wp:term":[{"taxonomy":"product_brand","embeddable":true,"href":"https:\/\/ldstudio.si\/index.php\/wp-json\/wp\/v2\/product_brand?post=1686"},{"taxonomy":"product_cat","embeddable":true,"href":"https:\/\/ldstudio.si\/index.php\/wp-json\/wp\/v2\/product_cat?post=1686"},{"taxonomy":"product_tag","embeddable":true,"href":"https:\/\/ldstudio.si\/index.php\/wp-json\/wp\/v2\/product_tag?post=1686"}],"curies":[{"name":"wp","href":"https:\/\/api.w.org\/{rel}","templated":true}]}}