{"id":1379,"date":"2024-11-07T07:50:15","date_gmt":"2024-11-07T07:50:15","guid":{"rendered":"https:\/\/ldstudio.si\/?post_type=product&#038;p=1379"},"modified":"2026-01-17T14:49:35","modified_gmt":"2026-01-17T14:49:35","slug":"personalizirana-otroska-deka-iz-100-bombaza","status":"publish","type":"product","link":"https:\/\/ldstudio.si\/index.php\/product\/personalizirana-otroska-deka-iz-100-bombaza\/","title":{"rendered":"Personalizirana otro\u0161ka deka iz 100% bomba\u017ea"},"content":{"rendered":"<p>Pripravite se na vrhunsko udobje za va\u0161ega mal\u010dka s \u010dudovito personalizirano otro\u0161ko deko iz 100% bomba\u017ea. Ta deka, velikosti 70 x 90 cm, je idealna za uporabo v posteljici, vozi\u010dku ali kot mehka podloga za igranje. Izdelana iz najfinej\u0161ega naravnega bomba\u017ea, zagotavlja izjemno mehkobo, zra\u010dnost in udobje, hkrati pa ne dra\u017ei ob\u010dutljive otro\u0161ke ko\u017ee.<\/p>\n<p>Deka je v prefinjeni umazano beli (krem\/smetanasti) barvi, ki se \u010dudovito poda k vsaki otro\u0161ki sobici in pohi\u0161tvu. Posebnost te deke je mo\u017enost personalizacije z vezenjem otro\u0161kega imena, kar jo naredi edinstveno in popolno darilo za novorojen\u010dke, krste ali druge posebne prilo\u017enosti.<\/p>\n<p>Zagotovite svojemu otroku ali obdarovancu toplo in personalizirano zavetje, ki bo spomin za celo \u017eivljenje.<\/p>\n<p><u>Lastnosti:<br \/>\n<\/u>Material: 100% bomba\u017e<br \/>\nVelikost: 70 x 90 cm<br \/>\nBarva: krem (smetana)<br \/>\nPersonalizirano vezenje imena.<br \/>\nSamo ro\u010dno pranje.<\/p>\n","protected":false},"excerpt":{"rendered":"<p>Pripravite se na vrhunsko udobje za va\u0161ega mal\u010dka s \u010dudovito personalizirano otro\u0161ko deko iz 100% bomba\u017ea. Ta deka, velikosti 70 x 90 cm, je idealna za uporabo v posteljici, vozi\u010dku ali kot mehka podloga za igranje. Izdelana iz najfinej\u0161ega naravnega bomba\u017ea, zagotavlja izjemno mehkobo, zra\u010dnost in udobje, hkrati pa ne dra\u017ei ob\u010dutljive otro\u0161ke ko\u017ee. Deka [&hellip;]<\/p>\n","protected":false},"featured_media":2520,"comment_status":"open","ping_status":"closed","template":"","meta":[],"product_brand":[],"product_cat":[54,67],"product_tag":[],"class_list":{"0":"post-1379","1":"product","2":"type-product","3":"status-publish","4":"has-post-thumbnail","6":"product_cat-otroski-koticek","7":"product_cat-personalizirani-izdelki-otroski-koticek","8":"wcpa_has_options","10":"first","11":"instock","12":"shipping-taxable","13":"purchasable","14":"product-type-simple"},"yoast_head":"<!-- This site is optimized with the Yoast SEO plugin v25.0 - https:\/\/yoast.com\/wordpress\/plugins\/seo\/ -->\n<title>Personalizirana otro\u0161ka deka iz 100% bomba\u017ea - LD studio<\/title>\n<meta name=\"description\" content=\"Personalizirana otro\u0161ka deka iz 100% bomba\u017ea - posebnost te deke je mo\u017enost personalizacije z vezenjem otro\u0161kega imena, kar jo naredi edinstveno in popolno darilo za novorojen\u010dke, krste ali druge posebne prilo\u017enosti.\" \/>\n<meta name=\"robots\" content=\"index, follow, max-snippet:-1, max-image-preview:large, max-video-preview:-1\" \/>\n<link rel=\"canonical\" href=\"https:\/\/ldstudio.si\/index.php\/product\/personalizirana-otroska-deka-iz-100-bombaza\/\" \/>\n<meta property=\"og:locale\" content=\"sl_SI\" \/>\n<meta property=\"og:type\" content=\"article\" \/>\n<meta property=\"og:title\" content=\"Personalizirana otro\u0161ka deka iz 100% bomba\u017ea - LD studio\" \/>\n<meta property=\"og:description\" content=\"Personalizirana otro\u0161ka deka iz 100% bomba\u017ea - posebnost te deke je mo\u017enost personalizacije z vezenjem otro\u0161kega imena, kar jo naredi edinstveno in popolno darilo za novorojen\u010dke, krste ali druge posebne prilo\u017enosti.\" \/>\n<meta property=\"og:url\" content=\"https:\/\/ldstudio.si\/index.php\/product\/personalizirana-otroska-deka-iz-100-bombaza\/\" \/>\n<meta property=\"og:site_name\" content=\"LD studio\" \/>\n<meta property=\"article:modified_time\" content=\"2026-01-17T14:49:35+00:00\" \/>\n<meta property=\"og:image\" content=\"https:\/\/ldstudio.si\/wp-content\/uploads\/2024\/11\/20260105_175028.jpg\" \/>\n\t<meta property=\"og:image:width\" content=\"1440\" \/>\n\t<meta property=\"og:image:height\" content=\"1920\" \/>\n\t<meta property=\"og:image:type\" content=\"image\/jpeg\" \/>\n<meta name=\"twitter:card\" content=\"summary_large_image\" \/>\n<meta name=\"twitter:label1\" content=\"Est. reading time\" \/>\n\t<meta name=\"twitter:data1\" content=\"1 minuta\" \/>\n<script type=\"application\/ld+json\" class=\"yoast-schema-graph\">{\"@context\":\"https:\/\/schema.org\",\"@graph\":[{\"@type\":\"WebPage\",\"@id\":\"https:\/\/ldstudio.si\/index.php\/product\/personalizirana-otroska-deka-iz-100-bombaza\/\",\"url\":\"https:\/\/ldstudio.si\/index.php\/product\/personalizirana-otroska-deka-iz-100-bombaza\/\",\"name\":\"Personalizirana otro\u0161ka deka iz 100% bomba\u017ea - LD studio\",\"isPartOf\":{\"@id\":\"https:\/\/ldstudio.si\/#website\"},\"primaryImageOfPage\":{\"@id\":\"https:\/\/ldstudio.si\/index.php\/product\/personalizirana-otroska-deka-iz-100-bombaza\/#primaryimage\"},\"image\":{\"@id\":\"https:\/\/ldstudio.si\/index.php\/product\/personalizirana-otroska-deka-iz-100-bombaza\/#primaryimage\"},\"thumbnailUrl\":\"https:\/\/ldstudio.si\/wp-content\/uploads\/2024\/11\/20260105_175028.jpg\",\"datePublished\":\"2024-11-07T07:50:15+00:00\",\"dateModified\":\"2026-01-17T14:49:35+00:00\",\"description\":\"Personalizirana otro\u0161ka deka iz 100% bomba\u017ea - posebnost te deke je mo\u017enost personalizacije z vezenjem otro\u0161kega imena, kar jo naredi edinstveno in popolno darilo za novorojen\u010dke, krste ali druge posebne prilo\u017enosti.\",\"breadcrumb\":{\"@id\":\"https:\/\/ldstudio.si\/index.php\/product\/personalizirana-otroska-deka-iz-100-bombaza\/#breadcrumb\"},\"inLanguage\":\"sl-SI\",\"potentialAction\":[{\"@type\":\"ReadAction\",\"target\":[\"https:\/\/ldstudio.si\/index.php\/product\/personalizirana-otroska-deka-iz-100-bombaza\/\"]}]},{\"@type\":\"ImageObject\",\"inLanguage\":\"sl-SI\",\"@id\":\"https:\/\/ldstudio.si\/index.php\/product\/personalizirana-otroska-deka-iz-100-bombaza\/#primaryimage\",\"url\":\"https:\/\/ldstudio.si\/wp-content\/uploads\/2024\/11\/20260105_175028.jpg\",\"contentUrl\":\"https:\/\/ldstudio.si\/wp-content\/uploads\/2024\/11\/20260105_175028.jpg\",\"width\":1440,\"height\":1920},{\"@type\":\"BreadcrumbList\",\"@id\":\"https:\/\/ldstudio.si\/index.php\/product\/personalizirana-otroska-deka-iz-100-bombaza\/#breadcrumb\",\"itemListElement\":[{\"@type\":\"ListItem\",\"position\":1,\"name\":\"Home\",\"item\":\"https:\/\/ldstudio.si\/\"},{\"@type\":\"ListItem\",\"position\":2,\"name\":\"Trgovina\",\"item\":\"https:\/\/ldstudio.si\/index.php\/trgovina\/\"},{\"@type\":\"ListItem\",\"position\":3,\"name\":\"Personalizirana otro\u0161ka deka iz 100% bomba\u017ea\"}]},{\"@type\":\"WebSite\",\"@id\":\"https:\/\/ldstudio.si\/#website\",\"url\":\"https:\/\/ldstudio.si\/\",\"name\":\"LD studio\",\"description\":\"\",\"publisher\":{\"@id\":\"https:\/\/ldstudio.si\/#organization\"},\"potentialAction\":[{\"@type\":\"SearchAction\",\"target\":{\"@type\":\"EntryPoint\",\"urlTemplate\":\"https:\/\/ldstudio.si\/?s={search_term_string}\"},\"query-input\":{\"@type\":\"PropertyValueSpecification\",\"valueRequired\":true,\"valueName\":\"search_term_string\"}}],\"inLanguage\":\"sl-SI\"},{\"@type\":\"Organization\",\"@id\":\"https:\/\/ldstudio.si\/#organization\",\"name\":\"LD studio\",\"url\":\"https:\/\/ldstudio.si\/\",\"logo\":{\"@type\":\"ImageObject\",\"inLanguage\":\"sl-SI\",\"@id\":\"https:\/\/ldstudio.si\/#\/schema\/logo\/image\/\",\"url\":\"https:\/\/ldstudio.si\/wp-content\/uploads\/2024\/11\/Artboard-1@2x.png\",\"contentUrl\":\"https:\/\/ldstudio.si\/wp-content\/uploads\/2024\/11\/Artboard-1@2x.png\",\"width\":543,\"height\":602,\"caption\":\"LD studio\"},\"image\":{\"@id\":\"https:\/\/ldstudio.si\/#\/schema\/logo\/image\/\"}}]}<\/script>\n<!-- \/ Yoast SEO plugin. -->","yoast_head_json":{"title":"Personalizirana otro\u0161ka deka iz 100% bomba\u017ea - LD studio","description":"Personalizirana otro\u0161ka deka iz 100% bomba\u017ea - posebnost te deke je mo\u017enost personalizacije z vezenjem otro\u0161kega imena, kar jo naredi edinstveno in popolno darilo za novorojen\u010dke, krste ali druge posebne prilo\u017enosti.","robots":{"index":"index","follow":"follow","max-snippet":"max-snippet:-1","max-image-preview":"max-image-preview:large","max-video-preview":"max-video-preview:-1"},"canonical":"https:\/\/ldstudio.si\/index.php\/product\/personalizirana-otroska-deka-iz-100-bombaza\/","og_locale":"sl_SI","og_type":"article","og_title":"Personalizirana otro\u0161ka deka iz 100% bomba\u017ea - LD studio","og_description":"Personalizirana otro\u0161ka deka iz 100% bomba\u017ea - posebnost te deke je mo\u017enost personalizacije z vezenjem otro\u0161kega imena, kar jo naredi edinstveno in popolno darilo za novorojen\u010dke, krste ali druge posebne prilo\u017enosti.","og_url":"https:\/\/ldstudio.si\/index.php\/product\/personalizirana-otroska-deka-iz-100-bombaza\/","og_site_name":"LD studio","article_modified_time":"2026-01-17T14:49:35+00:00","og_image":[{"width":1440,"height":1920,"url":"https:\/\/ldstudio.si\/wp-content\/uploads\/2024\/11\/20260105_175028.jpg","type":"image\/jpeg"}],"twitter_card":"summary_large_image","twitter_misc":{"Est. reading time":"1 minuta"},"schema":{"@context":"https:\/\/schema.org","@graph":[{"@type":"WebPage","@id":"https:\/\/ldstudio.si\/index.php\/product\/personalizirana-otroska-deka-iz-100-bombaza\/","url":"https:\/\/ldstudio.si\/index.php\/product\/personalizirana-otroska-deka-iz-100-bombaza\/","name":"Personalizirana otro\u0161ka deka iz 100% bomba\u017ea - LD studio","isPartOf":{"@id":"https:\/\/ldstudio.si\/#website"},"primaryImageOfPage":{"@id":"https:\/\/ldstudio.si\/index.php\/product\/personalizirana-otroska-deka-iz-100-bombaza\/#primaryimage"},"image":{"@id":"https:\/\/ldstudio.si\/index.php\/product\/personalizirana-otroska-deka-iz-100-bombaza\/#primaryimage"},"thumbnailUrl":"https:\/\/ldstudio.si\/wp-content\/uploads\/2024\/11\/20260105_175028.jpg","datePublished":"2024-11-07T07:50:15+00:00","dateModified":"2026-01-17T14:49:35+00:00","description":"Personalizirana otro\u0161ka deka iz 100% bomba\u017ea - posebnost te deke je mo\u017enost personalizacije z vezenjem otro\u0161kega imena, kar jo naredi edinstveno in popolno darilo za novorojen\u010dke, krste ali druge posebne prilo\u017enosti.","breadcrumb":{"@id":"https:\/\/ldstudio.si\/index.php\/product\/personalizirana-otroska-deka-iz-100-bombaza\/#breadcrumb"},"inLanguage":"sl-SI","potentialAction":[{"@type":"ReadAction","target":["https:\/\/ldstudio.si\/index.php\/product\/personalizirana-otroska-deka-iz-100-bombaza\/"]}]},{"@type":"ImageObject","inLanguage":"sl-SI","@id":"https:\/\/ldstudio.si\/index.php\/product\/personalizirana-otroska-deka-iz-100-bombaza\/#primaryimage","url":"https:\/\/ldstudio.si\/wp-content\/uploads\/2024\/11\/20260105_175028.jpg","contentUrl":"https:\/\/ldstudio.si\/wp-content\/uploads\/2024\/11\/20260105_175028.jpg","width":1440,"height":1920},{"@type":"BreadcrumbList","@id":"https:\/\/ldstudio.si\/index.php\/product\/personalizirana-otroska-deka-iz-100-bombaza\/#breadcrumb","itemListElement":[{"@type":"ListItem","position":1,"name":"Home","item":"https:\/\/ldstudio.si\/"},{"@type":"ListItem","position":2,"name":"Trgovina","item":"https:\/\/ldstudio.si\/index.php\/trgovina\/"},{"@type":"ListItem","position":3,"name":"Personalizirana otro\u0161ka deka iz 100% bomba\u017ea"}]},{"@type":"WebSite","@id":"https:\/\/ldstudio.si\/#website","url":"https:\/\/ldstudio.si\/","name":"LD studio","description":"","publisher":{"@id":"https:\/\/ldstudio.si\/#organization"},"potentialAction":[{"@type":"SearchAction","target":{"@type":"EntryPoint","urlTemplate":"https:\/\/ldstudio.si\/?s={search_term_string}"},"query-input":{"@type":"PropertyValueSpecification","valueRequired":true,"valueName":"search_term_string"}}],"inLanguage":"sl-SI"},{"@type":"Organization","@id":"https:\/\/ldstudio.si\/#organization","name":"LD studio","url":"https:\/\/ldstudio.si\/","logo":{"@type":"ImageObject","inLanguage":"sl-SI","@id":"https:\/\/ldstudio.si\/#\/schema\/logo\/image\/","url":"https:\/\/ldstudio.si\/wp-content\/uploads\/2024\/11\/Artboard-1@2x.png","contentUrl":"https:\/\/ldstudio.si\/wp-content\/uploads\/2024\/11\/Artboard-1@2x.png","width":543,"height":602,"caption":"LD studio"},"image":{"@id":"https:\/\/ldstudio.si\/#\/schema\/logo\/image\/"}}]}},"wcpa_form_fields":{"wcpaData":{"product":{"product_price":24.89999999999999857891452847979962825775146484375,"price_html":"<span class=\"woocommerce-Price-amount amount\"><bdi>24,90&nbsp;<span class=\"woocommerce-Price-currencySymbol\">&euro;<\/span><\/bdi><\/span>","original_product_price":24.89999999999999857891452847979962825775146484375,"price_including_tax":24.89999999999999857891452847979962825775146484375,"price_excluding_tax":24.89999999999999857891452847979962825775146484375,"product_id":{"parent":1379,"variation":false},"is_variable":false,"stock_status":"instock","stock_quantity":null,"parent_sku":"","product_attributes":[],"custom_fields":[],"is_taxable":false,"product_name":"Personalizirana otro\u0161ka deka iz 100% bomba\u017ea","hasImage":false},"fields":{"sec_7672b181c08e6c":{"extra":{"key":"sec_7672b181c08e6c","section_id":"sec_7672b181c08e6c","name":"Default","status":1,"toggle":true,"form_id":1372,"form_rules":{"exclude_from_discount":false,"fee_label":"Pristojbina","disp_hide_options_price":false,"disp_show_section_price":false,"disp_show_field_price":true,"layout_option":"standard","pric_use_as_fee":false,"process_fee_as":"woo_fee"},"layout_option":"standard"},"fields":[[{"active":true,"col":6,"relations":false,"cl_rule":"show","enableCl":false,"price":"","enablePrice":false,"className":"","type":"text","subtype":"text","required":true,"elementId":"text_8774704101","label":"IME OTROKA","name":"text_8774704101","value":"","error":false,"gt_translate_keys":["label","value"],"price_dependency":false,"cl_dependency":false}]]}},"config":{"price_override":"","enable_recaptcha":false,"bind_quantity":false,"quantity_bind_formula":false,"disp_summ_show_option_price":true,"disp_summ_show_product_price":true,"disp_summ_show_total_price":true,"disp_summ_show_fee":false,"disp_summ_show_discount":false,"summary_title":"","options_total_label":"Cena mo\u017enosti","total_label":"Skupaj","options_product_label":"Cena izdelka","fee_label":"Pristojbina","discount_label":"Popust","has_price":true,"has_quantity_formula":false},"mc_unit":1,"tax_rate":1,"tax_rate_real":1,"discount":{"percentage":0,"fixed":0},"design":{"conf":{"LabelPosition":"above","DescPosition":"above","UploadField":"custom_1","QuantityFieldStyle":"default"},"css":{"LeftLabelWidth":"120px"}},"formulas":[],"clones":false,"cartKey":false}},"_links":{"self":[{"href":"https:\/\/ldstudio.si\/index.php\/wp-json\/wp\/v2\/product\/1379","targetHints":{"allow":["GET"]}}],"collection":[{"href":"https:\/\/ldstudio.si\/index.php\/wp-json\/wp\/v2\/product"}],"about":[{"href":"https:\/\/ldstudio.si\/index.php\/wp-json\/wp\/v2\/types\/product"}],"replies":[{"embeddable":true,"href":"https:\/\/ldstudio.si\/index.php\/wp-json\/wp\/v2\/comments?post=1379"}],"wp:featuredmedia":[{"embeddable":true,"href":"https:\/\/ldstudio.si\/index.php\/wp-json\/wp\/v2\/media\/2520"}],"wp:attachment":[{"href":"https:\/\/ldstudio.si\/index.php\/wp-json\/wp\/v2\/media?parent=1379"}],"wp:term":[{"taxonomy":"product_brand","embeddable":true,"href":"https:\/\/ldstudio.si\/index.php\/wp-json\/wp\/v2\/product_brand?post=1379"},{"taxonomy":"product_cat","embeddable":true,"href":"https:\/\/ldstudio.si\/index.php\/wp-json\/wp\/v2\/product_cat?post=1379"},{"taxonomy":"product_tag","embeddable":true,"href":"https:\/\/ldstudio.si\/index.php\/wp-json\/wp\/v2\/product_tag?post=1379"}],"curies":[{"name":"wp","href":"https:\/\/api.w.org\/{rel}","templated":true}]}}