{"id":1166,"date":"2024-11-03T07:57:40","date_gmt":"2024-11-03T07:57:40","guid":{"rendered":"https:\/\/ldstudio.si\/?page_id=1166"},"modified":"2026-03-30T13:58:58","modified_gmt":"2026-03-30T13:58:58","slug":"pogoji-poslovanja","status":"publish","type":"page","link":"https:\/\/ldstudio.si\/index.php\/pogoji-poslovanja\/","title":{"rendered":"Pogoji poslovanja"},"content":{"rendered":"\t\t<div data-elementor-type=\"wp-page\" data-elementor-id=\"1166\" class=\"elementor elementor-1166\">\n\t\t\t\t<div class=\"elementor-element elementor-element-596eb073 e-flex e-con-boxed e-con e-parent\" data-id=\"596eb073\" data-element_type=\"container\">\n\t\t\t\t\t<div class=\"e-con-inner\">\n\t\t\t\t<div class=\"elementor-element elementor-element-23ca505a elementor-widget elementor-widget-text-editor\" data-id=\"23ca505a\" data-element_type=\"widget\" data-widget_type=\"text-editor.default\">\n\t\t\t\t<div class=\"elementor-widget-container\">\n\t\t\t\t\t\t\t\t\t<p><b>POGOJI POSLOVANJA<br><\/b><span style=\"font-family: inherit; font-size: inherit; font-style: inherit; font-variant-ligatures: inherit; font-variant-caps: inherit; font-weight: inherit;\">Splo\u0161ni pogoji poslovanja spletne trgovine <\/span><a href=\"http:\/\/www.ldstudio.si\" style=\"font-family: inherit; font-size: inherit; font-style: inherit; font-variant-ligatures: inherit; font-variant-caps: inherit; font-weight: inherit;\">www.ldstudio.si<\/a><span style=\"font-family: inherit; font-size: inherit; font-style: inherit; font-variant-ligatures: inherit; font-variant-caps: inherit; font-weight: inherit;\"> so sestavljeni v skladu z Zakonom o varstvu potro\u0161nikov (ZVPot-UPB2), Zakonom o varstvu osebnih podatkov (ZVOP-1), Zakonu o elektronskem poslovanju na trgu (ZEPT), Zakonu o dav\u010dnem potrjevanju ra\u010dunov (ZDavPR) ter na podlagi priporo\u010dil GZS in mednarodnih kodeksov za elektronsko poslovanje.<br><\/span><span style=\"font-family: inherit; font-size: inherit; font-style: inherit; font-variant-ligatures: inherit; font-variant-caps: inherit; font-weight: inherit;\">Kupec se zavezuje k spo\u0161tovanju splo\u0161nih pogojev, ki veljajo v trenutku oddaje spletnega naro\u010dila. Pred oddajo naro\u010dila je uporabnik opozorjen na splo\u0161ne pogoje poslovanja in z oddajo naro\u010dila potrdi svojo seznanjenost z njimi s klikom na \u00bbStrinjam se s pogoji poslovanja.\u00ab<\/span><\/p>\n<p><b>PODATKI PODJETJA<br><\/b><span style=\"font-family: inherit; font-size: inherit; font-style: inherit; font-variant-ligatures: inherit; font-variant-caps: inherit; font-weight: inherit;\">Naziv: LD studio, Luka Kuhar s.p.<br><\/span><span style=\"font-family: inherit; font-size: inherit; font-style: inherit; font-variant-ligatures: inherit; font-variant-caps: inherit; font-weight: inherit;\">Sede\u017e podjetja: Na Kalu 13, 4202 Naklo<br><\/span><span style=\"font-family: inherit; font-size: inherit; font-style: inherit; font-variant-ligatures: inherit; font-variant-caps: inherit; font-weight: inherit;\">Mati\u010dna \u0161tevilka: 8484651000<br><\/span><span style=\"font-family: inherit; font-size: inherit; font-style: inherit; font-variant-ligatures: inherit; font-variant-caps: inherit; font-weight: inherit;\">Dav\u010dna \u0161tevilka: 99738856 (ni zavezanec za DDV)<br><\/span><span style=\"font-family: inherit; font-size: inherit; font-style: inherit; font-variant-ligatures: inherit; font-variant-caps: inherit; font-weight: inherit;\">Telefonska \u0161tevilka: 040 297 970 (dosegljiv po 15. uri)<br><\/span><span style=\"font-family: inherit; font-size: inherit; font-style: inherit; font-variant-ligatures: inherit; font-variant-caps: inherit; font-weight: inherit;\">Elektronski naslov: <\/span><a href=\"mailto:info@ldstudio.si\" style=\"font-family: inherit; font-size: inherit; font-style: inherit; font-variant-ligatures: inherit; font-variant-caps: inherit; font-weight: inherit;\">info@ldstudio.si<\/a><br><span style=\"font-family: inherit; font-size: inherit; font-style: inherit; font-variant-ligatures: inherit; font-variant-caps: inherit; font-weight: inherit;\">Datum vpisa podjetja v register Slovenije (AJPES): 08. 08. 2019<\/span><\/p>\n<p><b>DOSTOPNOST INFORMACIJ<br><\/b><span style=\"font-family: inherit; font-size: inherit; font-style: inherit; font-variant-ligatures: inherit; font-variant-caps: inherit; font-weight: inherit;\">Ponudnik LD studio na svoji spletni strani ves \u010das kupcem zagotavlja spodaj navedene informacije:<\/span><\/p>\n<ul>\n<li>podatke o podjetju (naziv, sede\u017e, mati\u010dna in dav\u010dna \u0161tevilka, kontaktni podatki in organ vpisa),<\/li>\n<li>glavne zna\u010dilnosti izdelkov in storitev,<\/li>\n<li>dobavljivost izdelkov (pogoji in predvideni rok dostave),<\/li>\n<li>pla\u010dilne pogoje,<\/li>\n<li>jasno in nedvoumno dolo\u010dene cene, kjer je razvidno, ali vklju\u010dujejo davek in stro\u0161ek prevoza,<\/li>\n<li>\u010dasovno veljavnost ponudbe,<\/li>\n<li>pogoje, roke in postopek za uveljavljanje pravice do odstopa od pogodbe (vra\u010dilo blaga),<\/li>\n<li>postopek ob prito\u017ebi z vsemi podatki o kontaktni osebi.<\/li>\n<\/ul>\n<p><b>VRSTE UPORABNIKOV<br><\/b><span style=\"font-family: inherit; font-size: inherit; font-style: inherit; font-variant-ligatures: inherit; font-variant-caps: inherit; font-weight: inherit;\">Kupec lahko odda naro\u010dilo kot gost (brez uporabni\u0161kega ra\u010duna). Registracija uporabni\u0161kega ra\u010duna trenutno ni mo\u017ena.<\/span><\/p>\n<p><b>PONUDBA ARTIKLOV IN CENE<br><\/b><span style=\"font-family: inherit; font-size: inherit; font-style: inherit; font-variant-ligatures: inherit; font-variant-caps: inherit; font-weight: inherit;\">Vse cene so izra\u017eene v evrih in ne vklju\u010dujejo DDV, saj podjetje LD studio, Luka Kuhar s.p. ni zavezanec za DDV (po 1. odstavku 94. \u010dlena Zakona o davku na dodano vrednost). Veljavna cena za izdelek je tista, ki velja v trenutku oddaje naro\u010dila.<br><\/span><span style=\"font-family: inherit; font-size: inherit; font-style: inherit; font-variant-ligatures: inherit; font-variant-caps: inherit; font-weight: inherit;\">Izdelki so unikatni in ro\u010dno izdelani. Slike so zato simboli\u010dne in kon\u010dni izdelek lahko minimalno odstopa od izdelka na sliki. Ve\u010dina izdelkov je izdelanih po naro\u010dilu oz. po opravljenem nakupu.<\/span><\/p>\n<p>Za dodatne informacije smo na voljo na info@ldstudio.si.<\/p>\n<p><b>ROK IZDELAVE<br><\/b><span style=\"font-family: inherit; font-size: inherit; font-style: inherit; font-variant-ligatures: inherit; font-variant-caps: inherit; font-weight: inherit;\">Za izdelavo potrebujemo od 3 do 10 delovnih dni, nato izdelke oddamo dostavni slu\u017ebi (Po\u0161ta Slovenije) ali omogo\u010dimo osebni prevzem. V primeru podalj\u0161anja roka izdelave zaradi nepredvidenih okoli\u0161\u010din, kupca pravo\u010dasno obvestimo prek elektronske po\u0161te, navedene ob oddaji naro\u010dila.<\/span><\/p>\n<p><b>NARO\u010cANJE IN POSTOPEK<br><\/b><span style=\"font-family: inherit; font-size: inherit; font-style: inherit; font-variant-ligatures: inherit; font-variant-caps: inherit; font-weight: inherit;\">Naro\u010danje je mo\u017eno 24 ur na dan, vse dni v tednu. Postopek nakupa:<\/span><\/p>\n<ol>\n<li>Kupec doda artikle v ko\u0161arico in sledi korakom nakupa.<\/li>\n<li>Na strani izdelka kupec izbere \u017eeleno barvo, pisavo ali besedilo v spustnih seznamih, \u010de je to zahtevano. Nato klikne &#8220;Dodaj v ko\u0161arico&#8221;.<\/li>\n<li>Kupec pred oddajo naro\u010dilo preveri pravilnost naro\u010dila (artikli, cene, koli\u010dine). V primeru popravkov klikne \u00bbPosodobi ko\u0161arico\u00ab. Nato izbere dostavo (osebni prevzem ali po\u0161ta) in klikne \u00bbNadaljuj na blagajno\u00ab.<\/li>\n<li><em>V primeru promocijske KODE kupec vpi\u0161e kodo pod seznamom artiklov.<\/em><\/li>\n<li>V naslednjem koraku kupec vpi\u0161e podatke pla\u010dnika (ime, priimek, dr\u017eavo, ulico in hi\u0161no \u0161tevilko, po\u0161tno \u0161tevilko, mesto in svoje kontaktne podatke). In \u010de je potrebno, izbere dostavo na drug naslov.<\/li>\n<\/ol>\n<p>Opombe naro\u010dila lahko doda v posebnem polju. Kupec izbere na\u010din pla\u010dila (ban\u010dno nakazilo, pla\u010dilo po povzetju ali PayPal).<\/p>\n<ol start=\"6\">\n<li>Z zadnjim klikom na &#8220;Potrdite naro\u010dilo&#8221; je naro\u010dilo oddano, kupec pa prejme potrditveno elektronsko sporo\u010dilo.<\/li>\n<li>Kupoprodajna pogodba je sklenjena, ko kupec prejme potrditveno sporo\u010dilo, s \u010dimer so cene in drugi pogoji fiksirani za obe strani.<\/li>\n<\/ol>\n<p>Zaradi ro\u010dne izdelave izdelkov se ob morebitnem ve\u010djem \u0161tevilu hkrati oddanih naro\u010dil lahko dobavni rok podalj\u0161a.<\/p>\n<p>Ponudnik v dogovorjenem roku blago pripravi, odpo\u0161lje in o tem po elektronski po\u0161ti obvesti kupca. Ponudnik v omenjenem elektronskem sporo\u010dilu pou\u010di kupca tudi o politiki vra\u010dila blaga, kam se lahko obrne v primeru zamude pri dostavi in kam se lahko obrne v primeru prito\u017ebe.<\/p>\n<p><b>NA\u010cIN PLA\u010cILA<br><\/b><span style=\"font-family: inherit; font-size: inherit; font-style: inherit; font-variant-ligatures: inherit; font-variant-caps: inherit; font-weight: inherit;\">Ponudnik LD studio omogo\u010da naslednje na\u010dine pla\u010dila:<\/span><\/p>\n<ul>\n<li>nakazilo na ra\u010dun LD studio, Luka Kuhar s.p. po predra\u010dunu (podatki za nakazilo bodo poslani po e-po\u0161ti),<\/li>\n<li>pla\u010dilo po povzetju ali<\/li>\n<li>pla\u010dilo prek PayPal.<\/li>\n<\/ul>\n<p><b>IZDAJA RA\u010cUNA<br><\/b><span style=\"font-family: inherit; font-size: inherit; font-style: inherit; font-variant-ligatures: inherit; font-variant-caps: inherit; font-weight: inherit;\">Po odpremi naro\u010denih artiklov LD studio prilo\u017ei ra\u010dun z raz\u010dlenjenimi stro\u0161ki in naro\u010denim blagom. Kupec naj pred oddajo naro\u010dila preveri pravilnost podatkov, saj kasnej\u0161ih ugovorov ne upo\u0161tevamo.<\/span><\/p>\n<p><strong>STRO\u0160EK DOSTAVE<\/strong><\/p>\n<p>Stro\u0161ek dostav za po\u0161iljanje po po\u0161ti je slede\u010d:<\/p>\n<ul>\n<li>pri nakupu do 59,99 \u20ac in pla\u010dilu po povzetju: 6,00 \u20ac,<\/li>\n<li>pri nakupu do 59,99 \u20ac in pla\u010dilu po predra\u010dunu: 4,50 \u20ac,<\/li>\n<li>pri nakupih nad 60,00 \u20ac je dostava brezpla\u010dna.<\/li>\n<\/ul>\n<p><strong style=\"font-family: inherit; font-size: inherit; font-style: inherit; font-variant-ligatures: inherit; font-variant-caps: inherit; text-align: var(--text-align); background-color: var(--theme-palette-color-1); color: var(--theme-text-color); letter-spacing: var(--theme-letter-spacing); text-transform: var(--theme-text-transform);\">KUPON oz. KODA KUPONA<\/strong><\/p>\n<p>Prodajalec ob\u010dasno objavi kodo kupona, ki jo lahko kupec koristi ob oddaji naro\u010dila. S kuponom se kupcu omogo\u010da dodaten popust na celoten nakup ali posamezen izdelek. Ob 1 naro\u010dilu je mo\u017eno unov\u010diti le 1 kupon. Popusti se ne se\u0161tevajo.<\/p>\n<p><strong>VRA\u010cILO IZDELKA \/ ODSTOP OD POGODBE<\/strong><\/p>\n<p>Potro\u0161nik ima pravico, da v 14 dneh od prevzema artiklov prodajalcu sporo\u010di, da odstopa od pogodbe, brez navedbe razloga. Rok se za\u010dne \u0161teti en dan po datumu prevzema paketa.<\/p>\n<p>Odstop od pogodbe potro\u0161nik sporo\u010di na e-naslov prodajalca: info@ldstudio.si.<\/p>\n<p>V primeru odstopa od pogodbe potro\u0161nik prejete izdelke vrne po po\u0161ti na naslov prodajalca: LD studio, Luka Kuhar s.p., Na Kalu 13, 4202 Naklo.<\/p>\n<p>Kupec mora artikle vrniti prodajalcu nepo\u0161kodovane in v nespremenjeni koli\u010dini in originalni embala\u017ei, razen \u010de je artikel uni\u010den ali se je njegova koli\u010dina zmanj\u0161ala, brez kup\u010deve krivde.<\/p>\n<p>Kupec sme opraviti ogled in preizkus artiklov v obsegu, kot je to nujno potrebno za ugotovitev dejanskega stanja. Potro\u0161nik odgovarja za zmanj\u0161anje vrednosti blaga, \u010de zmanj\u0161anje posledica ravnanja, ki ni nujno potrebno za ugotovitev narave, lastnosti in delovanja blaga.<\/p>\n<p>Edini stro\u0161ek, ki bremeni kupca v zvezi z odstopom od pogodbe, je stro\u0161ek vra\u010dila izdelkov (ki se v primeru po\u0161iljanja obra\u010dunava po ceniku dostavne slu\u017ebe). Izdelek je potrebno vrniti prodajalcu najkasneje v roku 30 dni od poslanega sporo\u010dila o odstopu od pogodbe (nakupa).<\/p>\n<p><u>Kupec nima pravice do odstopa od pogodbe pri pogodbah, katerih predmet je artikel, ki je bil izdelan po natan\u010dnih navodilih potro\u0161nika, ki je bilo prilagojeno njegovim osebnim potrebam, ki zaradi svoje narave ni primerno za vra\u010dilo, ali artikel, ki je bil \u017ee uporabljen in iz higienskih razlogov ni primeren za nadaljnjo prodajo.<\/u><\/p>\n<p>Vra\u010dilo opravljenih vpla\u010dil vklju\u010dno s stro\u0161ki dostave bo izvedeno takoj, ko je to mogo\u010de, najkasneje pa v roku 14 dni od prejema sporo\u010dila o odstopu od pogodbe oz. prejetega artikla. Podjetje vrne prejeta pla\u010dila kupcu z enakim pla\u010dilnim sredstvom, kot ga je uporabil kupec, razen \u010de je kupec izrecno zahteval uporabo druga\u010dnega pla\u010dilnega sredstva in \u010de kupec zaradi tega ne nosi nobenih stro\u0161kov.<\/p>\n<p><strong>GARANCIJA<\/strong><\/p>\n<p>Podatki o garanciji so kupcu dostopni na njegovo zahtevo. Blago imajo garancijo, \u010de je tako navedeno na strani izdelka, na garancijskem listu ali na ra\u010dunu. Garancija je veljavna ob upo\u0161tevanju navodil na garancijskem listu in ob predlo\u017eitvi ra\u010duna. Garancijski roki so navedeni na garancijskih listih. \u010ce podatka o garanciji ni, artikel nima garancije.<\/p>\n<p><strong>REKLAMACIJA<\/strong><\/p>\n<p>\u010ce so dostavljeni napa\u010dni izdelki, kupec vrne dostavljene izdelke, ponudnik pa jih bo brezpla\u010dno nadomestil z ustreznimi. V tem primeru ponudnik krije stro\u0161ke po\u0161tnine. Ponudnik pa ne krije stro\u0161ka vra\u010dila reklamiranih izdelkov, v kolikor ni bila ugotovljena napaka iz ponudnikove strani. Prvotno dostavljeni izdelki se lahko vrnejo samo neuporabljeni, nepo\u0161kodovani in v enaki embala\u017ei. Vrnjeni morajo biti ustrezno zavarovani pred po\u0161kodbami med transportom \u2013 zapakirani morajo biti v trdo \u0161katlo, po mo\u017enosti v tisto, v kateri ste prejeli izdelke.<\/p>\n<p><strong>STVARNA NAPAKA<\/strong><\/p>\n<p>Prodajalec odgovarja kupcu za stvarne napake prodane stvari. Za stvarno napako gre v primerih:<\/p>\n<ul>\n<li>\u010de izdelek nima lastnosti, ki so potrebne za njeno normalno rabo ali za promet;<\/li>\n<li>\u010de izdelek nima lastnosti, ki so potrebne za posebno rabo, za katero jo kupec kupuje, ki pa je bila prodajalcu znana oziroma bi mu morala biti znana;<\/li>\n<li>\u010de izdelek nima posebnih lastnosti in odlik, ki so bile izrecno ali mol\u010de dogovorjene oziroma predpisane;<\/li>\n<li>\u010de je prodajalec izro\u010dil stvar, ki se ne ujema z vzorcem ali modelom, razen \u010de je bil vzorec ali model pokazan le zaradi obvestila.<\/li>\n<\/ul>\n<p>Kupec lahko uveljavlja svoje pravice iz naslova stvarne napake, \u010de o napaki obvesti prodajalca v roku dveh mesecev od dneva, ko je bila napaka odkrita.<\/p>\n<p>Kupec mora v obvestilu o napaki natan\u010dneje opisati napako in prodajalcu omogo\u010diti, da stvar pregleda.<\/p>\n<p>Obvestilo o napaki lahko kupec prodajalcu sporo\u010di osebno na njegovem sede\u017eu, po po\u0161ti ali z elektronskim sporo\u010dilom na naslov info@ldstudio.si.<\/p>\n<p>Prodajalec ne odgovarja za stvarne napake na blagu, ki se poka\u017eejo potem, ko mineta dve leti, odkar je bila stvar izro\u010dena. \u0160teje se, da je napaka na stvari obstajala \u017ee v \u010dasu izro\u010ditve, \u010de se pojavi v roku \u0161est mesecev od izro\u010ditve.<\/p>\n<p>Potro\u0161nik, ki je pravilno obvestil prodajalca o napaki, ima pravico od prodajalca zahtevati, da:<\/p>\n<ul>\n<li>odpravi napako na blagu ali vrne del pla\u010danega zneska v sorazmerju z napako ali<\/li>\n<li>blago z napako zamenja z novim brezhibnim blagom ali<\/li>\n<li>vrne pla\u010dani znesek.<\/li>\n<\/ul>\n<p><u>Reklamacije iz naslova:<\/u><\/p>\n<ul>\n<li>fizi\u010dnih po\u0161kodb po\u0161iljke (paketa) v kateri je kupcu dostavljeno blago;<\/li>\n<li>znakov odprtja po\u0161iljke (paketa) in manka vsebine po\u0161iljke (paketa);<\/li>\n<li>izginotja po\u0161iljke ali prekora\u010ditve dobavnega roka;<\/li>\n<\/ul>\n<p>&nbsp;&nbsp;&nbsp;&nbsp;&nbsp;&nbsp;&nbsp;&nbsp;&nbsp;&nbsp;&nbsp; mora kupec uveljavljati pri <u>dostavljavcu blaga<\/u>.<\/p>\n<p><strong>VAROVANJE OSEBNIH PODATKOV<\/strong><\/p>\n<p>Z oddajo naro\u010dila po teh pogojih poslovanja kupec izrecno izjavlja ter podaja soglasje prodajalcu, da njegove osebne podatke, in sicer ime in priimek, naslov in po\u0161to, elektronski naslov in telefonsko \u0161tevilko, obdeluje za potrebe izpolnitve naro\u010dila te pogodbe in jih varuje skladno z Zakonom o varstvu osebnih podatkov-1 in Splo\u0161no uredbo o varstvu podatkov (GDPR). Prodajalec osebnih podatkov kupca ne bo posredoval tretjim nepoobla\u0161\u010denim osebam, razen pogodbenim partnerjem, \u010de bo to potrebno za izvedbo naro\u010dila.<\/p>\n<p>Prodajalec si pridr\u017euje pravico obdelave osebnih podatkov kupca za lastne potrebe, vklju\u010dno s statisti\u010dnimi analizami, anketiranjem, prilagajanjem in segmentacijo ponudbe ter raziskavo trga.<\/p>\n<p>Kupec ima pravico do dostopa do svojih osebnih podatkov, popravka, izbrisa ali omejitve obdelave, pravico do ugovora ter pravico do prenosljivosti podatkov. Za uveljavljanje teh pravic ali za ve\u010d informacij se lahko obrne na info@ldstudio.si.<\/p>\n<p>Podatki bodo hranjeni toliko \u010dasa, kolikor je potrebno za izpolnitev pogodbe in izpolnjevanje zakonskih obveznosti, nato pa bodo varno izbrisani.<\/p>\n<p>Pravilnik o zasebnosti se lahko posodobi, o \u010demer bodo uporabniki obve\u0161\u010deni na na\u0161i spletni strani.<\/p>\n<p><!-- \/wp:paragraph --><\/p>\t\t\t\t\t\t\t\t<\/div>\n\t\t\t\t<\/div>\n\t\t\t\t\t<\/div>\n\t\t\t\t<\/div>\n\t\t\t\t<\/div>\n\t\t","protected":false},"excerpt":{"rendered":"<p>POGOJI POSLOVANJASplo\u0161ni pogoji poslovanja spletne trgovine www.ldstudio.si so sestavljeni v skladu z Zakonom o varstvu potro\u0161nikov (ZVPot-UPB2), Zakonom o varstvu osebnih podatkov (ZVOP-1), Zakonu o elektronskem poslovanju na trgu (ZEPT), Zakonu o dav\u010dnem potrjevanju ra\u010dunov (ZDavPR) ter na podlagi priporo\u010dil GZS in mednarodnih kodeksov za elektronsko poslovanje.Kupec se zavezuje k spo\u0161tovanju splo\u0161nih pogojev, ki veljajo [&hellip;]<\/p>\n","protected":false},"author":1,"featured_media":0,"parent":0,"menu_order":0,"comment_status":"closed","ping_status":"closed","template":"","meta":{"footnotes":""},"class_list":["post-1166","page","type-page","status-publish","hentry"],"blocksy_meta":[],"yoast_head":"<!-- This site is optimized with the Yoast SEO plugin v25.0 - https:\/\/yoast.com\/wordpress\/plugins\/seo\/ -->\n<title>Pogoji poslovanja - LD studio<\/title>\n<meta name=\"robots\" content=\"index, follow, max-snippet:-1, max-image-preview:large, max-video-preview:-1\" \/>\n<link rel=\"canonical\" href=\"https:\/\/ldstudio.si\/index.php\/pogoji-poslovanja\/\" \/>\n<meta property=\"og:locale\" content=\"sl_SI\" \/>\n<meta property=\"og:type\" content=\"article\" \/>\n<meta property=\"og:title\" content=\"Pogoji poslovanja - LD studio\" \/>\n<meta property=\"og:description\" content=\"POGOJI POSLOVANJASplo\u0161ni pogoji poslovanja spletne trgovine www.ldstudio.si so sestavljeni v skladu z Zakonom o varstvu potro\u0161nikov (ZVPot-UPB2), Zakonom o varstvu osebnih podatkov (ZVOP-1), Zakonu o elektronskem poslovanju na trgu (ZEPT), Zakonu o dav\u010dnem potrjevanju ra\u010dunov (ZDavPR) ter na podlagi priporo\u010dil GZS in mednarodnih kodeksov za elektronsko poslovanje.Kupec se zavezuje k spo\u0161tovanju splo\u0161nih pogojev, ki veljajo [&hellip;]\" \/>\n<meta property=\"og:url\" content=\"https:\/\/ldstudio.si\/index.php\/pogoji-poslovanja\/\" \/>\n<meta property=\"og:site_name\" content=\"LD studio\" \/>\n<meta property=\"article:modified_time\" content=\"2026-03-30T13:58:58+00:00\" \/>\n<meta name=\"twitter:card\" content=\"summary_large_image\" \/>\n<meta name=\"twitter:label1\" content=\"Est. reading time\" \/>\n\t<meta name=\"twitter:data1\" content=\"9 minut\" \/>\n<script type=\"application\/ld+json\" class=\"yoast-schema-graph\">{\"@context\":\"https:\/\/schema.org\",\"@graph\":[{\"@type\":\"WebPage\",\"@id\":\"https:\/\/ldstudio.si\/index.php\/pogoji-poslovanja\/\",\"url\":\"https:\/\/ldstudio.si\/index.php\/pogoji-poslovanja\/\",\"name\":\"Pogoji poslovanja - LD studio\",\"isPartOf\":{\"@id\":\"https:\/\/ldstudio.si\/#website\"},\"datePublished\":\"2024-11-03T07:57:40+00:00\",\"dateModified\":\"2026-03-30T13:58:58+00:00\",\"breadcrumb\":{\"@id\":\"https:\/\/ldstudio.si\/index.php\/pogoji-poslovanja\/#breadcrumb\"},\"inLanguage\":\"sl-SI\",\"potentialAction\":[{\"@type\":\"ReadAction\",\"target\":[\"https:\/\/ldstudio.si\/index.php\/pogoji-poslovanja\/\"]}]},{\"@type\":\"BreadcrumbList\",\"@id\":\"https:\/\/ldstudio.si\/index.php\/pogoji-poslovanja\/#breadcrumb\",\"itemListElement\":[{\"@type\":\"ListItem\",\"position\":1,\"name\":\"Home\",\"item\":\"https:\/\/ldstudio.si\/\"},{\"@type\":\"ListItem\",\"position\":2,\"name\":\"Pogoji poslovanja\"}]},{\"@type\":\"WebSite\",\"@id\":\"https:\/\/ldstudio.si\/#website\",\"url\":\"https:\/\/ldstudio.si\/\",\"name\":\"LD studio\",\"description\":\"\",\"publisher\":{\"@id\":\"https:\/\/ldstudio.si\/#organization\"},\"potentialAction\":[{\"@type\":\"SearchAction\",\"target\":{\"@type\":\"EntryPoint\",\"urlTemplate\":\"https:\/\/ldstudio.si\/?s={search_term_string}\"},\"query-input\":{\"@type\":\"PropertyValueSpecification\",\"valueRequired\":true,\"valueName\":\"search_term_string\"}}],\"inLanguage\":\"sl-SI\"},{\"@type\":\"Organization\",\"@id\":\"https:\/\/ldstudio.si\/#organization\",\"name\":\"LD studio\",\"url\":\"https:\/\/ldstudio.si\/\",\"logo\":{\"@type\":\"ImageObject\",\"inLanguage\":\"sl-SI\",\"@id\":\"https:\/\/ldstudio.si\/#\/schema\/logo\/image\/\",\"url\":\"https:\/\/ldstudio.si\/wp-content\/uploads\/2024\/11\/Artboard-1@2x.png\",\"contentUrl\":\"https:\/\/ldstudio.si\/wp-content\/uploads\/2024\/11\/Artboard-1@2x.png\",\"width\":543,\"height\":602,\"caption\":\"LD studio\"},\"image\":{\"@id\":\"https:\/\/ldstudio.si\/#\/schema\/logo\/image\/\"}}]}<\/script>\n<!-- \/ Yoast SEO plugin. -->","yoast_head_json":{"title":"Pogoji poslovanja - LD studio","robots":{"index":"index","follow":"follow","max-snippet":"max-snippet:-1","max-image-preview":"max-image-preview:large","max-video-preview":"max-video-preview:-1"},"canonical":"https:\/\/ldstudio.si\/index.php\/pogoji-poslovanja\/","og_locale":"sl_SI","og_type":"article","og_title":"Pogoji poslovanja - LD studio","og_description":"POGOJI POSLOVANJASplo\u0161ni pogoji poslovanja spletne trgovine www.ldstudio.si so sestavljeni v skladu z Zakonom o varstvu potro\u0161nikov (ZVPot-UPB2), Zakonom o varstvu osebnih podatkov (ZVOP-1), Zakonu o elektronskem poslovanju na trgu (ZEPT), Zakonu o dav\u010dnem potrjevanju ra\u010dunov (ZDavPR) ter na podlagi priporo\u010dil GZS in mednarodnih kodeksov za elektronsko poslovanje.Kupec se zavezuje k spo\u0161tovanju splo\u0161nih pogojev, ki veljajo [&hellip;]","og_url":"https:\/\/ldstudio.si\/index.php\/pogoji-poslovanja\/","og_site_name":"LD studio","article_modified_time":"2026-03-30T13:58:58+00:00","twitter_card":"summary_large_image","twitter_misc":{"Est. reading time":"9 minut"},"schema":{"@context":"https:\/\/schema.org","@graph":[{"@type":"WebPage","@id":"https:\/\/ldstudio.si\/index.php\/pogoji-poslovanja\/","url":"https:\/\/ldstudio.si\/index.php\/pogoji-poslovanja\/","name":"Pogoji poslovanja - LD studio","isPartOf":{"@id":"https:\/\/ldstudio.si\/#website"},"datePublished":"2024-11-03T07:57:40+00:00","dateModified":"2026-03-30T13:58:58+00:00","breadcrumb":{"@id":"https:\/\/ldstudio.si\/index.php\/pogoji-poslovanja\/#breadcrumb"},"inLanguage":"sl-SI","potentialAction":[{"@type":"ReadAction","target":["https:\/\/ldstudio.si\/index.php\/pogoji-poslovanja\/"]}]},{"@type":"BreadcrumbList","@id":"https:\/\/ldstudio.si\/index.php\/pogoji-poslovanja\/#breadcrumb","itemListElement":[{"@type":"ListItem","position":1,"name":"Home","item":"https:\/\/ldstudio.si\/"},{"@type":"ListItem","position":2,"name":"Pogoji poslovanja"}]},{"@type":"WebSite","@id":"https:\/\/ldstudio.si\/#website","url":"https:\/\/ldstudio.si\/","name":"LD studio","description":"","publisher":{"@id":"https:\/\/ldstudio.si\/#organization"},"potentialAction":[{"@type":"SearchAction","target":{"@type":"EntryPoint","urlTemplate":"https:\/\/ldstudio.si\/?s={search_term_string}"},"query-input":{"@type":"PropertyValueSpecification","valueRequired":true,"valueName":"search_term_string"}}],"inLanguage":"sl-SI"},{"@type":"Organization","@id":"https:\/\/ldstudio.si\/#organization","name":"LD studio","url":"https:\/\/ldstudio.si\/","logo":{"@type":"ImageObject","inLanguage":"sl-SI","@id":"https:\/\/ldstudio.si\/#\/schema\/logo\/image\/","url":"https:\/\/ldstudio.si\/wp-content\/uploads\/2024\/11\/Artboard-1@2x.png","contentUrl":"https:\/\/ldstudio.si\/wp-content\/uploads\/2024\/11\/Artboard-1@2x.png","width":543,"height":602,"caption":"LD studio"},"image":{"@id":"https:\/\/ldstudio.si\/#\/schema\/logo\/image\/"}}]}},"_links":{"self":[{"href":"https:\/\/ldstudio.si\/index.php\/wp-json\/wp\/v2\/pages\/1166","targetHints":{"allow":["GET"]}}],"collection":[{"href":"https:\/\/ldstudio.si\/index.php\/wp-json\/wp\/v2\/pages"}],"about":[{"href":"https:\/\/ldstudio.si\/index.php\/wp-json\/wp\/v2\/types\/page"}],"author":[{"embeddable":true,"href":"https:\/\/ldstudio.si\/index.php\/wp-json\/wp\/v2\/users\/1"}],"replies":[{"embeddable":true,"href":"https:\/\/ldstudio.si\/index.php\/wp-json\/wp\/v2\/comments?post=1166"}],"version-history":[{"count":10,"href":"https:\/\/ldstudio.si\/index.php\/wp-json\/wp\/v2\/pages\/1166\/revisions"}],"predecessor-version":[{"id":2761,"href":"https:\/\/ldstudio.si\/index.php\/wp-json\/wp\/v2\/pages\/1166\/revisions\/2761"}],"wp:attachment":[{"href":"https:\/\/ldstudio.si\/index.php\/wp-json\/wp\/v2\/media?parent=1166"}],"curies":[{"name":"wp","href":"https:\/\/api.w.org\/{rel}","templated":true}]}}